{"id":129590,"date":"2026-05-07T05:30:18","date_gmt":"2026-05-07T08:30:18","guid":{"rendered":"https:\/\/www.hediyepazar.com\/?product=5-silikon-hediyeli-40w-silikon-tabancasi-ev-ve-hobi-kullanimi"},"modified":"2026-05-07T05:30:18","modified_gmt":"2026-05-07T08:30:18","slug":"5-silikon-hediyeli-40w-silikon-tabancasi-ev-ve-hobi-kullanimi","status":"publish","type":"product","link":"https:\/\/www.hediyepazar.com\/?product=5-silikon-hediyeli-40w-silikon-tabancasi-ev-ve-hobi-kullanimi","title":{"rendered":"5 Silikon Hediyeli 40W Silikon Tabancas\u0131 Ev ve Hobi Kullan\u0131m\u0131"},"content":{"rendered":"<p>5 silikon hediyeli 40W s\u0131cak silikon tabancas\u0131, pratik yap\u0131\u015ft\u0131rma i\u015flemleri i\u00e7in tasarlanm\u0131\u015f fonksiyonel bir \u00fcr\u00fcnd\u00fcr. G\u00fc\u00e7l\u00fc 40W performans\u0131 sayesinde silikon \u00e7ubuklar\u0131 k\u0131sa s\u00fcrede eriterek h\u0131zl\u0131 kullan\u0131m sa\u011flar. Paket i\u00e7eri\u011finde yer alan 5 adet silikon \u00e7ubuk, \u00fcr\u00fcn\u00fc daha avantajl\u0131 ve kullan\u0131ma haz\u0131r hale getirir.Ergonomik tutma sap\u0131, rahat kavrama sunar ve uzun s\u00fcreli kullan\u0131mlarda konfor sa\u011flar. Metal u\u00e7, \u0131s\u0131n\u0131n dengeli yay\u0131lmas\u0131n\u0131 sa\u011flar.S\u0131cak silikon tabancas\u0131; evde yap\u0131lan tamiratlar, hobi projeleri, s\u00fcsleme \u00e7al\u0131\u015fmalar\u0131 ve el i\u015fi uygulamalar\u0131 i\u00e7in uygundur. Ah\u015fap, plastik, karton ve kuma\u015f gibi bir\u00e7ok y\u00fczeyle uyumlu \u00e7al\u0131\u015f\u0131r. G\u00fcnl\u00fck kullan\u0131mda pratiklik sunar ve karma\u015f\u0131k kullan\u0131m gerektirmez.Is\u0131ya dayan\u0131kl\u0131 g\u00f6vde yap\u0131s\u0131, g\u00fcvenli bir kullan\u0131m deneyimi sunar. A\u00e7ma kapama d\u00fc\u011fmesi sayesinde kontrol tamamen sizdedir. Kompakt tasar\u0131m\u0131 ile az yer kaplar ve kolay saklan\u0131r.5 silikon hediyeli bu \u00fcr\u00fcn, fiyat performans a\u00e7\u0131s\u0131ndan avantajl\u0131 bir se\u00e7enektir. Hem ev kullan\u0131c\u0131lar\u0131 hem de hobiyle ilgilenenler i\u00e7in g\u00fcvenilir ve kullan\u0131\u015fl\u0131 bir s\u0131cak silikon tabancas\u0131d\u0131r.<\/p>\n","protected":false},"excerpt":{"rendered":"<p>5 silikon hediyeli 40W s\u0131cak silikon tabancas\u0131, pratik yap\u0131\u015ft\u0131rma i\u015flemleri i\u00e7in tasarlanm\u0131\u015f fonksiyonel bir \u00fcr\u00fcnd\u00fcr. G\u00fc\u00e7l\u00fc 40W performans\u0131 sayesinde silikon \u00e7ubuklar\u0131 k\u0131sa s\u00fcrede eriterek h\u0131zl\u0131 kullan\u0131m sa\u011flar. Paket i\u00e7eri\u011finde yer alan 5 adet silikon \u00e7ubuk, \u00fcr\u00fcn\u00fc daha avantajl\u0131 ve kullan\u0131ma haz\u0131r hale getirir.Ergonomik tutma sap\u0131, rahat kavrama sunar ve uzun s\u00fcreli kullan\u0131mlarda konfor sa\u011flar. Metal&#8230;<\/p>\n","protected":false},"featured_media":129589,"comment_status":"open","ping_status":"closed","template":"","meta":{"_kad_post_transparent":"","_kad_post_title":"","_kad_post_layout":"","_kad_post_sidebar_id":"","_kad_post_content_style":"","_kad_post_vertical_padding":"","_kad_post_feature":"","_kad_post_feature_position":"","_kad_post_header":false,"_kad_post_footer":false,"_kad_post_classname":""},"product_brand":[],"product_cat":[15314],"product_tag":[],"class_list":{"0":"post-129590","1":"product","2":"type-product","3":"status-publish","4":"has-post-thumbnail","6":"product_cat-silikon-tabancasi-manuel-el-aletleri-hirdavat-banyo-yapi-hirdavat-silikon-tabancasi-manuel-el-aletleri","8":"first","9":"instock","10":"purchasable","11":"product-type-simple","12":"entry","13":"content-bg","14":"loop-entry"},"_links":{"self":[{"href":"https:\/\/www.hediyepazar.com\/index.php?rest_route=\/wp\/v2\/product\/129590","targetHints":{"allow":["GET"]}}],"collection":[{"href":"https:\/\/www.hediyepazar.com\/index.php?rest_route=\/wp\/v2\/product"}],"about":[{"href":"https:\/\/www.hediyepazar.com\/index.php?rest_route=\/wp\/v2\/types\/product"}],"replies":[{"embeddable":true,"href":"https:\/\/www.hediyepazar.com\/index.php?rest_route=%2Fwp%2Fv2%2Fcomments&post=129590"}],"wp:featuredmedia":[{"embeddable":true,"href":"https:\/\/www.hediyepazar.com\/index.php?rest_route=\/wp\/v2\/media\/129589"}],"wp:attachment":[{"href":"https:\/\/www.hediyepazar.com\/index.php?rest_route=%2Fwp%2Fv2%2Fmedia&parent=129590"}],"wp:term":[{"taxonomy":"product_brand","embeddable":true,"href":"https:\/\/www.hediyepazar.com\/index.php?rest_route=%2Fwp%2Fv2%2Fproduct_brand&post=129590"},{"taxonomy":"product_cat","embeddable":true,"href":"https:\/\/www.hediyepazar.com\/index.php?rest_route=%2Fwp%2Fv2%2Fproduct_cat&post=129590"},{"taxonomy":"product_tag","embeddable":true,"href":"https:\/\/www.hediyepazar.com\/index.php?rest_route=%2Fwp%2Fv2%2Fproduct_tag&post=129590"}],"curies":[{"name":"wp","href":"https:\/\/api.w.org\/{rel}","templated":true}]}}