{"id":129602,"date":"2026-05-07T05:32:21","date_gmt":"2026-05-07T08:32:21","guid":{"rendered":"https:\/\/www.hediyepazar.com\/?product=g-58-akilli-saat-2"},"modified":"2026-05-07T05:32:21","modified_gmt":"2026-05-07T08:32:21","slug":"g-58-akilli-saat-2","status":"publish","type":"product","link":"https:\/\/www.hediyepazar.com\/?product=g-58-akilli-saat-2","title":{"rendered":"G 58 AKILLI SAAT"},"content":{"rendered":"<p>Sim Kart: Yok \tHaf\u0131za Kart\u0131: Yok \t \t \tFonksiyonlar: Kablosuz \u015farj, Bluetooth Sesli G\u00f6r\u00fc\u015fme, Yak\u0131nlar\u0131n sa\u011fl\u0131k verilerini g\u00f6r\u00fcnt\u00fcleme, C\u00fczdan, Ad\u0131msayar, Kalori \u00f6l\u00e7\u00fcm\u00fc, Mesafe \u00f6l\u00e7\u00fcm\u00fc, Spor modlar\u0131, Kol hareketi ile ekran uyand\u0131rma, Uyku Analizi, Arama hat\u0131rlat\u0131c\u0131s\u0131, Mesaj Bildirimleri, Oturma\/Kalkma Uyar\u0131s\u0131, Ba\u011f\u0131ms\u0131z Alarm, Kronometre, Saat Bul, Hava Durumu, Ekran Kilidi, Numara \u00c7evirme Ekran\u0131, K\u0131sayol Men\u00fcleri, 3D Dinamik Kadran Deste\u011fi, Bas\u0131n\u00e7 \u00d6l\u00e7\u00fcm\u00fc, M\u00fczik Kontrol, Nefes Egzersizleri, Nab\u0131z \u00d6l\u00e7\u00fcm\u00fc, Kan Bas\u0131n\u00e7 \u00d6l\u00e7\u00fcm\u00fc, Hesap Makinesi, Sosyal Medya Bildirimleri, Parlakl\u0131k Ayar\u0131, NFC, G\u00fc\u00e7 Tasarrufu Modu. \tDesteklenen Diller: T\u00fcrk\u00e7e, \u0130ngilizce, \u00c7ince, Geleneksel \u00c7ince, Danca, Yunanca, Latin, Romence, \u0130branice, \u00c7ek\u00e7e, Leh\u00e7e, \u0130spanyolca, Almanca, Rus\u00e7a, Portekizce, Frans\u0131zca, Japonca, \u0130talyan, Vietnamca, Korece, Arap\u00e7a, Farsi \tKutu \u0130\u00e7eri\u011fi: GT58 Ak\u0131ll\u0131 Saat + 3 Kordon + Anahtarl\u0131k + Wireless \u015earj Kablosu + Kullanma K\u0131lavuzu<\/p>\n","protected":false},"excerpt":{"rendered":"<p>Sim Kart: Yok Haf\u0131za Kart\u0131: Yok Fonksiyonlar: Kablosuz \u015farj, Bluetooth Sesli G\u00f6r\u00fc\u015fme, Yak\u0131nlar\u0131n sa\u011fl\u0131k verilerini g\u00f6r\u00fcnt\u00fcleme, C\u00fczdan, Ad\u0131msayar, Kalori \u00f6l\u00e7\u00fcm\u00fc, Mesafe \u00f6l\u00e7\u00fcm\u00fc, Spor modlar\u0131, Kol hareketi ile ekran uyand\u0131rma, Uyku Analizi, Arama hat\u0131rlat\u0131c\u0131s\u0131, Mesaj Bildirimleri, Oturma\/Kalkma Uyar\u0131s\u0131, Ba\u011f\u0131ms\u0131z Alarm, Kronometre, Saat Bul, Hava Durumu, Ekran Kilidi, Numara \u00c7evirme Ekran\u0131, K\u0131sayol Men\u00fcleri, 3D Dinamik Kadran Deste\u011fi,&#8230;<\/p>\n","protected":false},"featured_media":129601,"comment_status":"open","ping_status":"closed","template":"","meta":{"_kad_post_transparent":"","_kad_post_title":"","_kad_post_layout":"","_kad_post_sidebar_id":"","_kad_post_content_style":"","_kad_post_vertical_padding":"","_kad_post_feature":"","_kad_post_feature_position":"","_kad_post_header":false,"_kad_post_footer":false,"_kad_post_classname":""},"product_brand":[],"product_cat":[14935],"product_tag":[],"class_list":{"0":"post-129602","1":"product","2":"type-product","3":"status-publish","4":"has-post-thumbnail","6":"product_cat-akilli-saatler-akilli-saatler","8":"first","9":"instock","10":"purchasable","11":"product-type-simple","12":"entry","13":"content-bg","14":"loop-entry"},"_links":{"self":[{"href":"https:\/\/www.hediyepazar.com\/index.php?rest_route=\/wp\/v2\/product\/129602","targetHints":{"allow":["GET"]}}],"collection":[{"href":"https:\/\/www.hediyepazar.com\/index.php?rest_route=\/wp\/v2\/product"}],"about":[{"href":"https:\/\/www.hediyepazar.com\/index.php?rest_route=\/wp\/v2\/types\/product"}],"replies":[{"embeddable":true,"href":"https:\/\/www.hediyepazar.com\/index.php?rest_route=%2Fwp%2Fv2%2Fcomments&post=129602"}],"wp:featuredmedia":[{"embeddable":true,"href":"https:\/\/www.hediyepazar.com\/index.php?rest_route=\/wp\/v2\/media\/129601"}],"wp:attachment":[{"href":"https:\/\/www.hediyepazar.com\/index.php?rest_route=%2Fwp%2Fv2%2Fmedia&parent=129602"}],"wp:term":[{"taxonomy":"product_brand","embeddable":true,"href":"https:\/\/www.hediyepazar.com\/index.php?rest_route=%2Fwp%2Fv2%2Fproduct_brand&post=129602"},{"taxonomy":"product_cat","embeddable":true,"href":"https:\/\/www.hediyepazar.com\/index.php?rest_route=%2Fwp%2Fv2%2Fproduct_cat&post=129602"},{"taxonomy":"product_tag","embeddable":true,"href":"https:\/\/www.hediyepazar.com\/index.php?rest_route=%2Fwp%2Fv2%2Fproduct_tag&post=129602"}],"curies":[{"name":"wp","href":"https:\/\/api.w.org\/{rel}","templated":true}]}}