{"id":129604,"date":"2026-05-07T05:32:28","date_gmt":"2026-05-07T08:32:28","guid":{"rendered":"https:\/\/www.hediyepazar.com\/?product=rs12-pro-2025-serisi-garantili-akilli-saat"},"modified":"2026-05-07T05:32:28","modified_gmt":"2026-05-07T08:32:28","slug":"rs12-pro-2025-serisi-garantili-akilli-saat","status":"publish","type":"product","link":"https:\/\/www.hediyepazar.com\/?product=rs12-pro-2025-serisi-garantili-akilli-saat","title":{"rendered":"RS12 PRO+ 2025 Serisi Garantili Ak\u0131ll\u0131 Saat"},"content":{"rendered":"<p>RS12 PRO+ ak\u0131ll\u0131 saat, 2025 serisinin en dikkat \u00e7eken modellerinden biri olarak, modern teknolojiyle klasik tasar\u0131m\u0131 bir araya getiriyor. Ak\u0131ll\u0131 saat kullan\u0131c\u0131lar\u0131n\u0131n g\u00fcnl\u00fck ihtiya\u00e7lar\u0131na en \u00fcst d\u00fczeyde yan\u0131t vermek \u00fczere \u00f6zel olarak tasarlanan bu model; titanyum ala\u015f\u0131ml\u0131 g\u00f6vdesi, geli\u015fmi\u015f 3D AMOLED ekran\u0131, 2GB dahili haf\u0131zas\u0131, ChatGPT destekli yapay zek\u00e2 asistan\u0131, uzun batarya \u00f6mr\u00fc ve daha pek \u00e7ok \u00f6zellik ile donat\u0131lm\u0131\u015ft\u0131r.45 mm kasa \u00e7ap\u0131yla hem kad\u0131nlar hem erkekler i\u00e7in ideal boyutta olan RS12 PRO+, hafifli\u011fi ve zarif tasar\u0131m\u0131yla bile\u011finizde \u015f\u0131k bir duru\u015f sunar. Web color g\u00fcm\u00fc\u015f olarak adland\u0131r\u0131lan \u00f6zel kasa rengi, klasik saat g\u00f6r\u00fcn\u00fcm\u00fcn\u00fc teknolojik detaylarla birle\u015ftirerek, \u00fcr\u00fcn\u00fcn hem spor hem de ofis ortam\u0131na kolayca uyum sa\u011flamas\u0131n\u0131 m\u00fcmk\u00fcn k\u0131lar.\u00d6ne \u00e7\u0131kan \u00f6zelliklerinden biri olan 1.96 in\u00e7 boyutundaki full ekran, AMOLED panel sayesinde ola\u011fan\u00fcst\u00fc renk doygunlu\u011fu ve g\u00f6r\u00fcnt\u00fc netli\u011fi sunar. Dokunmatik hassasiyeti y\u00fcksek olan bu ekran, hem g\u00fcnd\u00fcz hem gece m\u00fckemmel bir g\u00f6r\u00fc\u015f deneyimi sa\u011flar. Men\u00fcler aras\u0131nda ge\u00e7i\u015f yaparken donma veya gecikme ya\u015fanmaz, ekran parlakl\u0131\u011f\u0131 ortam \u0131\u015f\u0131\u011f\u0131na g\u00f6re otomatik olarak uyarlan\u0131r.Cihaz\u0131n 2GB dahili haf\u0131zas\u0131, piyasadaki bir\u00e7ok ak\u0131ll\u0131 saate g\u00f6re fark yarat\u0131r. Bu sayede m\u00fcziklerinizi do\u011frudan saat \u00fczerinden dinleyebilir, favori uygulamalar\u0131n\u0131z\u0131 y\u00fckleyebilir ve haf\u0131zay\u0131 etkin \u015fekilde kullanabilirsiniz. Bluetooth kulakl\u0131kla e\u015fle\u015ftirerek telefona ihtiya\u00e7 duymadan m\u00fczik keyfi ya\u015fayabilirsiniz.Yapay zek\u00e2 destekli ChatGPT entegrasyonu, RS12 PRO+\u2019u s\u0131radan bir saatten fazlas\u0131 haline getiriyor. Saat \u00fczerinden hava durumu \u00f6\u011frenebilir, hat\u0131rlat\u0131c\u0131 kurabilir, \u00f6neriler alabilir ya da do\u011frudan sorular sorarak ki\u015fisel dijital asistan\u0131n\u0131zla ileti\u015fim kurabilirsiniz. Bu \u00f6zellik, yo\u011fun i\u015f temposu olan kullan\u0131c\u0131lar i\u00e7in ciddi bir kolayl\u0131k sunar.Sa\u011fl\u0131k takibi konusunda da geli\u015fmi\u015f \u00f6zelliklerle donat\u0131lan RS12 PRO+, nab\u0131z \u00f6l\u00e7\u00fcm\u00fc, uyku analizi, ad\u0131m sayar, kalori hesaplama, hareket hat\u0131rlat\u0131c\u0131lar\u0131 ve spor modlar\u0131 gibi bir\u00e7ok fonksiyona sahiptir. Nab\u0131z sens\u00f6r\u00fc, g\u00fcn i\u00e7inde de\u011fi\u015fen kalp ritmini izleyerek sizi bilgilendirirken, geli\u015fmi\u015f uyku takibi \u00f6zelli\u011fi, gece boyunca ald\u0131\u011f\u0131n\u0131z uykunun kalitesini detayl\u0131 olarak raporlar. GPS deste\u011fi sayesinde ko\u015fu veya y\u00fcr\u00fcy\u00fc\u015f yaparken izledi\u011finiz rota harita \u00fczerinde izlenebilir, mesafe ve h\u0131z verileri de kaydedilir.Suya ve toza dayan\u0131kl\u0131 yap\u0131s\u0131 (IP dereceli koruma), RS12 PRO+\u2019u hem d\u0131\u015f mek\u00e2n sporlar\u0131nda hem de zorlu hava ko\u015fullar\u0131nda g\u00fcvenle kullanman\u0131za olanak tan\u0131r. Terleme, ya\u011fmur veya su s\u0131\u00e7ramalar\u0131 gibi g\u00fcnl\u00fck durumlarda ekstra koruma sa\u011flar. Titanyum g\u00f6vde ise uzun \u00f6m\u00fcrl\u00fc kullan\u0131m ve darbelere kar\u015f\u0131 y\u00fcksek diren\u00e7 sunar.Sesli g\u00f6r\u00fc\u015fme deste\u011fi, RS12 PRO+\u2019un \u00f6ne \u00e7\u0131kan pratik \u00f6zelliklerinden biridir. Telefon cebinizdeyken ya da ula\u015famad\u0131\u011f\u0131n\u0131zda, gelen \u00e7a\u011fr\u0131lara saatiniz \u00fczerinden yan\u0131t verebilir ya da do\u011frudan arama yapabilirsiniz. Entegre mikrofon ve hoparl\u00f6r ile net ve g\u00fc\u00e7l\u00fc bir ses aktar\u0131m\u0131 sa\u011flan\u0131r. Titre\u015fimli uyar\u0131lar sayesinde hi\u00e7bir bildirimi ka\u00e7\u0131rmazs\u0131n\u0131z.T\u00fcm bu \u00f6zelliklere ra\u011fmen RS12 PRO+, 300\u2013400 mAh kapasiteli bataryas\u0131yla uzun kullan\u0131m s\u00fcresi sunar. Ak\u0131ll\u0131 enerji y\u00f6netimi sayesinde cihaz, standart kullan\u0131mda tam \u015farjla 1\u20132 g\u00fcn\u00fc rahatl\u0131kla \u00e7\u0131karabilir. Yo\u011fun kullan\u0131mda dahi kesintisiz performans sergiler.\u00dcr\u00fcn, garantili olarak sat\u0131\u015fa sunulmakta ve \u00f6zel \u00fcretim serisinin bir par\u00e7as\u0131 olmas\u0131 nedeniyle s\u0131n\u0131rl\u0131 say\u0131da temin edilmektedir. Yeti\u015fkin kullan\u0131c\u0131lar i\u00e7in \u00f6zel olarak optimize edilen bu saat, hem i\u015flevsellik hem tasar\u0131m hem de konfor a\u00e7\u0131s\u0131ndan beklentilerin \u00f6tesine ge\u00e7iyor.<\/p>\n","protected":false},"excerpt":{"rendered":"<p>RS12 PRO+ ak\u0131ll\u0131 saat, 2025 serisinin en dikkat \u00e7eken modellerinden biri olarak, modern teknolojiyle klasik tasar\u0131m\u0131 bir araya getiriyor. Ak\u0131ll\u0131 saat kullan\u0131c\u0131lar\u0131n\u0131n g\u00fcnl\u00fck ihtiya\u00e7lar\u0131na en \u00fcst d\u00fczeyde yan\u0131t vermek \u00fczere \u00f6zel olarak tasarlanan bu model; titanyum ala\u015f\u0131ml\u0131 g\u00f6vdesi, geli\u015fmi\u015f 3D AMOLED ekran\u0131, 2GB dahili haf\u0131zas\u0131, ChatGPT destekli yapay zek\u00e2 asistan\u0131, uzun batarya \u00f6mr\u00fc ve daha&#8230;<\/p>\n","protected":false},"featured_media":129603,"comment_status":"open","ping_status":"closed","template":"","meta":{"_kad_post_transparent":"","_kad_post_title":"","_kad_post_layout":"","_kad_post_sidebar_id":"","_kad_post_content_style":"","_kad_post_vertical_padding":"","_kad_post_feature":"","_kad_post_feature_position":"","_kad_post_header":false,"_kad_post_footer":false,"_kad_post_classname":""},"product_brand":[],"product_cat":[14935],"product_tag":[],"class_list":{"0":"post-129604","1":"product","2":"type-product","3":"status-publish","4":"has-post-thumbnail","6":"product_cat-akilli-saatler-akilli-saatler","8":"first","9":"instock","10":"purchasable","11":"product-type-simple","12":"entry","13":"content-bg","14":"loop-entry"},"_links":{"self":[{"href":"https:\/\/www.hediyepazar.com\/index.php?rest_route=\/wp\/v2\/product\/129604","targetHints":{"allow":["GET"]}}],"collection":[{"href":"https:\/\/www.hediyepazar.com\/index.php?rest_route=\/wp\/v2\/product"}],"about":[{"href":"https:\/\/www.hediyepazar.com\/index.php?rest_route=\/wp\/v2\/types\/product"}],"replies":[{"embeddable":true,"href":"https:\/\/www.hediyepazar.com\/index.php?rest_route=%2Fwp%2Fv2%2Fcomments&post=129604"}],"wp:featuredmedia":[{"embeddable":true,"href":"https:\/\/www.hediyepazar.com\/index.php?rest_route=\/wp\/v2\/media\/129603"}],"wp:attachment":[{"href":"https:\/\/www.hediyepazar.com\/index.php?rest_route=%2Fwp%2Fv2%2Fmedia&parent=129604"}],"wp:term":[{"taxonomy":"product_brand","embeddable":true,"href":"https:\/\/www.hediyepazar.com\/index.php?rest_route=%2Fwp%2Fv2%2Fproduct_brand&post=129604"},{"taxonomy":"product_cat","embeddable":true,"href":"https:\/\/www.hediyepazar.com\/index.php?rest_route=%2Fwp%2Fv2%2Fproduct_cat&post=129604"},{"taxonomy":"product_tag","embeddable":true,"href":"https:\/\/www.hediyepazar.com\/index.php?rest_route=%2Fwp%2Fv2%2Fproduct_tag&post=129604"}],"curies":[{"name":"wp","href":"https:\/\/api.w.org\/{rel}","templated":true}]}}