{"id":129618,"date":"2026-05-07T05:33:10","date_gmt":"2026-05-07T08:33:10","guid":{"rendered":"https:\/\/www.hediyepazar.com\/?product=ev-tipi-720p-hd-projeksiyon-cihazi"},"modified":"2026-05-07T05:33:10","modified_gmt":"2026-05-07T08:33:10","slug":"ev-tipi-720p-hd-projeksiyon-cihazi","status":"publish","type":"product","link":"https:\/\/www.hediyepazar.com\/?product=ev-tipi-720p-hd-projeksiyon-cihazi","title":{"rendered":"Ev Tipi 720p HD Projeksiyon Cihaz\u0131"},"content":{"rendered":"<p>Evde sinema keyfini yeniden tan\u0131mlayan bu 720p HD projeksiyon cihaz\u0131, \u00fcst\u00fcn g\u00f6r\u00fcnt\u00fc kalitesi ve uzun \u00f6m\u00fcrl\u00fc performans\u0131yla dikkat \u00e7ekiyor. 1280 x 720p \u00e7\u00f6z\u00fcn\u00fcrl\u00fck, her ayr\u0131nt\u0131y\u0131 canl\u0131 ve net bir \u015fekilde g\u00f6rmenizi sa\u011flar. Film izlerken, dizi maratonlar\u0131na dalarken veya ma\u00e7lar\u0131 takip ederken g\u00f6z al\u0131c\u0131 renklerle sinema kalitesinde bir deneyim ya\u015fars\u0131n\u0131z.Geni\u015f ekran yans\u0131tma kapasitesi sayesinde k\u00fc\u00e7\u00fck alanlar\u0131 bile b\u00fcy\u00fck bir sinema salonuna d\u00f6n\u00fc\u015ft\u00fcrebilirsiniz. Parlak ve kontrastl\u0131 g\u00f6r\u00fcnt\u00fc yap\u0131s\u0131, karanl\u0131k ortamlarda bile net bir g\u00f6r\u00fcn\u00fcm sa\u011flar. Oyun oynamay\u0131 sevenler i\u00e7in d\u00fc\u015f\u00fck gecikme s\u00fcresiyle y\u00fcksek performans sunar.10.000 saatlik ampul \u00f6mr\u00fc, cihaz\u0131 y\u0131llarca sorunsuz kullanabilmenizi sa\u011flar. Bu dayan\u0131kl\u0131 ampul teknolojisi sayesinde s\u0131k s\u0131k de\u011fi\u015fim yapma ihtiyac\u0131 ortadan kalkar ve enerji verimlili\u011fiyle uzun s\u00fcreli tasarruf sa\u011flar.Kompakt tasar\u0131m\u0131yla kolay ta\u015f\u0131nabilir, oturma odas\u0131ndan yatak odas\u0131na kadar her yerde kullan\u0131labilir. HDMI, USB giri\u015fleri sayesinde bilgisayar, telefon, oyun konsolu veya TV box cihazlar\u0131n\u0131zla kolay ba\u011flant\u0131 kurabilirsiniz.Evde sinema deneyimini \u00fcst seviyeye ta\u015f\u0131mak istiyorsan\u0131z, bu projeksiyon cihaz\u0131 g\u00f6r\u00fcnt\u00fc kalitesi, dayan\u0131kl\u0131l\u0131\u011f\u0131 ve kullan\u0131m kolayl\u0131\u011f\u0131yla m\u00fckemmel bir tercih!<\/p>\n","protected":false},"excerpt":{"rendered":"<p>Evde sinema keyfini yeniden tan\u0131mlayan bu 720p HD projeksiyon cihaz\u0131, \u00fcst\u00fcn g\u00f6r\u00fcnt\u00fc kalitesi ve uzun \u00f6m\u00fcrl\u00fc performans\u0131yla dikkat \u00e7ekiyor. 1280 x 720p \u00e7\u00f6z\u00fcn\u00fcrl\u00fck, her ayr\u0131nt\u0131y\u0131 canl\u0131 ve net bir \u015fekilde g\u00f6rmenizi sa\u011flar. Film izlerken, dizi maratonlar\u0131na dalarken veya ma\u00e7lar\u0131 takip ederken g\u00f6z al\u0131c\u0131 renklerle sinema kalitesinde bir deneyim ya\u015fars\u0131n\u0131z.Geni\u015f ekran yans\u0131tma kapasitesi sayesinde k\u00fc\u00e7\u00fck alanlar\u0131&#8230;<\/p>\n","protected":false},"featured_media":129617,"comment_status":"open","ping_status":"closed","template":"","meta":{"_kad_post_transparent":"","_kad_post_title":"","_kad_post_layout":"","_kad_post_sidebar_id":"","_kad_post_content_style":"","_kad_post_vertical_padding":"","_kad_post_feature":"","_kad_post_feature_position":"","_kad_post_header":false,"_kad_post_footer":false,"_kad_post_classname":""},"product_brand":[],"product_cat":[14905],"product_tag":[],"class_list":{"0":"post-129618","1":"product","2":"type-product","3":"status-publish","4":"has-post-thumbnail","6":"product_cat-projeksiyon-projeksiyon","8":"first","9":"instock","10":"purchasable","11":"product-type-simple","12":"entry","13":"content-bg","14":"loop-entry"},"_links":{"self":[{"href":"https:\/\/www.hediyepazar.com\/index.php?rest_route=\/wp\/v2\/product\/129618","targetHints":{"allow":["GET"]}}],"collection":[{"href":"https:\/\/www.hediyepazar.com\/index.php?rest_route=\/wp\/v2\/product"}],"about":[{"href":"https:\/\/www.hediyepazar.com\/index.php?rest_route=\/wp\/v2\/types\/product"}],"replies":[{"embeddable":true,"href":"https:\/\/www.hediyepazar.com\/index.php?rest_route=%2Fwp%2Fv2%2Fcomments&post=129618"}],"wp:featuredmedia":[{"embeddable":true,"href":"https:\/\/www.hediyepazar.com\/index.php?rest_route=\/wp\/v2\/media\/129617"}],"wp:attachment":[{"href":"https:\/\/www.hediyepazar.com\/index.php?rest_route=%2Fwp%2Fv2%2Fmedia&parent=129618"}],"wp:term":[{"taxonomy":"product_brand","embeddable":true,"href":"https:\/\/www.hediyepazar.com\/index.php?rest_route=%2Fwp%2Fv2%2Fproduct_brand&post=129618"},{"taxonomy":"product_cat","embeddable":true,"href":"https:\/\/www.hediyepazar.com\/index.php?rest_route=%2Fwp%2Fv2%2Fproduct_cat&post=129618"},{"taxonomy":"product_tag","embeddable":true,"href":"https:\/\/www.hediyepazar.com\/index.php?rest_route=%2Fwp%2Fv2%2Fproduct_tag&post=129618"}],"curies":[{"name":"wp","href":"https:\/\/api.w.org\/{rel}","templated":true}]}}