{"id":129679,"date":"2026-05-07T05:43:13","date_gmt":"2026-05-07T08:43:13","guid":{"rendered":"https:\/\/www.hediyepazar.com\/?product=k68-mini-bluetooth-kulaklik-2"},"modified":"2026-05-07T05:43:13","modified_gmt":"2026-05-07T08:43:13","slug":"k68-mini-bluetooth-kulaklik-2","status":"publish","type":"product","link":"https:\/\/www.hediyepazar.com\/?product=k68-mini-bluetooth-kulaklik-2","title":{"rendered":"K68 M\u0130N\u0130 BLUETOOTH KULAKLIK"},"content":{"rendered":"<p>K68 Bluetooth Kulakl\u0131\u011f\u0131 Bluetooth s\u00fcr\u00fcm\u00fc: 5.1 2.Bluetooth Etkili Mesafe: 10mMikrofon Hassasiyeti: -42DBV \/ PAKapasite: 32mAh (kulakl\u0131k) \/ 380mAh (\u015farj kutusu)M\u00fczik \u00e7alma s\u00fcresi: 5-6h (bir \u015farj) 18H \u015farj kutusu ile\u015earj s\u00fcresi: 1.5 saat (kulakl\u0131k) \/ 2 saat (\u015farj kutusu) Minimum e\u015fle\u015ftirme, kapa\u011f\u0131 a\u00e7t\u0131ktan hemen sonra ba\u011flan\u0131n 60ms d\u00fc\u015f\u00fck gecikme + hassasiyetli \u00f6zel m\u00fcnhas\u0131r oyun \u00d6zel efektler, e\u011flenceli ve damlayan bir oyun deneyiminin tad\u0131n\u0131 \u00e7\u0131kar\u0131n. \u0130kili mikrofon d\u00fc\u015f\u00fcr\u00fcc\u00fc i\u015flemi, g\u00fcr\u00fclt\u00fcy\u00fc g\u00f6rmezden gelir ve daha d\u00fczg\u00fcn bir \u015fekilde ileti\u015fim kurar. \u0130kili mikrofonlar dahili ve harici sesleri tespit eder ve ses dalgalar\u0131 hareketli bobin \u00fcnitesi y\u00f6n\u00fcnde iptal eder ve g\u00fcr\u00fclt\u00fcy\u00fc azalt\u0131r, b\u00f6ylece rahats\u0131z edici g\u00fcr\u00fclt\u00fcl\u00fc d\u00fcnya an\u0131nda safl\u0131\u011fa geri y\u00fcklenebilir.<\/p>\n","protected":false},"excerpt":{"rendered":"<p>K68 Bluetooth Kulakl\u0131\u011f\u0131 Bluetooth s\u00fcr\u00fcm\u00fc: 5.1 2.Bluetooth Etkili Mesafe: 10mMikrofon Hassasiyeti: -42DBV \/ PAKapasite: 32mAh (kulakl\u0131k) \/ 380mAh (\u015farj kutusu)M\u00fczik \u00e7alma s\u00fcresi: 5-6h (bir \u015farj) 18H \u015farj kutusu ile\u015earj s\u00fcresi: 1.5 saat (kulakl\u0131k) \/ 2 saat (\u015farj kutusu) Minimum e\u015fle\u015ftirme, kapa\u011f\u0131 a\u00e7t\u0131ktan hemen sonra ba\u011flan\u0131n 60ms d\u00fc\u015f\u00fck gecikme + hassasiyetli \u00f6zel m\u00fcnhas\u0131r oyun \u00d6zel efektler,&#8230;<\/p>\n","protected":false},"featured_media":129678,"comment_status":"open","ping_status":"closed","template":"","meta":{"_kad_post_transparent":"","_kad_post_title":"","_kad_post_layout":"","_kad_post_sidebar_id":"","_kad_post_content_style":"","_kad_post_vertical_padding":"","_kad_post_feature":"","_kad_post_feature_position":"","_kad_post_header":false,"_kad_post_footer":false,"_kad_post_classname":""},"product_brand":[],"product_cat":[14957],"product_tag":[],"class_list":{"0":"post-129679","1":"product","2":"type-product","3":"status-publish","4":"has-post-thumbnail","6":"product_cat-kablosuz-kulaklik-kablosuz-kulaklik","8":"first","9":"instock","10":"purchasable","11":"product-type-simple","12":"entry","13":"content-bg","14":"loop-entry"},"_links":{"self":[{"href":"https:\/\/www.hediyepazar.com\/index.php?rest_route=\/wp\/v2\/product\/129679","targetHints":{"allow":["GET"]}}],"collection":[{"href":"https:\/\/www.hediyepazar.com\/index.php?rest_route=\/wp\/v2\/product"}],"about":[{"href":"https:\/\/www.hediyepazar.com\/index.php?rest_route=\/wp\/v2\/types\/product"}],"replies":[{"embeddable":true,"href":"https:\/\/www.hediyepazar.com\/index.php?rest_route=%2Fwp%2Fv2%2Fcomments&post=129679"}],"wp:featuredmedia":[{"embeddable":true,"href":"https:\/\/www.hediyepazar.com\/index.php?rest_route=\/wp\/v2\/media\/129678"}],"wp:attachment":[{"href":"https:\/\/www.hediyepazar.com\/index.php?rest_route=%2Fwp%2Fv2%2Fmedia&parent=129679"}],"wp:term":[{"taxonomy":"product_brand","embeddable":true,"href":"https:\/\/www.hediyepazar.com\/index.php?rest_route=%2Fwp%2Fv2%2Fproduct_brand&post=129679"},{"taxonomy":"product_cat","embeddable":true,"href":"https:\/\/www.hediyepazar.com\/index.php?rest_route=%2Fwp%2Fv2%2Fproduct_cat&post=129679"},{"taxonomy":"product_tag","embeddable":true,"href":"https:\/\/www.hediyepazar.com\/index.php?rest_route=%2Fwp%2Fv2%2Fproduct_tag&post=129679"}],"curies":[{"name":"wp","href":"https:\/\/api.w.org\/{rel}","templated":true}]}}