{"id":129689,"date":"2026-05-07T05:45:01","date_gmt":"2026-05-07T08:45:01","guid":{"rendered":"https:\/\/www.hediyepazar.com\/?product=p5-atari-3"},"modified":"2026-05-07T05:45:01","modified_gmt":"2026-05-07T08:45:01","slug":"p5-atari-3","status":"publish","type":"product","link":"https:\/\/www.hediyepazar.com\/?product=p5-atari-3","title":{"rendered":"P5 ATAR\u0130"},"content":{"rendered":"<p>Farkl\u0131 t\u00fcr ve d\u00f6nemlerden 520 klasik oyundan olu\u015fan geni\u015f bir k\u00fct\u00fcphaneye sahip P5\u2122 ControllerView Retro Konsol Dijital Oyun Oynat\u0131c\u0131 ile nostaljik bir yolculu\u011fa \u00e7\u0131k\u0131n. \t-Y\u00fcksek kapasiteli \u015farj edilebilir pili kesintisiz oyun oturumlar\u0131n\u0131 garanti etti\u011finden, s\u0131k s\u0131k pil de\u011fi\u015ftirmeye veda edin. \t-Ergonomi \u00f6n planda tutularak tasarlanan bu konsol, en uzun oyun \u00e7al\u0131\u015fmalar\u0131n\u0131zda konfor vaat ediyor. \t-Retro oyunlar\u0131n heyecan\u0131n\u0131 yeniden ke\u015ffedin ve P5\u2122 ControllerView Retro Konsolu ile oyun deneyiminizi geli\u015ftirin.<\/p>\n","protected":false},"excerpt":{"rendered":"<p>Farkl\u0131 t\u00fcr ve d\u00f6nemlerden 520 klasik oyundan olu\u015fan geni\u015f bir k\u00fct\u00fcphaneye sahip P5\u2122 ControllerView Retro Konsol Dijital Oyun Oynat\u0131c\u0131 ile nostaljik bir yolculu\u011fa \u00e7\u0131k\u0131n. -Y\u00fcksek kapasiteli \u015farj edilebilir pili kesintisiz oyun oturumlar\u0131n\u0131 garanti etti\u011finden, s\u0131k s\u0131k pil de\u011fi\u015ftirmeye veda edin. -Ergonomi \u00f6n planda tutularak tasarlanan bu konsol, en uzun oyun \u00e7al\u0131\u015fmalar\u0131n\u0131zda konfor vaat ediyor. -Retro&#8230;<\/p>\n","protected":false},"featured_media":129688,"comment_status":"open","ping_status":"closed","template":"","meta":{"_kad_post_transparent":"","_kad_post_title":"","_kad_post_layout":"","_kad_post_sidebar_id":"","_kad_post_content_style":"","_kad_post_vertical_padding":"","_kad_post_feature":"","_kad_post_feature_position":"","_kad_post_header":false,"_kad_post_footer":false,"_kad_post_classname":""},"product_brand":[],"product_cat":[14961],"product_tag":[],"class_list":{"0":"post-129689","1":"product","2":"type-product","3":"status-publish","4":"has-post-thumbnail","6":"product_cat-oyun-konsolu-oyun-konsolu","8":"first","9":"instock","10":"purchasable","11":"product-type-simple","12":"entry","13":"content-bg","14":"loop-entry"},"_links":{"self":[{"href":"https:\/\/www.hediyepazar.com\/index.php?rest_route=\/wp\/v2\/product\/129689","targetHints":{"allow":["GET"]}}],"collection":[{"href":"https:\/\/www.hediyepazar.com\/index.php?rest_route=\/wp\/v2\/product"}],"about":[{"href":"https:\/\/www.hediyepazar.com\/index.php?rest_route=\/wp\/v2\/types\/product"}],"replies":[{"embeddable":true,"href":"https:\/\/www.hediyepazar.com\/index.php?rest_route=%2Fwp%2Fv2%2Fcomments&post=129689"}],"wp:featuredmedia":[{"embeddable":true,"href":"https:\/\/www.hediyepazar.com\/index.php?rest_route=\/wp\/v2\/media\/129688"}],"wp:attachment":[{"href":"https:\/\/www.hediyepazar.com\/index.php?rest_route=%2Fwp%2Fv2%2Fmedia&parent=129689"}],"wp:term":[{"taxonomy":"product_brand","embeddable":true,"href":"https:\/\/www.hediyepazar.com\/index.php?rest_route=%2Fwp%2Fv2%2Fproduct_brand&post=129689"},{"taxonomy":"product_cat","embeddable":true,"href":"https:\/\/www.hediyepazar.com\/index.php?rest_route=%2Fwp%2Fv2%2Fproduct_cat&post=129689"},{"taxonomy":"product_tag","embeddable":true,"href":"https:\/\/www.hediyepazar.com\/index.php?rest_route=%2Fwp%2Fv2%2Fproduct_tag&post=129689"}],"curies":[{"name":"wp","href":"https:\/\/api.w.org\/{rel}","templated":true}]}}