{"id":129697,"date":"2026-05-07T05:46:00","date_gmt":"2026-05-07T08:46:00","guid":{"rendered":"https:\/\/www.hediyepazar.com\/?product=gamepad-520-retro-oyunlu-tasinabilir-el-konsolu-atari"},"modified":"2026-05-07T05:46:00","modified_gmt":"2026-05-07T08:46:00","slug":"gamepad-520-retro-oyunlu-tasinabilir-el-konsolu-atari","status":"publish","type":"product","link":"https:\/\/www.hediyepazar.com\/?product=gamepad-520-retro-oyunlu-tasinabilir-el-konsolu-atari","title":{"rendered":"Gamepad 520 Retro Oyunlu Ta\u015f\u0131nabilir El Konsolu Atari"},"content":{"rendered":"<p>520 klasik oyundan olu\u015fan geni\u015f oyun k\u00fct\u00fcphanesiyle P5\u2122 ControllerView Retro Konsol, sizi oyun d\u00fcnyas\u0131n\u0131n alt\u0131n \u00e7a\u011flar\u0131na g\u00f6t\u00fcr\u00fcyor. \u0130ster \u00e7ocuklu\u011funuzun en sevdi\u011finiz oyunlar\u0131n\u0131 yeniden ke\u015ffetmek isteyin, ister retro oyunlarla tan\u0131\u015fmak i\u00e7in ilk ad\u0131m\u0131 at\u0131n, bu konsol size s\u0131n\u0131rs\u0131z bir e\u011flence vaat ediyor.Uzun S\u00fcreli Oyun Keyfi \u0130\u00e7in Y\u00fcksek Kapasiteli Pil\u015earj edilebilir bataryas\u0131, s\u0131k pil de\u011fi\u015ftirme derdine son vererek kesintisiz bir oyun deneyimi sunar. Her \u015farjda uzun s\u00fcreli kullan\u0131m sa\u011flayan bu pil, sizi e\u011flenceden uzakla\u015ft\u0131rmadan oyun keyfini doya doya ya\u015faman\u0131za olanak tan\u0131r.Ergonomik Tasar\u0131m ve Kullan\u0131m Kolayl\u0131\u011f\u0131Uzun oyun oturumlar\u0131n\u0131 daha keyifli hale getirmek i\u00e7in ergonomik olarak tasarlanan bu konsol, ellerinizi yormadan konforlu bir kullan\u0131m sa\u011flar. Hafif ve kullan\u0131\u015fl\u0131 yap\u0131s\u0131, her ya\u015ftan oyuncunun rahat\u00e7a oynayabilmesi i\u00e7in idealdir.Televizyonunuza Ba\u011flanabilirlik ile B\u00fcy\u00fck Ekranda E\u011flenceRetro tasar\u0131m ile modern teknolojiyi bulu\u015fturan bu \u00f6zellik, evde ailecek oyun keyfi ya\u015famak i\u00e7in m\u00fckemmel bir se\u00e7enektir.T\u00fcm Zamanlar\u0131n En \u0130konik Oyunlar\u0131 Tek Bir KonsoldaAksiyon, macera, platform ve daha bir\u00e7ok t\u00fcrdeki unutulmaz oyunlarla dolu 520 oyunluk bir k\u00fct\u00fcphane sizi bekliyor. Oyun tarihine damga vurmu\u015f bu yap\u0131mlar, hem gen\u00e7lere hem de yeti\u015fkinlere hitap eden e\u015fsiz bir deneyim sunuyor.P5\u2122 ControllerView Retro Konsol, ge\u00e7mi\u015ften gelen oyunlar\u0131n b\u00fcy\u00fcs\u00fcn\u00fc g\u00fcn\u00fcm\u00fcz\u00fcn konforu ile birle\u015ftiriyor. Bu e\u015fsiz cihazla zaman\u0131n \u00f6tesine ge\u00e7meye haz\u0131r olun!<\/p>\n","protected":false},"excerpt":{"rendered":"<p>520 klasik oyundan olu\u015fan geni\u015f oyun k\u00fct\u00fcphanesiyle P5\u2122 ControllerView Retro Konsol, sizi oyun d\u00fcnyas\u0131n\u0131n alt\u0131n \u00e7a\u011flar\u0131na g\u00f6t\u00fcr\u00fcyor. \u0130ster \u00e7ocuklu\u011funuzun en sevdi\u011finiz oyunlar\u0131n\u0131 yeniden ke\u015ffetmek isteyin, ister retro oyunlarla tan\u0131\u015fmak i\u00e7in ilk ad\u0131m\u0131 at\u0131n, bu konsol size s\u0131n\u0131rs\u0131z bir e\u011flence vaat ediyor.Uzun S\u00fcreli Oyun Keyfi \u0130\u00e7in Y\u00fcksek Kapasiteli Pil\u015earj edilebilir bataryas\u0131, s\u0131k pil de\u011fi\u015ftirme derdine son&#8230;<\/p>\n","protected":false},"featured_media":129696,"comment_status":"open","ping_status":"closed","template":"","meta":{"_kad_post_transparent":"","_kad_post_title":"","_kad_post_layout":"","_kad_post_sidebar_id":"","_kad_post_content_style":"","_kad_post_vertical_padding":"","_kad_post_feature":"","_kad_post_feature_position":"","_kad_post_header":false,"_kad_post_footer":false,"_kad_post_classname":""},"product_brand":[],"product_cat":[14961],"product_tag":[],"class_list":{"0":"post-129697","1":"product","2":"type-product","3":"status-publish","4":"has-post-thumbnail","6":"product_cat-oyun-konsolu-oyun-konsolu","8":"first","9":"instock","10":"purchasable","11":"product-type-simple","12":"entry","13":"content-bg","14":"loop-entry"},"_links":{"self":[{"href":"https:\/\/www.hediyepazar.com\/index.php?rest_route=\/wp\/v2\/product\/129697","targetHints":{"allow":["GET"]}}],"collection":[{"href":"https:\/\/www.hediyepazar.com\/index.php?rest_route=\/wp\/v2\/product"}],"about":[{"href":"https:\/\/www.hediyepazar.com\/index.php?rest_route=\/wp\/v2\/types\/product"}],"replies":[{"embeddable":true,"href":"https:\/\/www.hediyepazar.com\/index.php?rest_route=%2Fwp%2Fv2%2Fcomments&post=129697"}],"wp:featuredmedia":[{"embeddable":true,"href":"https:\/\/www.hediyepazar.com\/index.php?rest_route=\/wp\/v2\/media\/129696"}],"wp:attachment":[{"href":"https:\/\/www.hediyepazar.com\/index.php?rest_route=%2Fwp%2Fv2%2Fmedia&parent=129697"}],"wp:term":[{"taxonomy":"product_brand","embeddable":true,"href":"https:\/\/www.hediyepazar.com\/index.php?rest_route=%2Fwp%2Fv2%2Fproduct_brand&post=129697"},{"taxonomy":"product_cat","embeddable":true,"href":"https:\/\/www.hediyepazar.com\/index.php?rest_route=%2Fwp%2Fv2%2Fproduct_cat&post=129697"},{"taxonomy":"product_tag","embeddable":true,"href":"https:\/\/www.hediyepazar.com\/index.php?rest_route=%2Fwp%2Fv2%2Fproduct_tag&post=129697"}],"curies":[{"name":"wp","href":"https:\/\/api.w.org\/{rel}","templated":true}]}}