{"id":129705,"date":"2026-05-07T05:47:01","date_gmt":"2026-05-07T08:47:01","guid":{"rendered":"https:\/\/www.hediyepazar.com\/?product=520in1-retro-el-konsolu-cocuk-ve-yetiskin-uyumlu-hd-goruntulu"},"modified":"2026-05-07T05:47:01","modified_gmt":"2026-05-07T08:47:01","slug":"520in1-retro-el-konsolu-cocuk-ve-yetiskin-uyumlu-hd-goruntulu","status":"publish","type":"product","link":"https:\/\/www.hediyepazar.com\/?product=520in1-retro-el-konsolu-cocuk-ve-yetiskin-uyumlu-hd-goruntulu","title":{"rendered":"520in1 Retro El Konsolu \u00c7ocuk ve Yeti\u015fkin Uyumlu HD G\u00f6r\u00fcnt\u00fcl\u00fc"},"content":{"rendered":"<p>Bu 520 oyunlu retro el konsolu, hem e\u011flence hem de nostalji arayan kullan\u0131c\u0131lar i\u00e7in benzersiz bir deneyim sunar. Cihaz, y\u0131llar \u00f6nce pop\u00fcler olan onlarca oyunu modern bir kullan\u0131m format\u0131yla bir araya getirir. HD LCD ekran, oyunlar\u0131n grafi\u011fini net bir \u015fekilde g\u00f6sterir ve y\u00fcksek parlakl\u0131\u011f\u0131 sayesinde g\u00fcn \u0131\u015f\u0131\u011f\u0131nda bile rahat bir g\u00f6r\u00fc\u015f sa\u011flar. Konsolun i\u00e7erisinde y\u00fckl\u00fc gelen oyunlar\u0131n \u00e7e\u015fitlili\u011fi olduk\u00e7a fazlad\u0131r; macera, spor, yar\u0131\u015f, platform ve strateji kategorilerinde bir\u00e7ok oyun bar\u0131nd\u0131r\u0131r. Oyuncular, tek ba\u015f\u0131na oynarken daha keyifli bir deneyim ya\u015farken, aile ve arkada\u015f ortam\u0131nda \u00e7ok daha interaktif bir e\u011flenceye d\u00f6n\u00fc\u015f\u00fcr. USB \u015farj kablosuyla h\u0131zl\u0131 ve kolay \u015farj olabilen cihaz, uzun s\u00fcreli batarya performans\u0131 sayesinde kesintisiz oyun deneyimi sa\u011flar. Hafif ve ergonomik yap\u0131s\u0131 sayesinde \u00f6zellikle \u00e7ocuklar i\u00e7in g\u00fcvenli ve kontrol\u00fc kolayd\u0131r. Yeti\u015fkinler i\u00e7inse ge\u00e7mi\u015fte kalan g\u00fczel hat\u0131ralar\u0131 geri getiren keyifli bir teknolojik oyuncakt\u0131r.Konsolun tu\u015f yap\u0131s\u0131 dayan\u0131kl\u0131 olup, uzun s\u00fcreli kullan\u0131mlarda bozulma ya\u015famaz. Kavranabilir ergonomik tasar\u0131m\u0131, uzun s\u00fcren oturumlarda el a\u011fr\u0131s\u0131 yapmadan konfor sa\u011flar. Ta\u015f\u0131nabilir yap\u0131s\u0131 sayesinde evde, okulda, i\u015fte, parkta veya seyahatte her yerde kullan\u0131labilir. 520 oyunlu bu el konsolu, \u00e7ocuklar i\u00e7in e\u011fitici ve motor becerilerini geli\u015ftiren oyunlarla doludur. Yeti\u015fkinler i\u00e7in ise stres at\u0131c\u0131, nostaljiyi canland\u0131r\u0131c\u0131 ve g\u00fcn i\u00e7inde e\u011flenceli bir mola sa\u011flayan bir \u00fcr\u00fcnd\u00fcr.<\/p>\n","protected":false},"excerpt":{"rendered":"<p>Bu 520 oyunlu retro el konsolu, hem e\u011flence hem de nostalji arayan kullan\u0131c\u0131lar i\u00e7in benzersiz bir deneyim sunar. Cihaz, y\u0131llar \u00f6nce pop\u00fcler olan onlarca oyunu modern bir kullan\u0131m format\u0131yla bir araya getirir. HD LCD ekran, oyunlar\u0131n grafi\u011fini net bir \u015fekilde g\u00f6sterir ve y\u00fcksek parlakl\u0131\u011f\u0131 sayesinde g\u00fcn \u0131\u015f\u0131\u011f\u0131nda bile rahat bir g\u00f6r\u00fc\u015f sa\u011flar. Konsolun i\u00e7erisinde y\u00fckl\u00fc&#8230;<\/p>\n","protected":false},"featured_media":129704,"comment_status":"open","ping_status":"closed","template":"","meta":{"_kad_post_transparent":"","_kad_post_title":"","_kad_post_layout":"","_kad_post_sidebar_id":"","_kad_post_content_style":"","_kad_post_vertical_padding":"","_kad_post_feature":"","_kad_post_feature_position":"","_kad_post_header":false,"_kad_post_footer":false,"_kad_post_classname":""},"product_brand":[],"product_cat":[14961],"product_tag":[],"class_list":{"0":"post-129705","1":"product","2":"type-product","3":"status-publish","4":"has-post-thumbnail","6":"product_cat-oyun-konsolu-oyun-konsolu","8":"first","9":"instock","10":"purchasable","11":"product-type-simple","12":"entry","13":"content-bg","14":"loop-entry"},"_links":{"self":[{"href":"https:\/\/www.hediyepazar.com\/index.php?rest_route=\/wp\/v2\/product\/129705","targetHints":{"allow":["GET"]}}],"collection":[{"href":"https:\/\/www.hediyepazar.com\/index.php?rest_route=\/wp\/v2\/product"}],"about":[{"href":"https:\/\/www.hediyepazar.com\/index.php?rest_route=\/wp\/v2\/types\/product"}],"replies":[{"embeddable":true,"href":"https:\/\/www.hediyepazar.com\/index.php?rest_route=%2Fwp%2Fv2%2Fcomments&post=129705"}],"wp:featuredmedia":[{"embeddable":true,"href":"https:\/\/www.hediyepazar.com\/index.php?rest_route=\/wp\/v2\/media\/129704"}],"wp:attachment":[{"href":"https:\/\/www.hediyepazar.com\/index.php?rest_route=%2Fwp%2Fv2%2Fmedia&parent=129705"}],"wp:term":[{"taxonomy":"product_brand","embeddable":true,"href":"https:\/\/www.hediyepazar.com\/index.php?rest_route=%2Fwp%2Fv2%2Fproduct_brand&post=129705"},{"taxonomy":"product_cat","embeddable":true,"href":"https:\/\/www.hediyepazar.com\/index.php?rest_route=%2Fwp%2Fv2%2Fproduct_cat&post=129705"},{"taxonomy":"product_tag","embeddable":true,"href":"https:\/\/www.hediyepazar.com\/index.php?rest_route=%2Fwp%2Fv2%2Fproduct_tag&post=129705"}],"curies":[{"name":"wp","href":"https:\/\/api.w.org\/{rel}","templated":true}]}}