{"id":129707,"date":"2026-05-07T05:47:08","date_gmt":"2026-05-07T08:47:08","guid":{"rendered":"https:\/\/www.hediyepazar.com\/?product=ergonomik-tasarimli-cok-yonlu-wireless-gamepad"},"modified":"2026-05-07T05:47:08","modified_gmt":"2026-05-07T08:47:08","slug":"ergonomik-tasarimli-cok-yonlu-wireless-gamepad","status":"publish","type":"product","link":"https:\/\/www.hediyepazar.com\/?product=ergonomik-tasarimli-cok-yonlu-wireless-gamepad","title":{"rendered":"Ergonomik Tasar\u0131ml\u0131 \u00c7ok Y\u00f6nl\u00fc Wireless Gamepad"},"content":{"rendered":"<p>Bu kablosuz oyun kumandas\u0131, ABS malzeme kullan\u0131larak \u00fcretilmi\u015f olup hem \u015f\u0131k hem de dayan\u0131kl\u0131 bir yap\u0131ya sahiptir. Uzun s\u00fcreli kullan\u0131m i\u00e7in tasarlanan sa\u011flam g\u00f6vde, yo\u011fun oyun seanslar\u0131nda bile performans\u0131n\u0131 korur.Ergonomik tutma yap\u0131s\u0131 ve rahat dokunmatik d\u00fc\u011fmeleri, uzun s\u00fcreli kullan\u0131mda bile konfor sa\u011flar. D\u00fc\u011fmelerin hassasiyeti, h\u0131zl\u0131 tepkiler alman\u0131z\u0131 sa\u011flayarak oyunlarda \u00fcst\u00fcnl\u00fck kazand\u0131r\u0131r.Bluetooth ba\u011flant\u0131s\u0131 sayesinde \u00e7ok geni\u015f bir cihaz yelpazesiyle uyumludur. Ak\u0131ll\u0131 telefonlar, tabletler, bilgisayarlar ve baz\u0131 konsollar ile \u00e7al\u0131\u015farak farkl\u0131 platformlarda oyun keyfini ya\u015faman\u0131za imkan tan\u0131r.\u00c7ok i\u015flevli tasar\u0131m\u0131, hem aksiyon oyunlar\u0131ndan spor oyunlar\u0131na kadar geni\u015f bir oyun yelpazesinde kullan\u0131labilir hale getirir. Hassas joystickler, h\u0131zl\u0131 tepki veren tu\u015flar ve sa\u011flam d\u00fc\u011fmeleri ile her oyun t\u00fcr\u00fcnde kontrol\u00fc elinizde tutars\u0131n\u0131z.Oyun merakl\u0131lar\u0131 i\u00e7in m\u00fckemmel bir hediye se\u00e7ene\u011fi olan bu kablosuz kumanda, hem yeni ba\u015flayanlara hem de profesyonel oyunculara hitap eder.<\/p>\n","protected":false},"excerpt":{"rendered":"<p>Bu kablosuz oyun kumandas\u0131, ABS malzeme kullan\u0131larak \u00fcretilmi\u015f olup hem \u015f\u0131k hem de dayan\u0131kl\u0131 bir yap\u0131ya sahiptir. Uzun s\u00fcreli kullan\u0131m i\u00e7in tasarlanan sa\u011flam g\u00f6vde, yo\u011fun oyun seanslar\u0131nda bile performans\u0131n\u0131 korur.Ergonomik tutma yap\u0131s\u0131 ve rahat dokunmatik d\u00fc\u011fmeleri, uzun s\u00fcreli kullan\u0131mda bile konfor sa\u011flar. D\u00fc\u011fmelerin hassasiyeti, h\u0131zl\u0131 tepkiler alman\u0131z\u0131 sa\u011flayarak oyunlarda \u00fcst\u00fcnl\u00fck kazand\u0131r\u0131r.Bluetooth ba\u011flant\u0131s\u0131 sayesinde \u00e7ok geni\u015f&#8230;<\/p>\n","protected":false},"featured_media":129706,"comment_status":"open","ping_status":"closed","template":"","meta":{"_kad_post_transparent":"","_kad_post_title":"","_kad_post_layout":"","_kad_post_sidebar_id":"","_kad_post_content_style":"","_kad_post_vertical_padding":"","_kad_post_feature":"","_kad_post_feature_position":"","_kad_post_header":false,"_kad_post_footer":false,"_kad_post_classname":""},"product_brand":[],"product_cat":[14961],"product_tag":[],"class_list":{"0":"post-129707","1":"product","2":"type-product","3":"status-publish","4":"has-post-thumbnail","6":"product_cat-oyun-konsolu-oyun-konsolu","8":"first","9":"instock","10":"purchasable","11":"product-type-simple","12":"entry","13":"content-bg","14":"loop-entry"},"_links":{"self":[{"href":"https:\/\/www.hediyepazar.com\/index.php?rest_route=\/wp\/v2\/product\/129707","targetHints":{"allow":["GET"]}}],"collection":[{"href":"https:\/\/www.hediyepazar.com\/index.php?rest_route=\/wp\/v2\/product"}],"about":[{"href":"https:\/\/www.hediyepazar.com\/index.php?rest_route=\/wp\/v2\/types\/product"}],"replies":[{"embeddable":true,"href":"https:\/\/www.hediyepazar.com\/index.php?rest_route=%2Fwp%2Fv2%2Fcomments&post=129707"}],"wp:featuredmedia":[{"embeddable":true,"href":"https:\/\/www.hediyepazar.com\/index.php?rest_route=\/wp\/v2\/media\/129706"}],"wp:attachment":[{"href":"https:\/\/www.hediyepazar.com\/index.php?rest_route=%2Fwp%2Fv2%2Fmedia&parent=129707"}],"wp:term":[{"taxonomy":"product_brand","embeddable":true,"href":"https:\/\/www.hediyepazar.com\/index.php?rest_route=%2Fwp%2Fv2%2Fproduct_brand&post=129707"},{"taxonomy":"product_cat","embeddable":true,"href":"https:\/\/www.hediyepazar.com\/index.php?rest_route=%2Fwp%2Fv2%2Fproduct_cat&post=129707"},{"taxonomy":"product_tag","embeddable":true,"href":"https:\/\/www.hediyepazar.com\/index.php?rest_route=%2Fwp%2Fv2%2Fproduct_tag&post=129707"}],"curies":[{"name":"wp","href":"https:\/\/api.w.org\/{rel}","templated":true}]}}