{"id":129721,"date":"2026-05-07T05:49:13","date_gmt":"2026-05-07T08:49:13","guid":{"rendered":"https:\/\/www.hediyepazar.com\/?product=retro-520-oyunlu-tasinabilir-konsol-hd-ekran-usb-sarjli"},"modified":"2026-05-07T05:49:13","modified_gmt":"2026-05-07T08:49:13","slug":"retro-520-oyunlu-tasinabilir-konsol-hd-ekran-usb-sarjli","status":"publish","type":"product","link":"https:\/\/www.hediyepazar.com\/?product=retro-520-oyunlu-tasinabilir-konsol-hd-ekran-usb-sarjli","title":{"rendered":"Retro 520 Oyunlu Ta\u015f\u0131nabilir Konsol HD Ekran USB \u015earjl\u0131"},"content":{"rendered":"<p>520 oyunlu retro ta\u015f\u0131nabilir oyun konsolu, kompakt tasar\u0131m\u0131yla her yere kolayca ta\u015f\u0131nabilir ve an\u0131nda e\u011flence sunar. HD LCD ekran, t\u00fcm oyunlar\u0131n grafiklerini canl\u0131, parlak ve ger\u00e7ek\u00e7i bir \u015fekilde yans\u0131t\u0131r. Bu ekran \u00f6zellikle retro oyunlarda harika bir g\u00f6r\u00fcn\u00fcm sa\u011flar; piksel detaylar\u0131 g\u00f6r\u00fcn\u00fcr, renkler bozulmaz ve oyun deneyimi tatmin edici bir hale gelir. Cihaz, y\u00fckleme gerektirmeyen haz\u0131r oyun sistemiyle kullan\u0131c\u0131 dostudur. B\u00fcy\u00fck ekranda daha detayl\u0131 g\u00f6r\u00fcnt\u00fc ile e\u011flencenin boyutu artar. Konsolun USB \u015farj edilebilir pil yap\u0131s\u0131, ta\u015f\u0131nabilirli\u011fi kolayla\u015ft\u0131r\u0131r. Pil \u00f6mr\u00fc uzun olup, d\u0131\u015far\u0131da veya seyahatte bile saatlerce oyun oynama imkan\u0131 sa\u011flar. Hafif yap\u0131s\u0131, cihaz\u0131 \u00e7ocuklar\u0131n bile rahat\u00e7a ta\u015f\u0131y\u0131p kullanabilmesine olanak tan\u0131r.Tu\u015f yap\u0131s\u0131n\u0131n dayan\u0131kl\u0131l\u0131\u011f\u0131, h\u0131zl\u0131 tepkime s\u00fcresi ve ergonomik dizayn\u0131 oyunu \u00e7ok daha ak\u0131c\u0131 hale getirir. \u00c7ok say\u0131da oyun se\u00e7ene\u011fi ile her ya\u015ftan kullan\u0131c\u0131ya hitap eder. Spor, macera, yar\u0131\u015f, bulmaca gibi bir\u00e7ok kategori sunar. \u00d6zellikle ebeveynler i\u00e7in \u00e7ocuklar\u0131na g\u00fcvenli ve e\u011flenceli bir hediye se\u00e7ene\u011fi olabilir. Yeti\u015fkinler i\u00e7inse ge\u00e7mi\u015fin klasik oyunlar\u0131n\u0131 bug\u00fcn\u00fcn teknolojisiyle deneyimleme f\u0131rsat\u0131 sunar.<\/p>\n","protected":false},"excerpt":{"rendered":"<p>520 oyunlu retro ta\u015f\u0131nabilir oyun konsolu, kompakt tasar\u0131m\u0131yla her yere kolayca ta\u015f\u0131nabilir ve an\u0131nda e\u011flence sunar. HD LCD ekran, t\u00fcm oyunlar\u0131n grafiklerini canl\u0131, parlak ve ger\u00e7ek\u00e7i bir \u015fekilde yans\u0131t\u0131r. Bu ekran \u00f6zellikle retro oyunlarda harika bir g\u00f6r\u00fcn\u00fcm sa\u011flar; piksel detaylar\u0131 g\u00f6r\u00fcn\u00fcr, renkler bozulmaz ve oyun deneyimi tatmin edici bir hale gelir. Cihaz, y\u00fckleme gerektirmeyen haz\u0131r&#8230;<\/p>\n","protected":false},"featured_media":129720,"comment_status":"open","ping_status":"closed","template":"","meta":{"_kad_post_transparent":"","_kad_post_title":"","_kad_post_layout":"","_kad_post_sidebar_id":"","_kad_post_content_style":"","_kad_post_vertical_padding":"","_kad_post_feature":"","_kad_post_feature_position":"","_kad_post_header":false,"_kad_post_footer":false,"_kad_post_classname":""},"product_brand":[],"product_cat":[14961],"product_tag":[],"class_list":{"0":"post-129721","1":"product","2":"type-product","3":"status-publish","4":"has-post-thumbnail","6":"product_cat-oyun-konsolu-oyun-konsolu","8":"first","9":"instock","10":"purchasable","11":"product-type-simple","12":"entry","13":"content-bg","14":"loop-entry"},"_links":{"self":[{"href":"https:\/\/www.hediyepazar.com\/index.php?rest_route=\/wp\/v2\/product\/129721","targetHints":{"allow":["GET"]}}],"collection":[{"href":"https:\/\/www.hediyepazar.com\/index.php?rest_route=\/wp\/v2\/product"}],"about":[{"href":"https:\/\/www.hediyepazar.com\/index.php?rest_route=\/wp\/v2\/types\/product"}],"replies":[{"embeddable":true,"href":"https:\/\/www.hediyepazar.com\/index.php?rest_route=%2Fwp%2Fv2%2Fcomments&post=129721"}],"wp:featuredmedia":[{"embeddable":true,"href":"https:\/\/www.hediyepazar.com\/index.php?rest_route=\/wp\/v2\/media\/129720"}],"wp:attachment":[{"href":"https:\/\/www.hediyepazar.com\/index.php?rest_route=%2Fwp%2Fv2%2Fmedia&parent=129721"}],"wp:term":[{"taxonomy":"product_brand","embeddable":true,"href":"https:\/\/www.hediyepazar.com\/index.php?rest_route=%2Fwp%2Fv2%2Fproduct_brand&post=129721"},{"taxonomy":"product_cat","embeddable":true,"href":"https:\/\/www.hediyepazar.com\/index.php?rest_route=%2Fwp%2Fv2%2Fproduct_cat&post=129721"},{"taxonomy":"product_tag","embeddable":true,"href":"https:\/\/www.hediyepazar.com\/index.php?rest_route=%2Fwp%2Fv2%2Fproduct_tag&post=129721"}],"curies":[{"name":"wp","href":"https:\/\/api.w.org\/{rel}","templated":true}]}}