{"id":129733,"date":"2026-05-07T05:49:45","date_gmt":"2026-05-07T08:49:45","guid":{"rendered":"https:\/\/www.hediyepazar.com\/?product=ip65-suya-dayanikli-kask-bluetooth-kulaklik-lcd-ekranli"},"modified":"2026-05-07T05:49:45","modified_gmt":"2026-05-07T08:49:45","slug":"ip65-suya-dayanikli-kask-bluetooth-kulaklik-lcd-ekranli","status":"publish","type":"product","link":"https:\/\/www.hediyepazar.com\/?product=ip65-suya-dayanikli-kask-bluetooth-kulaklik-lcd-ekranli","title":{"rendered":"IP65 Suya Dayan\u0131kl\u0131 Kask Bluetooth Kulakl\u0131k LCD Ekranl\u0131"},"content":{"rendered":"<p>Suya dayan\u0131kl\u0131 kask kulakl\u0131\u011f\u0131, IP65 koruma s\u0131n\u0131f\u0131 ile her t\u00fcrl\u00fc hava ko\u015fulunda kullan\u0131labilir. Ya\u011fmurlu, r\u00fczg\u00e2rl\u0131 veya tozlu ortamlarda g\u00fcvenle \u00e7al\u0131\u015farak motosiklet s\u00fcr\u00fc\u015flerini daha keyifli hale getirir.Bluetooth 5.3 teknolojisi ve Qualcomm \u00e7ip deste\u011fi, h\u0131zl\u0131 ve stabil ba\u011flant\u0131 sunar.  Ayn\u0131 anda 2 ki\u015fi ba\u011flant\u0131 deste\u011fi bulunur.Cihaz, g\u00fcr\u00fclt\u00fc azaltma \u00f6zelli\u011fi ile y\u00fcksek h\u0131zlarda bile net g\u00f6r\u00fc\u015fme yapman\u0131za imk\u00e2n tan\u0131r. M\u00fczik payla\u015f\u0131m\u0131 fonksiyonu sayesinde ayn\u0131 anda m\u00fczik dinleyebilirsiniz.Dahili 1000mAh batarya, uzun yolculuklarda kesintisiz performans sa\u011flar. FM radyo \u00f6zelli\u011fi ve SD kart deste\u011fi (4-32 GB) ile m\u00fczik keyfini art\u0131r\u0131r.LED ayd\u0131nlatma fonksiyonu, gece s\u00fcr\u00fc\u015flerinde g\u00fcvenli\u011fi art\u0131r\u0131r. LCD ekran\u0131 ise pil seviyesi, ba\u011flant\u0131 ve frekans gibi bilgileri kolayca takip etmenizi sa\u011flar.Flip-up kasklarla uyumlu tasar\u0131m\u0131 sayesinde montaj\u0131 kolayd\u0131r. Kompakt yap\u0131s\u0131 kask \u00fczerinde fazla yer kaplamaz. Bu kulakl\u0131k, hem g\u00fcvenlik hem de e\u011flenceyi ayn\u0131 anda isteyen motosiklet kullan\u0131c\u0131lar\u0131 i\u00e7in m\u00fckemmel bir \u00e7\u00f6z\u00fcmd\u00fcr.<\/p>\n","protected":false},"excerpt":{"rendered":"<p>Suya dayan\u0131kl\u0131 kask kulakl\u0131\u011f\u0131, IP65 koruma s\u0131n\u0131f\u0131 ile her t\u00fcrl\u00fc hava ko\u015fulunda kullan\u0131labilir. Ya\u011fmurlu, r\u00fczg\u00e2rl\u0131 veya tozlu ortamlarda g\u00fcvenle \u00e7al\u0131\u015farak motosiklet s\u00fcr\u00fc\u015flerini daha keyifli hale getirir.Bluetooth 5.3 teknolojisi ve Qualcomm \u00e7ip deste\u011fi, h\u0131zl\u0131 ve stabil ba\u011flant\u0131 sunar. Ayn\u0131 anda 2 ki\u015fi ba\u011flant\u0131 deste\u011fi bulunur.Cihaz, g\u00fcr\u00fclt\u00fc azaltma \u00f6zelli\u011fi ile y\u00fcksek h\u0131zlarda bile net g\u00f6r\u00fc\u015fme yapman\u0131za imk\u00e2n&#8230;<\/p>\n","protected":false},"featured_media":129732,"comment_status":"open","ping_status":"closed","template":"","meta":{"_kad_post_transparent":"","_kad_post_title":"","_kad_post_layout":"","_kad_post_sidebar_id":"","_kad_post_content_style":"","_kad_post_vertical_padding":"","_kad_post_feature":"","_kad_post_feature_position":"","_kad_post_header":false,"_kad_post_footer":false,"_kad_post_classname":""},"product_brand":[],"product_cat":[15010],"product_tag":[],"class_list":{"0":"post-129733","1":"product","2":"type-product","3":"status-publish","4":"has-post-thumbnail","6":"product_cat-intercom-intercom","8":"first","9":"instock","10":"purchasable","11":"product-type-simple","12":"entry","13":"content-bg","14":"loop-entry"},"_links":{"self":[{"href":"https:\/\/www.hediyepazar.com\/index.php?rest_route=\/wp\/v2\/product\/129733","targetHints":{"allow":["GET"]}}],"collection":[{"href":"https:\/\/www.hediyepazar.com\/index.php?rest_route=\/wp\/v2\/product"}],"about":[{"href":"https:\/\/www.hediyepazar.com\/index.php?rest_route=\/wp\/v2\/types\/product"}],"replies":[{"embeddable":true,"href":"https:\/\/www.hediyepazar.com\/index.php?rest_route=%2Fwp%2Fv2%2Fcomments&post=129733"}],"wp:featuredmedia":[{"embeddable":true,"href":"https:\/\/www.hediyepazar.com\/index.php?rest_route=\/wp\/v2\/media\/129732"}],"wp:attachment":[{"href":"https:\/\/www.hediyepazar.com\/index.php?rest_route=%2Fwp%2Fv2%2Fmedia&parent=129733"}],"wp:term":[{"taxonomy":"product_brand","embeddable":true,"href":"https:\/\/www.hediyepazar.com\/index.php?rest_route=%2Fwp%2Fv2%2Fproduct_brand&post=129733"},{"taxonomy":"product_cat","embeddable":true,"href":"https:\/\/www.hediyepazar.com\/index.php?rest_route=%2Fwp%2Fv2%2Fproduct_cat&post=129733"},{"taxonomy":"product_tag","embeddable":true,"href":"https:\/\/www.hediyepazar.com\/index.php?rest_route=%2Fwp%2Fv2%2Fproduct_tag&post=129733"}],"curies":[{"name":"wp","href":"https:\/\/api.w.org\/{rel}","templated":true}]}}