{"id":129735,"date":"2026-05-07T05:49:50","date_gmt":"2026-05-07T08:49:50","guid":{"rendered":"https:\/\/www.hediyepazar.com\/?product=ebeveyn-kontrollu-2-8-inc-bebek-monitoru-guvenli-izleme"},"modified":"2026-05-07T05:49:50","modified_gmt":"2026-05-07T08:49:50","slug":"ebeveyn-kontrollu-2-8-inc-bebek-monitoru-guvenli-izleme","status":"publish","type":"product","link":"https:\/\/www.hediyepazar.com\/?product=ebeveyn-kontrollu-2-8-inc-bebek-monitoru-guvenli-izleme","title":{"rendered":"Ebeveyn Kontroll\u00fc 2.8 \u0130n\u00e7 Bebek Monit\u00f6r\u00fc G\u00fcvenli \u0130zleme"},"content":{"rendered":"<p>G\u00f6r\u00fcnt\u00fcl\u00fc ve sesli bebek monit\u00f6r\u00fc, ebeveynlerin bebeklerini g\u00fcvenle izleyebilmesi i\u00e7in tasarlanm\u0131\u015ft\u0131r. 2.8 in\u00e7 ekran, gece g\u00f6r\u00fc\u015f, a\u011flama alg\u0131lama ve s\u0131cakl\u0131k \u00f6l\u00e7\u00fcm\u00fc gibi \u00f6zellikleri bir arada sunar. Ninni fonksiyonu bebe\u011fi sakinle\u015ftirir. Alarm ve saat fonksiyonlar\u0131 g\u00fcnl\u00fck d\u00fczeni destekler.Kablosuz ve ta\u015f\u0131nabilir yap\u0131s\u0131 sayesinde ev i\u00e7inde rahatl\u0131kla kullan\u0131labilir. Bebek odas\u0131 i\u00e7in ideal bir g\u00fcvenlik ve takip \u00e7\u00f6z\u00fcm\u00fcd\u00fcr.<\/p>\n","protected":false},"excerpt":{"rendered":"<p>G\u00f6r\u00fcnt\u00fcl\u00fc ve sesli bebek monit\u00f6r\u00fc, ebeveynlerin bebeklerini g\u00fcvenle izleyebilmesi i\u00e7in tasarlanm\u0131\u015ft\u0131r. 2.8 in\u00e7 ekran, gece g\u00f6r\u00fc\u015f, a\u011flama alg\u0131lama ve s\u0131cakl\u0131k \u00f6l\u00e7\u00fcm\u00fc gibi \u00f6zellikleri bir arada sunar. Ninni fonksiyonu bebe\u011fi sakinle\u015ftirir. Alarm ve saat fonksiyonlar\u0131 g\u00fcnl\u00fck d\u00fczeni destekler.Kablosuz ve ta\u015f\u0131nabilir yap\u0131s\u0131 sayesinde ev i\u00e7inde rahatl\u0131kla kullan\u0131labilir. Bebek odas\u0131 i\u00e7in ideal bir g\u00fcvenlik ve takip \u00e7\u00f6z\u00fcm\u00fcd\u00fcr.<\/p>\n","protected":false},"featured_media":129734,"comment_status":"open","ping_status":"closed","template":"","meta":{"_kad_post_transparent":"","_kad_post_title":"","_kad_post_layout":"","_kad_post_sidebar_id":"","_kad_post_content_style":"","_kad_post_vertical_padding":"","_kad_post_feature":"","_kad_post_feature_position":"","_kad_post_header":false,"_kad_post_footer":false,"_kad_post_classname":""},"product_brand":[],"product_cat":[14927],"product_tag":[],"class_list":{"0":"post-129735","1":"product","2":"type-product","3":"status-publish","4":"has-post-thumbnail","6":"product_cat-akilli-kamera-akilli-kamera","8":"first","9":"instock","10":"purchasable","11":"product-type-simple","12":"entry","13":"content-bg","14":"loop-entry"},"_links":{"self":[{"href":"https:\/\/www.hediyepazar.com\/index.php?rest_route=\/wp\/v2\/product\/129735","targetHints":{"allow":["GET"]}}],"collection":[{"href":"https:\/\/www.hediyepazar.com\/index.php?rest_route=\/wp\/v2\/product"}],"about":[{"href":"https:\/\/www.hediyepazar.com\/index.php?rest_route=\/wp\/v2\/types\/product"}],"replies":[{"embeddable":true,"href":"https:\/\/www.hediyepazar.com\/index.php?rest_route=%2Fwp%2Fv2%2Fcomments&post=129735"}],"wp:featuredmedia":[{"embeddable":true,"href":"https:\/\/www.hediyepazar.com\/index.php?rest_route=\/wp\/v2\/media\/129734"}],"wp:attachment":[{"href":"https:\/\/www.hediyepazar.com\/index.php?rest_route=%2Fwp%2Fv2%2Fmedia&parent=129735"}],"wp:term":[{"taxonomy":"product_brand","embeddable":true,"href":"https:\/\/www.hediyepazar.com\/index.php?rest_route=%2Fwp%2Fv2%2Fproduct_brand&post=129735"},{"taxonomy":"product_cat","embeddable":true,"href":"https:\/\/www.hediyepazar.com\/index.php?rest_route=%2Fwp%2Fv2%2Fproduct_cat&post=129735"},{"taxonomy":"product_tag","embeddable":true,"href":"https:\/\/www.hediyepazar.com\/index.php?rest_route=%2Fwp%2Fv2%2Fproduct_tag&post=129735"}],"curies":[{"name":"wp","href":"https:\/\/api.w.org\/{rel}","templated":true}]}}