{"id":129745,"date":"2026-05-07T05:51:07","date_gmt":"2026-05-07T08:51:07","guid":{"rendered":"https:\/\/www.hediyepazar.com\/?product=8-kordonlu-w4"},"modified":"2026-05-07T05:51:07","modified_gmt":"2026-05-07T08:51:07","slug":"8-kordonlu-w4","status":"publish","type":"product","link":"https:\/\/www.hediyepazar.com\/?product=8-kordonlu-w4","title":{"rendered":"8 KORDONLU w4"},"content":{"rendered":"<p>\u015e\u0131k siyah kasa rengiyle dikkat \u00e7eken bu ak\u0131ll\u0131 saat, her t\u00fcrl\u00fc k\u0131yafetle uyum sa\u011flar ve zamans\u0131z bir tarz sunar \t2 y\u0131l garanti s\u00fcresi ile g\u00fcvenilir kullan\u0131m ve sat\u0131n alma sonras\u0131 destek garantisi verir \tD\u00fcz cam \u015fekli sayesinde kolay okunabilirlik ve net g\u00f6r\u00fcnt\u00fcler elde edilir, g\u00fcnl\u00fck aktivitelerinizi rahatl\u0131kla takip edebilirsiniz \t1 atm su ge\u00e7irmezlik \u00f6zelli\u011fi ile g\u00fcnl\u00fck su s\u0131\u00e7ramalar\u0131na kar\u015f\u0131 dayan\u0131kl\u0131l\u0131k sa\u011flar, ya\u011fmurda veya el y\u0131karken endi\u015felenmenize gerek kalmaz \tDayan\u0131kl\u0131 \u00e7elik kasa materyali uzun \u00f6m\u00fcrl\u00fc kullan\u0131m vaat ederken, silikon kordon materyali konforlu bir takma deneyimi sunar \tDokunmatik mekanizma sayesinde kolay ve h\u0131zl\u0131 bir \u015fekilde saatinizi kullanabilirsiniz \tzaman\u0131 h\u0131zl\u0131ca kontrol edebilir veya alarm kurabilirsiniz \tKronometre \u00f6zelli\u011fi ile spor aktivitelerinizde zaman\u0131 takip etmek i\u00e7in idealdir \tko\u015fu, bisiklet s\u00fcrme veya di\u011fer egzersizlerde performans\u0131n\u0131z\u0131 art\u0131rabilirsiniz \tSim Kart: YokHaf\u0131za Kart\u0131: YokUyumlu Sistem: Ios \/ Android SistemiAndroid Sistemi: Android 4.4 Ve \u00dcst\u00fc Deste\u011fiIos Sistemi: Ios 10.0 Veya \u00dczeriFonksiyonlar: Kablosuz \u015farj, Bluetooth Sesli G\u00f6r\u00fc\u015fme, Yak\u0131nlar\u0131n sa\u011fl\u0131k verilerini g\u00f6r\u00fcnt\u00fcleme, C\u00fczdan, Ad\u0131msayar, Kalori \u00f6l\u00e7\u00fcm\u00fc, Mesafe \u00f6l\u00e7\u00fcm\u00fc, Spor modlar\u0131, Kol hareketi ile ekran uyand\u0131rma, Uyku Analizi, Arama hat\u0131rlat\u0131c\u0131s\u0131, Mesaj Bildirimleri, Oturma\/Kalkma Uyar\u0131s\u0131, Ba\u011f\u0131ms\u0131z Alarm, Kronometre, Saat Bul, Hava Durumu, Ekran Kilidi, Numara \u00c7evirme Ekran\u0131, K\u0131sayol Men\u00fcleri, 3D Dinamik Kadran Deste\u011fi, Bas\u0131n\u00e7 \u00d6l\u00e7\u00fcm\u00fc, M\u00fczik Kontrol, Nefes Egzersizleri, Nab\u0131z \u00d6l\u00e7\u00fcm\u00fc, Kan Bas\u0131n\u00e7 \u00d6l\u00e7\u00fcm\u00fc, Hesap Makinesi, Sosyal Medya Bildirimleri, Parlakl\u0131k Ayar\u0131, NFC, G\u00fc\u00e7 Tasarrufu Modu.Desteklenen Diller: T\u00fcrk\u00e7e, \u0130ngilizce, \u00c7ince, Geleneksel \u00c7ince, Danca, Yunanca, Latin, Romence, \u0130branice, \u00c7ek\u00e7e, Leh\u00e7e, \u0130spanyolca, Almanca, Rus\u00e7a, Portekizce, Frans\u0131zca, Japonca, \u0130talyan, Vietnamca, Korece, Arap\u00e7a, FarsiKutu \u0130\u00e7eri\u011fi: Watch 4 Pro Ak\u0131ll\u0131 Saat + 7 Kordon + Wireless \u015earj Kablosu + Kullanma K\u0131lavuzu<\/p>\n","protected":false},"excerpt":{"rendered":"<p>\u015e\u0131k siyah kasa rengiyle dikkat \u00e7eken bu ak\u0131ll\u0131 saat, her t\u00fcrl\u00fc k\u0131yafetle uyum sa\u011flar ve zamans\u0131z bir tarz sunar 2 y\u0131l garanti s\u00fcresi ile g\u00fcvenilir kullan\u0131m ve sat\u0131n alma sonras\u0131 destek garantisi verir D\u00fcz cam \u015fekli sayesinde kolay okunabilirlik ve net g\u00f6r\u00fcnt\u00fcler elde edilir, g\u00fcnl\u00fck aktivitelerinizi rahatl\u0131kla takip edebilirsiniz 1 atm su ge\u00e7irmezlik \u00f6zelli\u011fi ile&#8230;<\/p>\n","protected":false},"featured_media":129744,"comment_status":"open","ping_status":"closed","template":"","meta":{"_kad_post_transparent":"","_kad_post_title":"","_kad_post_layout":"","_kad_post_sidebar_id":"","_kad_post_content_style":"","_kad_post_vertical_padding":"","_kad_post_feature":"","_kad_post_feature_position":"","_kad_post_header":false,"_kad_post_footer":false,"_kad_post_classname":""},"product_brand":[],"product_cat":[14935],"product_tag":[],"class_list":{"0":"post-129745","1":"product","2":"type-product","3":"status-publish","4":"has-post-thumbnail","6":"product_cat-akilli-saatler-akilli-saatler","8":"first","9":"instock","10":"purchasable","11":"product-type-simple","12":"entry","13":"content-bg","14":"loop-entry"},"_links":{"self":[{"href":"https:\/\/www.hediyepazar.com\/index.php?rest_route=\/wp\/v2\/product\/129745","targetHints":{"allow":["GET"]}}],"collection":[{"href":"https:\/\/www.hediyepazar.com\/index.php?rest_route=\/wp\/v2\/product"}],"about":[{"href":"https:\/\/www.hediyepazar.com\/index.php?rest_route=\/wp\/v2\/types\/product"}],"replies":[{"embeddable":true,"href":"https:\/\/www.hediyepazar.com\/index.php?rest_route=%2Fwp%2Fv2%2Fcomments&post=129745"}],"wp:featuredmedia":[{"embeddable":true,"href":"https:\/\/www.hediyepazar.com\/index.php?rest_route=\/wp\/v2\/media\/129744"}],"wp:attachment":[{"href":"https:\/\/www.hediyepazar.com\/index.php?rest_route=%2Fwp%2Fv2%2Fmedia&parent=129745"}],"wp:term":[{"taxonomy":"product_brand","embeddable":true,"href":"https:\/\/www.hediyepazar.com\/index.php?rest_route=%2Fwp%2Fv2%2Fproduct_brand&post=129745"},{"taxonomy":"product_cat","embeddable":true,"href":"https:\/\/www.hediyepazar.com\/index.php?rest_route=%2Fwp%2Fv2%2Fproduct_cat&post=129745"},{"taxonomy":"product_tag","embeddable":true,"href":"https:\/\/www.hediyepazar.com\/index.php?rest_route=%2Fwp%2Fv2%2Fproduct_tag&post=129745"}],"curies":[{"name":"wp","href":"https:\/\/api.w.org\/{rel}","templated":true}]}}