{"id":129755,"date":"2026-05-07T05:52:30","date_gmt":"2026-05-07T08:52:30","guid":{"rendered":"https:\/\/www.hediyepazar.com\/?product=game-stick-520-oyunlu-retro-konsol-cocuklara-ozel-2"},"modified":"2026-05-07T05:52:30","modified_gmt":"2026-05-07T08:52:30","slug":"game-stick-520-oyunlu-retro-konsol-cocuklara-ozel-2","status":"publish","type":"product","link":"https:\/\/www.hediyepazar.com\/?product=game-stick-520-oyunlu-retro-konsol-cocuklara-ozel-2","title":{"rendered":"Game Stick 520 Oyunlu Retro Konsol \u00c7ocuklara \u00d6zel"},"content":{"rendered":"<p>Farkl\u0131 t\u00fcr ve d\u00f6nemlerden 520 klasik oyundan olu\u015fan zengin k\u00fct\u00fcphanesiyle, P5\u2122 ControllerView Retro Konsol, sizi oyun d\u00fcnyas\u0131n\u0131n alt\u0131n \u00e7a\u011flar\u0131na geri g\u00f6t\u00fcr\u00fcyor. Birbirinden ikonik oyunlar\u0131 oynarken nostalji dolu an\u0131lar\u0131n\u0131z\u0131 yeniden ya\u015fayabilir, gen\u00e7lik g\u00fcnlerinizin heyecan\u0131n\u0131 tekrar hissedebilirsiniz.Kesintisiz E\u011flence \u0130\u00e7in G\u00fc\u00e7l\u00fc PilY\u00fcksek kapasiteli \u015farj edilebilir pili sayesinde, uzun oyun oturumlar\u0131n\u0131n keyfini kesintisiz \u00e7\u0131karabilirsiniz. S\u00fcrekli pil de\u011fi\u015ftirme zahmetine son veren bu \u00f6zellik, oyun deneyiminizi daha rahat ve pratik hale getirir.Konforlu ve Ergonomik Tasar\u0131mErgonomi g\u00f6z \u00f6n\u00fcnde bulundurularak tasarlanan P5\u2122 ControllerView, uzun s\u00fcreli oyun oturumlar\u0131nda dahi maksimum konfor sunar. Elinize tam oturan yap\u0131s\u0131 ve kullan\u0131c\u0131 dostu tu\u015f d\u00fczeni, saatler s\u00fcren oyun keyfini yorulmadan ya\u015faman\u0131z\u0131 sa\u011flar.Retro Heyecan\u0131 Modern Teknolojiyle Bulu\u015fuyor Hem nostaljik bir deneyim ya\u015fatan hem de modern ihtiya\u00e7lara uygun bu cihaz, ge\u00e7mi\u015f ve bug\u00fcn\u00fc en iyi \u015fekilde birle\u015ftiriyor.520 Klasik Oyun Tek Bir KonsoldaHer biri oyun tarihinin unutulmazlar\u0131 aras\u0131nda yer alan 520 oyunla dolu bu k\u00fct\u00fcphane, sizi farkl\u0131 t\u00fcrlerde ve d\u00f6nemlerde unutulmaz bir yolculu\u011fa \u00e7\u0131kar\u0131yor. Platform oyunlar\u0131ndan bulmaca oyunlar\u0131na kadar herkes i\u00e7in bir se\u00e7enek sunan bu konsol, her ya\u015ftan oyuncuya hitap ediyor.Ge\u00e7mi\u015fi Bug\u00fcne Ta\u015f\u0131yan Oyun DeneyimiP5\u2122 ControllerView Retro Konsol ile ge\u00e7mi\u015fin b\u00fcy\u00fcleyici oyunlar\u0131n\u0131 modern bir deneyimle yeniden ke\u015ffedin. Hem oyun tutkunlar\u0131 hem de nostalji severler i\u00e7in tasarlanm\u0131\u015f bu cihaz, sizi zaman\u0131n \u00f6tesine ta\u015f\u0131maya haz\u0131r. \u015eimdi sipari\u015f edin ve retro oyunlar\u0131n e\u015fsiz d\u00fcnyas\u0131nda kaybolmaya haz\u0131rlan\u0131n!<\/p>\n","protected":false},"excerpt":{"rendered":"<p>Farkl\u0131 t\u00fcr ve d\u00f6nemlerden 520 klasik oyundan olu\u015fan zengin k\u00fct\u00fcphanesiyle, P5\u2122 ControllerView Retro Konsol, sizi oyun d\u00fcnyas\u0131n\u0131n alt\u0131n \u00e7a\u011flar\u0131na geri g\u00f6t\u00fcr\u00fcyor. Birbirinden ikonik oyunlar\u0131 oynarken nostalji dolu an\u0131lar\u0131n\u0131z\u0131 yeniden ya\u015fayabilir, gen\u00e7lik g\u00fcnlerinizin heyecan\u0131n\u0131 tekrar hissedebilirsiniz.Kesintisiz E\u011flence \u0130\u00e7in G\u00fc\u00e7l\u00fc PilY\u00fcksek kapasiteli \u015farj edilebilir pili sayesinde, uzun oyun oturumlar\u0131n\u0131n keyfini kesintisiz \u00e7\u0131karabilirsiniz. S\u00fcrekli pil de\u011fi\u015ftirme zahmetine son&#8230;<\/p>\n","protected":false},"featured_media":129754,"comment_status":"open","ping_status":"closed","template":"","meta":{"_kad_post_transparent":"","_kad_post_title":"","_kad_post_layout":"","_kad_post_sidebar_id":"","_kad_post_content_style":"","_kad_post_vertical_padding":"","_kad_post_feature":"","_kad_post_feature_position":"","_kad_post_header":false,"_kad_post_footer":false,"_kad_post_classname":""},"product_brand":[],"product_cat":[14961],"product_tag":[],"class_list":{"0":"post-129755","1":"product","2":"type-product","3":"status-publish","4":"has-post-thumbnail","6":"product_cat-oyun-konsolu-oyun-konsolu","8":"first","9":"instock","10":"purchasable","11":"product-type-simple","12":"entry","13":"content-bg","14":"loop-entry"},"_links":{"self":[{"href":"https:\/\/www.hediyepazar.com\/index.php?rest_route=\/wp\/v2\/product\/129755","targetHints":{"allow":["GET"]}}],"collection":[{"href":"https:\/\/www.hediyepazar.com\/index.php?rest_route=\/wp\/v2\/product"}],"about":[{"href":"https:\/\/www.hediyepazar.com\/index.php?rest_route=\/wp\/v2\/types\/product"}],"replies":[{"embeddable":true,"href":"https:\/\/www.hediyepazar.com\/index.php?rest_route=%2Fwp%2Fv2%2Fcomments&post=129755"}],"wp:featuredmedia":[{"embeddable":true,"href":"https:\/\/www.hediyepazar.com\/index.php?rest_route=\/wp\/v2\/media\/129754"}],"wp:attachment":[{"href":"https:\/\/www.hediyepazar.com\/index.php?rest_route=%2Fwp%2Fv2%2Fmedia&parent=129755"}],"wp:term":[{"taxonomy":"product_brand","embeddable":true,"href":"https:\/\/www.hediyepazar.com\/index.php?rest_route=%2Fwp%2Fv2%2Fproduct_brand&post=129755"},{"taxonomy":"product_cat","embeddable":true,"href":"https:\/\/www.hediyepazar.com\/index.php?rest_route=%2Fwp%2Fv2%2Fproduct_cat&post=129755"},{"taxonomy":"product_tag","embeddable":true,"href":"https:\/\/www.hediyepazar.com\/index.php?rest_route=%2Fwp%2Fv2%2Fproduct_tag&post=129755"}],"curies":[{"name":"wp","href":"https:\/\/api.w.org\/{rel}","templated":true}]}}