{"id":129765,"date":"2026-05-07T05:56:11","date_gmt":"2026-05-07T08:56:11","guid":{"rendered":"https:\/\/www.hediyepazar.com\/?product=elektrikli-money-gun-oyuncak-parti-tabancasi-2"},"modified":"2026-05-07T05:56:11","modified_gmt":"2026-05-07T08:56:11","slug":"elektrikli-money-gun-oyuncak-parti-tabancasi-2","status":"publish","type":"product","link":"https:\/\/www.hediyepazar.com\/?product=elektrikli-money-gun-oyuncak-parti-tabancasi-2","title":{"rendered":"Elektrikli Money Gun Oyuncak Parti Tabancas\u0131"},"content":{"rendered":"<p>E\u011flenceli anlar\u0131 daha etkileyici hale getirmek isteyenler i\u00e7in tasarlanan para sa\u00e7ma tabancas\u0131, organizasyonlarda fark yaratmak isteyenlerin tercih etti\u011fi pratik bir \u00fcr\u00fcnd\u00fcr. Hafif ve ergonomik yap\u0131s\u0131 sayesinde uzun s\u00fcre rahatl\u0131kla kullan\u0131labilir ve kullan\u0131c\u0131y\u0131 yormaz. Dayan\u0131kl\u0131 plastik malzemeden \u00fcretilmi\u015f olmas\u0131, \u00fcr\u00fcn\u00fc hem sa\u011flam hem de uzun \u00f6m\u00fcrl\u00fc hale getirir.\u00dcr\u00fcn, i\u00e7erisine yerle\u015ftirilen ka\u011f\u0131tlar\u0131 h\u0131zl\u0131 ve dengeli bir \u015fekilde d\u0131\u015far\u0131 f\u0131rlatarak bulundu\u011funuz ortamda dinamik bir atmosfer olu\u015fturur. \u00d6zellikle d\u00fc\u011f\u00fcn, ni\u015fan, do\u011fum g\u00fcn\u00fc, mezuniyet ve parti gibi kalabal\u0131k etkinliklerde kullan\u0131ld\u0131\u011f\u0131nda ortam\u0131n enerjisini y\u00fckseltir ve unutulmaz anlar yarat\u0131r. Kullan\u0131m\u0131 son derece basittir; ka\u011f\u0131tlar hazneye yerle\u015ftirilir ve tetik yard\u0131m\u0131yla kolayca p\u00fcsk\u00fcrt\u00fcl\u00fcr.Standart hazne yap\u0131s\u0131 sayesinde farkl\u0131 t\u00fcrde materyallerle de kullan\u0131labilir. Sadece temsili ka\u011f\u0131tlarla s\u0131n\u0131rl\u0131 kalmay\u0131p, bro\u015f\u00fcr, kartvizit veya k\u00fc\u00e7\u00fck reklam materyallerini da\u011f\u0131tmak i\u00e7in de tercih edilebilir. Bu \u00f6zelli\u011fi sayesinde organizasyon firmalar\u0131 ve i\u015fletmeler i\u00e7in de i\u015flevsel bir tan\u0131t\u0131m arac\u0131na d\u00f6n\u00fc\u015f\u00fcr.Pil ile \u00e7al\u0131\u015fan sistemi kablo karma\u015fas\u0131n\u0131 ortadan kald\u0131r\u0131r ve her ortamda \u00f6zg\u00fcr kullan\u0131m sa\u011flar. Enerji t\u00fcketimi dengeli oldu\u011fu i\u00e7in etkinlik boyunca performans kayb\u0131 ya\u015fanmaz. Pratik pil yerle\u015ftirme b\u00f6lmesi sayesinde kullan\u0131m \u00f6ncesi haz\u0131rl\u0131k s\u00fcresi olduk\u00e7a k\u0131sad\u0131r.Kullan\u0131c\u0131 dostu tasar\u0131m\u0131 ve g\u00fc\u00e7l\u00fc performans\u0131 ile dikkat \u00e7eken bu \u00fcr\u00fcn, sosyal medya i\u00e7erikleri \u00fcretmek isteyenler i\u00e7in de g\u00f6rsel a\u00e7\u0131dan zengin sahneler olu\u015fturur. E\u011flenceyi art\u0131ran, dikkat \u00e7eken ve ortam\u0131n atmosferini de\u011fi\u015ftiren bu aksesuar, her t\u00fcrl\u00fc organizasyonda keyifli bir deneyim sunar.<\/p>\n","protected":false},"excerpt":{"rendered":"<p>E\u011flenceli anlar\u0131 daha etkileyici hale getirmek isteyenler i\u00e7in tasarlanan para sa\u00e7ma tabancas\u0131, organizasyonlarda fark yaratmak isteyenlerin tercih etti\u011fi pratik bir \u00fcr\u00fcnd\u00fcr. Hafif ve ergonomik yap\u0131s\u0131 sayesinde uzun s\u00fcre rahatl\u0131kla kullan\u0131labilir ve kullan\u0131c\u0131y\u0131 yormaz. Dayan\u0131kl\u0131 plastik malzemeden \u00fcretilmi\u015f olmas\u0131, \u00fcr\u00fcn\u00fc hem sa\u011flam hem de uzun \u00f6m\u00fcrl\u00fc hale getirir.\u00dcr\u00fcn, i\u00e7erisine yerle\u015ftirilen ka\u011f\u0131tlar\u0131 h\u0131zl\u0131 ve dengeli bir \u015fekilde&#8230;<\/p>\n","protected":false},"featured_media":129764,"comment_status":"open","ping_status":"closed","template":"","meta":{"_kad_post_transparent":"","_kad_post_title":"","_kad_post_layout":"","_kad_post_sidebar_id":"","_kad_post_content_style":"","_kad_post_vertical_padding":"","_kad_post_feature":"","_kad_post_feature_position":"","_kad_post_header":false,"_kad_post_footer":false,"_kad_post_classname":""},"product_brand":[],"product_cat":[15040],"product_tag":[],"class_list":{"0":"post-129765","1":"product","2":"type-product","3":"status-publish","4":"has-post-thumbnail","6":"product_cat-parti-maskesi-ve-gozlugu-parti-maskesi-ve-gozlugu","8":"first","9":"instock","10":"purchasable","11":"product-type-simple","12":"entry","13":"content-bg","14":"loop-entry"},"_links":{"self":[{"href":"https:\/\/www.hediyepazar.com\/index.php?rest_route=\/wp\/v2\/product\/129765","targetHints":{"allow":["GET"]}}],"collection":[{"href":"https:\/\/www.hediyepazar.com\/index.php?rest_route=\/wp\/v2\/product"}],"about":[{"href":"https:\/\/www.hediyepazar.com\/index.php?rest_route=\/wp\/v2\/types\/product"}],"replies":[{"embeddable":true,"href":"https:\/\/www.hediyepazar.com\/index.php?rest_route=%2Fwp%2Fv2%2Fcomments&post=129765"}],"wp:featuredmedia":[{"embeddable":true,"href":"https:\/\/www.hediyepazar.com\/index.php?rest_route=\/wp\/v2\/media\/129764"}],"wp:attachment":[{"href":"https:\/\/www.hediyepazar.com\/index.php?rest_route=%2Fwp%2Fv2%2Fmedia&parent=129765"}],"wp:term":[{"taxonomy":"product_brand","embeddable":true,"href":"https:\/\/www.hediyepazar.com\/index.php?rest_route=%2Fwp%2Fv2%2Fproduct_brand&post=129765"},{"taxonomy":"product_cat","embeddable":true,"href":"https:\/\/www.hediyepazar.com\/index.php?rest_route=%2Fwp%2Fv2%2Fproduct_cat&post=129765"},{"taxonomy":"product_tag","embeddable":true,"href":"https:\/\/www.hediyepazar.com\/index.php?rest_route=%2Fwp%2Fv2%2Fproduct_tag&post=129765"}],"curies":[{"name":"wp","href":"https:\/\/api.w.org\/{rel}","templated":true}]}}