{"id":129769,"date":"2026-05-07T05:57:56","date_gmt":"2026-05-07T08:57:56","guid":{"rendered":"https:\/\/www.hediyepazar.com\/?product=poische-model"},"modified":"2026-05-07T05:57:56","modified_gmt":"2026-05-07T08:57:56","slug":"poische-model","status":"publish","type":"product","link":"https:\/\/www.hediyepazar.com\/?product=poische-model","title":{"rendered":"POISCHE MODEL"},"content":{"rendered":"<p>POISCHE GT3 MAX AKILLI SAAT \tUygulama: Wearfit Pro \tSIM KART: YOK \tHAFIZA KARTI: YOK \tGPS: VAR \tNFC: VAR \tUyumlu sistem: IOS \/ Android sistemi \tAndiord sistemi: Android 4.4 ve \u00fcst\u00fc deste\u011fi  \tFonksiyonlar: Bluetooth aramas\u0131, 500&#8217;den fazla arama deste\u011fi, nefes e\u011fitimi, \u00f6zel aramalar, kronometre, parlakl\u0131k ayar\u0131, \u00e7oklu spor modu, uyku takibi, kalp at\u0131\u015f h\u0131z\u0131, bildirim g\u00f6r\u00fcnt\u00fcleme, uzaktan m\u00fczik kontrol\u00fc, uzaktan foto\u011fraf \u00e7ekme (mobil uygulama i\u00e7erisinden), saat ve hava durumu, Telefon bul \u00f6zelli\u011fi, \u015fifre korumas\u0131, hesap makinesi, b\u00f6l\u00fcnm\u00fc\u015f ekran, h\u0131zl\u0131 widget, kad\u0131n asistan, masaj cihaz\u0131, sesli asistan, \u00e7alar saat, el feneri, g\u00fc\u00e7 tasarrufu modu.<\/p>\n","protected":false},"excerpt":{"rendered":"<p>POISCHE GT3 MAX AKILLI SAAT Uygulama: Wearfit Pro SIM KART: YOK HAFIZA KARTI: YOK GPS: VAR NFC: VAR Uyumlu sistem: IOS \/ Android sistemi Andiord sistemi: Android 4.4 ve \u00fcst\u00fc deste\u011fi Fonksiyonlar: Bluetooth aramas\u0131, 500&#8217;den fazla arama deste\u011fi, nefes e\u011fitimi, \u00f6zel aramalar, kronometre, parlakl\u0131k ayar\u0131, \u00e7oklu spor modu, uyku takibi, kalp at\u0131\u015f h\u0131z\u0131, bildirim g\u00f6r\u00fcnt\u00fcleme,&#8230;<\/p>\n","protected":false},"featured_media":129768,"comment_status":"open","ping_status":"closed","template":"","meta":{"_kad_post_transparent":"","_kad_post_title":"","_kad_post_layout":"","_kad_post_sidebar_id":"","_kad_post_content_style":"","_kad_post_vertical_padding":"","_kad_post_feature":"","_kad_post_feature_position":"","_kad_post_header":false,"_kad_post_footer":false,"_kad_post_classname":""},"product_brand":[],"product_cat":[14935],"product_tag":[],"class_list":{"0":"post-129769","1":"product","2":"type-product","3":"status-publish","4":"has-post-thumbnail","6":"product_cat-akilli-saatler-akilli-saatler","8":"first","9":"instock","10":"purchasable","11":"product-type-simple","12":"entry","13":"content-bg","14":"loop-entry"},"_links":{"self":[{"href":"https:\/\/www.hediyepazar.com\/index.php?rest_route=\/wp\/v2\/product\/129769","targetHints":{"allow":["GET"]}}],"collection":[{"href":"https:\/\/www.hediyepazar.com\/index.php?rest_route=\/wp\/v2\/product"}],"about":[{"href":"https:\/\/www.hediyepazar.com\/index.php?rest_route=\/wp\/v2\/types\/product"}],"replies":[{"embeddable":true,"href":"https:\/\/www.hediyepazar.com\/index.php?rest_route=%2Fwp%2Fv2%2Fcomments&post=129769"}],"wp:featuredmedia":[{"embeddable":true,"href":"https:\/\/www.hediyepazar.com\/index.php?rest_route=\/wp\/v2\/media\/129768"}],"wp:attachment":[{"href":"https:\/\/www.hediyepazar.com\/index.php?rest_route=%2Fwp%2Fv2%2Fmedia&parent=129769"}],"wp:term":[{"taxonomy":"product_brand","embeddable":true,"href":"https:\/\/www.hediyepazar.com\/index.php?rest_route=%2Fwp%2Fv2%2Fproduct_brand&post=129769"},{"taxonomy":"product_cat","embeddable":true,"href":"https:\/\/www.hediyepazar.com\/index.php?rest_route=%2Fwp%2Fv2%2Fproduct_cat&post=129769"},{"taxonomy":"product_tag","embeddable":true,"href":"https:\/\/www.hediyepazar.com\/index.php?rest_route=%2Fwp%2Fv2%2Fproduct_tag&post=129769"}],"curies":[{"name":"wp","href":"https:\/\/api.w.org\/{rel}","templated":true}]}}