{"id":129775,"date":"2026-05-07T05:58:14","date_gmt":"2026-05-07T08:58:14","guid":{"rendered":"https:\/\/www.hediyepazar.com\/?product=ps4-oyun-kolu-kamuflaj-desenli-joystick-6"},"modified":"2026-05-07T05:58:14","modified_gmt":"2026-05-07T08:58:14","slug":"ps4-oyun-kolu-kamuflaj-desenli-joystick-6","status":"publish","type":"product","link":"https:\/\/www.hediyepazar.com\/?product=ps4-oyun-kolu-kamuflaj-desenli-joystick-6","title":{"rendered":"PS4 Oyun Kolu Kamuflaj Desenli Joystick"},"content":{"rendered":"<p>PlayStation 4 Kablosuz Joystick, ergonomik tasar\u0131m\u0131 ve \u00fcst\u00fcn \u00f6zellikleriyle oyun severlerin tercihi olmaya devam ediyor. Bluetooth ba\u011flant\u0131s\u0131 sayesinde kablosuz \u00f6zg\u00fcrl\u00fck sunan joystick, uzun oyun seanslar\u0131nda bile konforlu kullan\u0131m sa\u011flar.  Dokunmatik y\u00fczeyi, oyun i\u00e7i yeni kontrolleri ke\u015ffetmenizi sa\u011flar, dahili \u0131\u015f\u0131k \u00e7ubu\u011fu ise oyun i\u00e7indeki aksiyonlar\u0131 yans\u0131tarak g\u00f6rsel bir \u015fov yarat\u0131r. Ayr\u0131ca, dahili hoparl\u00f6r ve kulakl\u0131k giri\u015fi, oyun seslerini daha net duyman\u0131z\u0131 ve kulakl\u0131kla ki\u015fisel bir deneyim ya\u015faman\u0131z\u0131 sa\u011flar. Bu joystick, PlayStation 4 konsollar\u0131yla m\u00fckemmel uyum sa\u011flarken, PC ve di\u011fer uyumlu cihazlarla da kullan\u0131labilir. Kutu i\u00e7eri\u011finde joystick ve kullan\u0131m k\u0131lavuzu yer al\u0131r. Oyun d\u00fcnyas\u0131na daha fazla e\u011flence katmak i\u00e7in bu joystick tam size g\u00f6re!<\/p>\n","protected":false},"excerpt":{"rendered":"<p>PlayStation 4 Kablosuz Joystick, ergonomik tasar\u0131m\u0131 ve \u00fcst\u00fcn \u00f6zellikleriyle oyun severlerin tercihi olmaya devam ediyor. Bluetooth ba\u011flant\u0131s\u0131 sayesinde kablosuz \u00f6zg\u00fcrl\u00fck sunan joystick, uzun oyun seanslar\u0131nda bile konforlu kullan\u0131m sa\u011flar. Dokunmatik y\u00fczeyi, oyun i\u00e7i yeni kontrolleri ke\u015ffetmenizi sa\u011flar, dahili \u0131\u015f\u0131k \u00e7ubu\u011fu ise oyun i\u00e7indeki aksiyonlar\u0131 yans\u0131tarak g\u00f6rsel bir \u015fov yarat\u0131r. Ayr\u0131ca, dahili hoparl\u00f6r ve kulakl\u0131k giri\u015fi,&#8230;<\/p>\n","protected":false},"featured_media":129774,"comment_status":"open","ping_status":"closed","template":"","meta":{"_kad_post_transparent":"","_kad_post_title":"","_kad_post_layout":"","_kad_post_sidebar_id":"","_kad_post_content_style":"","_kad_post_vertical_padding":"","_kad_post_feature":"","_kad_post_feature_position":"","_kad_post_header":false,"_kad_post_footer":false,"_kad_post_classname":""},"product_brand":[],"product_cat":[14961],"product_tag":[],"class_list":{"0":"post-129775","1":"product","2":"type-product","3":"status-publish","4":"has-post-thumbnail","6":"product_cat-oyun-konsolu-oyun-konsolu","8":"first","9":"instock","10":"purchasable","11":"product-type-simple","12":"entry","13":"content-bg","14":"loop-entry"},"_links":{"self":[{"href":"https:\/\/www.hediyepazar.com\/index.php?rest_route=\/wp\/v2\/product\/129775","targetHints":{"allow":["GET"]}}],"collection":[{"href":"https:\/\/www.hediyepazar.com\/index.php?rest_route=\/wp\/v2\/product"}],"about":[{"href":"https:\/\/www.hediyepazar.com\/index.php?rest_route=\/wp\/v2\/types\/product"}],"replies":[{"embeddable":true,"href":"https:\/\/www.hediyepazar.com\/index.php?rest_route=%2Fwp%2Fv2%2Fcomments&post=129775"}],"wp:featuredmedia":[{"embeddable":true,"href":"https:\/\/www.hediyepazar.com\/index.php?rest_route=\/wp\/v2\/media\/129774"}],"wp:attachment":[{"href":"https:\/\/www.hediyepazar.com\/index.php?rest_route=%2Fwp%2Fv2%2Fmedia&parent=129775"}],"wp:term":[{"taxonomy":"product_brand","embeddable":true,"href":"https:\/\/www.hediyepazar.com\/index.php?rest_route=%2Fwp%2Fv2%2Fproduct_brand&post=129775"},{"taxonomy":"product_cat","embeddable":true,"href":"https:\/\/www.hediyepazar.com\/index.php?rest_route=%2Fwp%2Fv2%2Fproduct_cat&post=129775"},{"taxonomy":"product_tag","embeddable":true,"href":"https:\/\/www.hediyepazar.com\/index.php?rest_route=%2Fwp%2Fv2%2Fproduct_tag&post=129775"}],"curies":[{"name":"wp","href":"https:\/\/api.w.org\/{rel}","templated":true}]}}