{"id":129793,"date":"2026-05-07T05:59:10","date_gmt":"2026-05-07T08:59:10","guid":{"rendered":"https:\/\/www.hediyepazar.com\/?product=vakumlu-manyetik-arac-ici-telefon-standi"},"modified":"2026-05-07T05:59:10","modified_gmt":"2026-05-07T08:59:10","slug":"vakumlu-manyetik-arac-ici-telefon-standi","status":"publish","type":"product","link":"https:\/\/www.hediyepazar.com\/?product=vakumlu-manyetik-arac-ici-telefon-standi","title":{"rendered":"Vakumlu Manyetik Ara\u00e7 \u0130\u00e7i Telefon Stand\u0131"},"content":{"rendered":"<p>Ara\u00e7 i\u00e7i kullan\u0131m i\u00e7in \u00f6zel olarak tasarlanan manyetik telefon tutucu, s\u00fcr\u00fc\u015f s\u0131ras\u0131nda maksimum konfor ve g\u00fcvenlik sunar. 4.7 in\u00e7 ve \u00fczeri t\u00fcm ak\u0131ll\u0131 telefonlarla uyumlu olan bu \u00fcr\u00fcn, cihaz\u0131n\u0131z\u0131 model fark etmeksizin g\u00fc\u00e7l\u00fc m\u0131knat\u0131s sistemi sayesinde sabit bir \u015fekilde tutar. Yeni bir telefon ald\u0131\u011f\u0131n\u0131zda ekstra bir aparat araman\u0131za gerek kalmadan ayn\u0131 tutucuyu kullanmaya devam edebilirsiniz.Geli\u015fmi\u015f manyetik teknolojisi sayesinde telefonunuz d\u00fc\u015fmeden, kaymadan ve titre\u015fimden etkilenmeden sabit kal\u0131r. \u00d6zellikle ani frenlerde, virajlarda veya bozuk yollarda bile cihaz\u0131n\u0131z\u0131 g\u00fcvenle ta\u015f\u0131r. Bu sayede navigasyon kullan\u0131rken ya da gelen aramalar\u0131 kontrol ederken dikkatiniz da\u011f\u0131lmaz, s\u00fcr\u00fc\u015f g\u00fcvenli\u011finiz artar.Kompakt ve \u015f\u0131k tasar\u0131m\u0131 sayesinde ara\u00e7 i\u00e7erisinde yer kaplamaz ve estetik bir g\u00f6r\u00fcn\u00fcm sunar. Minimal yap\u0131s\u0131 ile arac\u0131n\u0131z\u0131n i\u00e7 dekorasyonuna uyum sa\u011flar. Kolay montaj \u00f6zelli\u011fi sayesinde saniyeler i\u00e7inde kurulabilir ve herhangi bir teknik bilgi gerektirmez. Yap\u0131\u015ft\u0131rma veya sabitleme mekanizmas\u0131 g\u00fc\u00e7l\u00fcd\u00fcr ve uzun s\u00fcreli kullan\u0131m sa\u011flar.360 derece d\u00f6nebilen ba\u015fl\u0131k \u00f6zelli\u011fi sayesinde telefonunuzu diledi\u011finiz a\u00e7\u0131ya getirebilirsiniz. Bu \u00f6zellik, \u00f6zellikle navigasyon kullan\u0131m\u0131 s\u0131ras\u0131nda b\u00fcy\u00fck avantaj sa\u011flar. \u0130ster dikey ister yatay kullan\u0131m imkan\u0131 sunarak ihtiya\u00e7lar\u0131n\u0131za tam uyum sa\u011flar.Dayan\u0131kl\u0131 malzeme yap\u0131s\u0131 sayesinde uzun \u00f6m\u00fcrl\u00fc kullan\u0131m sunar. G\u00fcnl\u00fck kullan\u0131mda a\u015f\u0131nmaya kar\u015f\u0131 diren\u00e7lidir ve performans\u0131ndan \u00f6d\u00fcn vermez. Hem pratik hem de g\u00fcvenli bir \u00e7\u00f6z\u00fcm sunan bu manyetik telefon tutucu, ara\u00e7 i\u00e7inde telefon kullan\u0131m\u0131n\u0131 kolayla\u015ft\u0131ran vazge\u00e7ilmez bir aksesuard\u0131r.<\/p>\n","protected":false},"excerpt":{"rendered":"<p>Ara\u00e7 i\u00e7i kullan\u0131m i\u00e7in \u00f6zel olarak tasarlanan manyetik telefon tutucu, s\u00fcr\u00fc\u015f s\u0131ras\u0131nda maksimum konfor ve g\u00fcvenlik sunar. 4.7 in\u00e7 ve \u00fczeri t\u00fcm ak\u0131ll\u0131 telefonlarla uyumlu olan bu \u00fcr\u00fcn, cihaz\u0131n\u0131z\u0131 model fark etmeksizin g\u00fc\u00e7l\u00fc m\u0131knat\u0131s sistemi sayesinde sabit bir \u015fekilde tutar. Yeni bir telefon ald\u0131\u011f\u0131n\u0131zda ekstra bir aparat araman\u0131za gerek kalmadan ayn\u0131 tutucuyu kullanmaya devam edebilirsiniz.Geli\u015fmi\u015f&#8230;<\/p>\n","protected":false},"featured_media":129792,"comment_status":"open","ping_status":"closed","template":"","meta":{"_kad_post_transparent":"","_kad_post_title":"","_kad_post_layout":"","_kad_post_sidebar_id":"","_kad_post_content_style":"","_kad_post_vertical_padding":"","_kad_post_feature":"","_kad_post_feature_position":"","_kad_post_header":false,"_kad_post_footer":false,"_kad_post_classname":""},"product_brand":[],"product_cat":[14983],"product_tag":[],"class_list":{"0":"post-129793","1":"product","2":"type-product","3":"status-publish","4":"has-post-thumbnail","6":"product_cat-telefon-tutucu-telefon-tutucu","8":"first","9":"instock","10":"purchasable","11":"product-type-simple","12":"entry","13":"content-bg","14":"loop-entry"},"_links":{"self":[{"href":"https:\/\/www.hediyepazar.com\/index.php?rest_route=\/wp\/v2\/product\/129793","targetHints":{"allow":["GET"]}}],"collection":[{"href":"https:\/\/www.hediyepazar.com\/index.php?rest_route=\/wp\/v2\/product"}],"about":[{"href":"https:\/\/www.hediyepazar.com\/index.php?rest_route=\/wp\/v2\/types\/product"}],"replies":[{"embeddable":true,"href":"https:\/\/www.hediyepazar.com\/index.php?rest_route=%2Fwp%2Fv2%2Fcomments&post=129793"}],"wp:featuredmedia":[{"embeddable":true,"href":"https:\/\/www.hediyepazar.com\/index.php?rest_route=\/wp\/v2\/media\/129792"}],"wp:attachment":[{"href":"https:\/\/www.hediyepazar.com\/index.php?rest_route=%2Fwp%2Fv2%2Fmedia&parent=129793"}],"wp:term":[{"taxonomy":"product_brand","embeddable":true,"href":"https:\/\/www.hediyepazar.com\/index.php?rest_route=%2Fwp%2Fv2%2Fproduct_brand&post=129793"},{"taxonomy":"product_cat","embeddable":true,"href":"https:\/\/www.hediyepazar.com\/index.php?rest_route=%2Fwp%2Fv2%2Fproduct_cat&post=129793"},{"taxonomy":"product_tag","embeddable":true,"href":"https:\/\/www.hediyepazar.com\/index.php?rest_route=%2Fwp%2Fv2%2Fproduct_tag&post=129793"}],"curies":[{"name":"wp","href":"https:\/\/api.w.org\/{rel}","templated":true}]}}