{"id":129797,"date":"2026-05-07T05:59:20","date_gmt":"2026-05-07T08:59:20","guid":{"rendered":"https:\/\/www.hediyepazar.com\/?product=g5-ateri"},"modified":"2026-05-07T05:59:20","modified_gmt":"2026-05-07T08:59:20","slug":"g5-ateri","status":"publish","type":"product","link":"https:\/\/www.hediyepazar.com\/?product=g5-ateri","title":{"rendered":"G5-Ateri"},"content":{"rendered":"<p>Geli\u015fmi\u015f renkli 3 in\u00e7 LCD ekran\u0131, oyun deneyimini daha net ve canl\u0131 hale getirirken, ergonomik tu\u015f yerle\u015fimi sayesinde uzun s\u00fcreli kullan\u0131mda konfor sa\u011flar. Oyunlar do\u011frudan cihaz\u0131n haf\u0131zas\u0131na y\u00fckl\u00fc olarak geldi\u011fi i\u00e7in ekstra indirme, kurulum veya internet ba\u011flant\u0131s\u0131na gerek yoktur.USB kablo ile \u015farj edilen dahili bataryas\u0131, tek \u015farjla uzun s\u00fcreli kullan\u0131m sa\u011flar. Elektrik ba\u011f\u0131ml\u0131l\u0131\u011f\u0131 olmadan \u00f6zg\u00fcrce oyun oynayabilirsiniz. Dayan\u0131kl\u0131 plastik kasas\u0131, d\u00fc\u015fmelere ve \u00e7izilmelere kar\u015f\u0131 diren\u00e7lidir. G5 Game Box, hem ge\u00e7mi\u015fin oyunlar\u0131n\u0131 ya\u015fatmak isteyen yeti\u015fkinler hem de ke\u015ffetmeye hevesli \u00e7ocuklar i\u00e7in e\u011flenceli, kullan\u0131\u015fl\u0131 ve duygusal de\u011feri y\u00fcksek bir cihazd\u0131r.<\/p>\n","protected":false},"excerpt":{"rendered":"<p>Geli\u015fmi\u015f renkli 3 in\u00e7 LCD ekran\u0131, oyun deneyimini daha net ve canl\u0131 hale getirirken, ergonomik tu\u015f yerle\u015fimi sayesinde uzun s\u00fcreli kullan\u0131mda konfor sa\u011flar. Oyunlar do\u011frudan cihaz\u0131n haf\u0131zas\u0131na y\u00fckl\u00fc olarak geldi\u011fi i\u00e7in ekstra indirme, kurulum veya internet ba\u011flant\u0131s\u0131na gerek yoktur.USB kablo ile \u015farj edilen dahili bataryas\u0131, tek \u015farjla uzun s\u00fcreli kullan\u0131m sa\u011flar. Elektrik ba\u011f\u0131ml\u0131l\u0131\u011f\u0131 olmadan \u00f6zg\u00fcrce&#8230;<\/p>\n","protected":false},"featured_media":129796,"comment_status":"open","ping_status":"closed","template":"","meta":{"_kad_post_transparent":"","_kad_post_title":"","_kad_post_layout":"","_kad_post_sidebar_id":"","_kad_post_content_style":"","_kad_post_vertical_padding":"","_kad_post_feature":"","_kad_post_feature_position":"","_kad_post_header":false,"_kad_post_footer":false,"_kad_post_classname":""},"product_brand":[],"product_cat":[14961],"product_tag":[],"class_list":{"0":"post-129797","1":"product","2":"type-product","3":"status-publish","4":"has-post-thumbnail","6":"product_cat-oyun-konsolu-oyun-konsolu","8":"first","9":"instock","10":"purchasable","11":"product-type-simple","12":"entry","13":"content-bg","14":"loop-entry"},"_links":{"self":[{"href":"https:\/\/www.hediyepazar.com\/index.php?rest_route=\/wp\/v2\/product\/129797","targetHints":{"allow":["GET"]}}],"collection":[{"href":"https:\/\/www.hediyepazar.com\/index.php?rest_route=\/wp\/v2\/product"}],"about":[{"href":"https:\/\/www.hediyepazar.com\/index.php?rest_route=\/wp\/v2\/types\/product"}],"replies":[{"embeddable":true,"href":"https:\/\/www.hediyepazar.com\/index.php?rest_route=%2Fwp%2Fv2%2Fcomments&post=129797"}],"wp:featuredmedia":[{"embeddable":true,"href":"https:\/\/www.hediyepazar.com\/index.php?rest_route=\/wp\/v2\/media\/129796"}],"wp:attachment":[{"href":"https:\/\/www.hediyepazar.com\/index.php?rest_route=%2Fwp%2Fv2%2Fmedia&parent=129797"}],"wp:term":[{"taxonomy":"product_brand","embeddable":true,"href":"https:\/\/www.hediyepazar.com\/index.php?rest_route=%2Fwp%2Fv2%2Fproduct_brand&post=129797"},{"taxonomy":"product_cat","embeddable":true,"href":"https:\/\/www.hediyepazar.com\/index.php?rest_route=%2Fwp%2Fv2%2Fproduct_cat&post=129797"},{"taxonomy":"product_tag","embeddable":true,"href":"https:\/\/www.hediyepazar.com\/index.php?rest_route=%2Fwp%2Fv2%2Fproduct_tag&post=129797"}],"curies":[{"name":"wp","href":"https:\/\/api.w.org\/{rel}","templated":true}]}}