{"id":129801,"date":"2026-05-07T06:01:03","date_gmt":"2026-05-07T09:01:03","guid":{"rendered":"https:\/\/www.hediyepazar.com\/?product=620-klasik-oyunlu-mini-el-konsolu-sarjli-batarya-hd-goruntu"},"modified":"2026-05-07T06:01:03","modified_gmt":"2026-05-07T09:01:03","slug":"620-klasik-oyunlu-mini-el-konsolu-sarjli-batarya-hd-goruntu","status":"publish","type":"product","link":"https:\/\/www.hediyepazar.com\/?product=620-klasik-oyunlu-mini-el-konsolu-sarjli-batarya-hd-goruntu","title":{"rendered":"620 Klasik Oyunlu Mini El Konsolu \u015earjl\u0131 Batarya HD G\u00f6r\u00fcnt\u00fc"},"content":{"rendered":"<p>Klasik oyun tutkunlar\u0131 i\u00e7in \u00f6zel olarak tasarlanan bu ta\u015f\u0131nabilir oyun konsolu, 620 farkl\u0131 oyun se\u00e7ene\u011fi ile e\u011flenceyi zirveye ta\u015f\u0131r. Tek bir cihazda y\u00fczlerce oyunu bir arada sunarak kullan\u0131c\u0131ya geni\u015f bir oyun deneyimi sa\u011flar.Kurulum gerektirmeyen yap\u0131s\u0131 sayesinde zaman kaybetmeden oyun oynamaya ba\u015flayabilirsiniz. Oyunlar cihaz\u0131n i\u00e7inde haz\u0131r olarak bulunur. Bu da kullan\u0131m kolayl\u0131\u011f\u0131 sa\u011flar.Geni\u015f ve renkli ekran\u0131 sayesinde oyunlar daha keyifli hale gelir. G\u00f6r\u00fcnt\u00fc kalitesi olduk\u00e7a tatmin edicidir. Uzun s\u00fcreli kullan\u0131mda g\u00f6z yormaz.TV ba\u011flant\u0131 \u00f6zelli\u011fi ile oyunlar\u0131 televizyona aktarabilir ve daha b\u00fcy\u00fck ekranda oynayabilirsiniz. Bu \u00f6zellik sayesinde arkada\u015flar\u0131n\u0131zla birlikte e\u011flenceli anlar ya\u015fayabilirsiniz.\u015earjl\u0131 bataryas\u0131 uzun s\u00fcre kullan\u0131m sa\u011flar. Ta\u015f\u0131nabilir yap\u0131s\u0131 sayesinde her ortamda rahatl\u0131kla kullan\u0131labilir. Dayan\u0131kl\u0131 yap\u0131s\u0131 ile uzun \u00f6m\u00fcrl\u00fcd\u00fcr.<\/p>\n","protected":false},"excerpt":{"rendered":"<p>Klasik oyun tutkunlar\u0131 i\u00e7in \u00f6zel olarak tasarlanan bu ta\u015f\u0131nabilir oyun konsolu, 620 farkl\u0131 oyun se\u00e7ene\u011fi ile e\u011flenceyi zirveye ta\u015f\u0131r. Tek bir cihazda y\u00fczlerce oyunu bir arada sunarak kullan\u0131c\u0131ya geni\u015f bir oyun deneyimi sa\u011flar.Kurulum gerektirmeyen yap\u0131s\u0131 sayesinde zaman kaybetmeden oyun oynamaya ba\u015flayabilirsiniz. Oyunlar cihaz\u0131n i\u00e7inde haz\u0131r olarak bulunur. Bu da kullan\u0131m kolayl\u0131\u011f\u0131 sa\u011flar.Geni\u015f ve renkli ekran\u0131&#8230;<\/p>\n","protected":false},"featured_media":129800,"comment_status":"open","ping_status":"closed","template":"","meta":{"_kad_post_transparent":"","_kad_post_title":"","_kad_post_layout":"","_kad_post_sidebar_id":"","_kad_post_content_style":"","_kad_post_vertical_padding":"","_kad_post_feature":"","_kad_post_feature_position":"","_kad_post_header":false,"_kad_post_footer":false,"_kad_post_classname":""},"product_brand":[],"product_cat":[14961],"product_tag":[],"class_list":{"0":"post-129801","1":"product","2":"type-product","3":"status-publish","4":"has-post-thumbnail","6":"product_cat-oyun-konsolu-oyun-konsolu","8":"first","9":"instock","10":"purchasable","11":"product-type-simple","12":"entry","13":"content-bg","14":"loop-entry"},"_links":{"self":[{"href":"https:\/\/www.hediyepazar.com\/index.php?rest_route=\/wp\/v2\/product\/129801","targetHints":{"allow":["GET"]}}],"collection":[{"href":"https:\/\/www.hediyepazar.com\/index.php?rest_route=\/wp\/v2\/product"}],"about":[{"href":"https:\/\/www.hediyepazar.com\/index.php?rest_route=\/wp\/v2\/types\/product"}],"replies":[{"embeddable":true,"href":"https:\/\/www.hediyepazar.com\/index.php?rest_route=%2Fwp%2Fv2%2Fcomments&post=129801"}],"wp:featuredmedia":[{"embeddable":true,"href":"https:\/\/www.hediyepazar.com\/index.php?rest_route=\/wp\/v2\/media\/129800"}],"wp:attachment":[{"href":"https:\/\/www.hediyepazar.com\/index.php?rest_route=%2Fwp%2Fv2%2Fmedia&parent=129801"}],"wp:term":[{"taxonomy":"product_brand","embeddable":true,"href":"https:\/\/www.hediyepazar.com\/index.php?rest_route=%2Fwp%2Fv2%2Fproduct_brand&post=129801"},{"taxonomy":"product_cat","embeddable":true,"href":"https:\/\/www.hediyepazar.com\/index.php?rest_route=%2Fwp%2Fv2%2Fproduct_cat&post=129801"},{"taxonomy":"product_tag","embeddable":true,"href":"https:\/\/www.hediyepazar.com\/index.php?rest_route=%2Fwp%2Fv2%2Fproduct_tag&post=129801"}],"curies":[{"name":"wp","href":"https:\/\/api.w.org\/{rel}","templated":true}]}}