{"id":129815,"date":"2026-05-07T06:05:04","date_gmt":"2026-05-07T09:05:04","guid":{"rendered":"https:\/\/www.hediyepazar.com\/?product=6-baslikli-hizli-kurutma-ve-bukle-sekillendirme-seti"},"modified":"2026-05-07T06:05:04","modified_gmt":"2026-05-07T09:05:04","slug":"6-baslikli-hizli-kurutma-ve-bukle-sekillendirme-seti","status":"publish","type":"product","link":"https:\/\/www.hediyepazar.com\/?product=6-baslikli-hizli-kurutma-ve-bukle-sekillendirme-seti","title":{"rendered":"6 Ba\u015fl\u0131kl\u0131 H\u0131zl\u0131 Kurutma ve Bukle \u015eekillendirme Seti"},"content":{"rendered":"<p>6-in-1 Sa\u00e7 \u015eekillendirme Seti, farkl\u0131 sa\u00e7 tiplerine uyum sa\u011flayan \u00e7ok y\u00f6nl\u00fc bir \u00e7\u00f6z\u00fcmd\u00fcr. Y\u00fcksek h\u0131zl\u0131 motoru ve geli\u015fmi\u015f hava ak\u0131\u015f\u0131 teknolojisi sayesinde sa\u00e7lar\u0131n\u0131z\u0131 k\u0131sa s\u00fcrede kuruturken ayn\u0131 zamanda \u015fekillendirir.Negatif iyon teknolojisi, sa\u00e7\u0131n nem dengesini korumaya yard\u0131mc\u0131 olur. Kurutma s\u0131ras\u0131nda olu\u015fan statik elektri\u011fi azalt\u0131r ve sa\u00e7lar\u0131n daha d\u00fczg\u00fcn, parlak g\u00f6r\u00fcnmesini sa\u011flar. \u00d6zellikle kabarmaya yatk\u0131n sa\u00e7lar i\u00e7in ideal bir performans sunar.LCD ekran \u00fczerinden kontrol edilebilen s\u0131cakl\u0131k ve h\u0131z ayarlar\u0131, kullan\u0131c\u0131ya tam kontrol sa\u011flar. 3 kademeli s\u0131cakl\u0131k ve h\u0131z ayar\u0131 ile sa\u00e7 yap\u0131n\u0131za uygun en do\u011fru ayar\u0131 se\u00e7ebilirsiniz. Ak\u0131ll\u0131 \u0131s\u0131 kontrol sistemi, sa\u00e7 sa\u011fl\u0131\u011f\u0131n\u0131 \u00f6n planda tutarak \u0131s\u0131 kaynakl\u0131 hasarlar\u0131 azalt\u0131r.Set i\u00e7eri\u011findeki ba\u015fl\u0131klar sayesinde tek cihazla bir\u00e7ok farkl\u0131 stil olu\u015fturabilirsiniz. Bukle ba\u015fl\u0131klar\u0131, d\u00fczle\u015ftirme f\u0131r\u00e7as\u0131 ve hacimlendirici f\u0131r\u00e7a ile sa\u00e7lar\u0131n\u0131za profesyonel dokunu\u015flar katabilirsiniz. Oval kurutma ba\u015fl\u0131\u011f\u0131, y\u00f6nl\u00fc hava ak\u0131\u015f\u0131 ile kontroll\u00fc kurutma sa\u011flar.So\u011fuk \u00fcfleme fonksiyonu, \u015fekillendirme i\u015flemi sonras\u0131 sa\u00e7\u0131n formunu korur. Hafif ve ergonomik yap\u0131s\u0131, uzun s\u00fcreli kullan\u0131mlarda bile konfor sunar. 2 y\u0131l garanti ile g\u00fcvenli bir al\u0131\u015fveri\u015f deneyimi sa\u011flar.<\/p>\n","protected":false},"excerpt":{"rendered":"<p>6-in-1 Sa\u00e7 \u015eekillendirme Seti, farkl\u0131 sa\u00e7 tiplerine uyum sa\u011flayan \u00e7ok y\u00f6nl\u00fc bir \u00e7\u00f6z\u00fcmd\u00fcr. Y\u00fcksek h\u0131zl\u0131 motoru ve geli\u015fmi\u015f hava ak\u0131\u015f\u0131 teknolojisi sayesinde sa\u00e7lar\u0131n\u0131z\u0131 k\u0131sa s\u00fcrede kuruturken ayn\u0131 zamanda \u015fekillendirir.Negatif iyon teknolojisi, sa\u00e7\u0131n nem dengesini korumaya yard\u0131mc\u0131 olur. Kurutma s\u0131ras\u0131nda olu\u015fan statik elektri\u011fi azalt\u0131r ve sa\u00e7lar\u0131n daha d\u00fczg\u00fcn, parlak g\u00f6r\u00fcnmesini sa\u011flar. \u00d6zellikle kabarmaya yatk\u0131n sa\u00e7lar i\u00e7in&#8230;<\/p>\n","protected":false},"featured_media":129814,"comment_status":"open","ping_status":"closed","template":"","meta":{"_kad_post_transparent":"","_kad_post_title":"","_kad_post_layout":"","_kad_post_sidebar_id":"","_kad_post_content_style":"","_kad_post_vertical_padding":"","_kad_post_feature":"","_kad_post_feature_position":"","_kad_post_header":false,"_kad_post_footer":false,"_kad_post_classname":""},"product_brand":[],"product_cat":[15023],"product_tag":[],"class_list":{"0":"post-129815","1":"product","2":"type-product","3":"status-publish","4":"has-post-thumbnail","6":"product_cat-sac-kurutma-makinesi-sac-kurutma-makinesi","8":"first","9":"instock","10":"purchasable","11":"product-type-simple","12":"entry","13":"content-bg","14":"loop-entry"},"_links":{"self":[{"href":"https:\/\/www.hediyepazar.com\/index.php?rest_route=\/wp\/v2\/product\/129815","targetHints":{"allow":["GET"]}}],"collection":[{"href":"https:\/\/www.hediyepazar.com\/index.php?rest_route=\/wp\/v2\/product"}],"about":[{"href":"https:\/\/www.hediyepazar.com\/index.php?rest_route=\/wp\/v2\/types\/product"}],"replies":[{"embeddable":true,"href":"https:\/\/www.hediyepazar.com\/index.php?rest_route=%2Fwp%2Fv2%2Fcomments&post=129815"}],"wp:featuredmedia":[{"embeddable":true,"href":"https:\/\/www.hediyepazar.com\/index.php?rest_route=\/wp\/v2\/media\/129814"}],"wp:attachment":[{"href":"https:\/\/www.hediyepazar.com\/index.php?rest_route=%2Fwp%2Fv2%2Fmedia&parent=129815"}],"wp:term":[{"taxonomy":"product_brand","embeddable":true,"href":"https:\/\/www.hediyepazar.com\/index.php?rest_route=%2Fwp%2Fv2%2Fproduct_brand&post=129815"},{"taxonomy":"product_cat","embeddable":true,"href":"https:\/\/www.hediyepazar.com\/index.php?rest_route=%2Fwp%2Fv2%2Fproduct_cat&post=129815"},{"taxonomy":"product_tag","embeddable":true,"href":"https:\/\/www.hediyepazar.com\/index.php?rest_route=%2Fwp%2Fv2%2Fproduct_tag&post=129815"}],"curies":[{"name":"wp","href":"https:\/\/api.w.org\/{rel}","templated":true}]}}