{"id":129825,"date":"2026-05-07T06:05:38","date_gmt":"2026-05-07T09:05:38","guid":{"rendered":"https:\/\/www.hediyepazar.com\/?product=cakmak-parlak-siyah-benzinli-cakmak-cep-boy-doldurulabilir"},"modified":"2026-05-07T06:05:38","modified_gmt":"2026-05-07T09:05:38","slug":"cakmak-parlak-siyah-benzinli-cakmak-cep-boy-doldurulabilir","status":"publish","type":"product","link":"https:\/\/www.hediyepazar.com\/?product=cakmak-parlak-siyah-benzinli-cakmak-cep-boy-doldurulabilir","title":{"rendered":"\u00c7akmak Parlak Siyah Benzinli \u00c7akmak Cep Boy Doldurulabilir"},"content":{"rendered":"<p>Zarif ve sade \u00e7izgileriyle \u00f6ne \u00e7\u0131kan bu \u00e7akmak, g\u00fcnl\u00fck ya\u015fam\u0131n vazge\u00e7ilmez bir par\u00e7as\u0131 olman\u0131n \u00f6tesinde, tarz\u0131n\u0131z\u0131 yans\u0131tan \u015f\u0131k bir detay olarak \u00f6ne \u00e7\u0131kar. Mat metal g\u00f6vdesi, parmak izine kar\u015f\u0131 dayan\u0131kl\u0131 y\u00fczeyi ve minimalist tasar\u0131m\u0131yla hem estetik hem de kullan\u0131\u015fl\u0131 bir deneyim sunar. \u0130nce i\u015f\u00e7ili\u011fi sayesinde elde rahat\u00e7a kavran\u0131r ve kolay ate\u015fleme \u00f6zelli\u011fiyle pratik kullan\u0131m sa\u011flar.Kompakt yap\u0131s\u0131 sayesinde cebinizde ya da \u00e7antan\u0131zda rahat\u00e7a ta\u015f\u0131nabilir, b\u00f6ylece her an elinizin alt\u0131nda bulunur. \u0130ster d\u0131\u015f mek\u00e2nda, ister masa ba\u015f\u0131nda kullan\u0131n, bu \u00e7akmak her ortamda sade \u015f\u0131kl\u0131\u011f\u0131yla dikkat \u00e7eker. Kaliteli mekanizmas\u0131, uzun s\u00fcre sorunsuz kullan\u0131m sunacak \u015fekilde tasarlanm\u0131\u015ft\u0131r.\u00dcr\u00fcn, g\u00fcvenlik gere\u011fi benzinsiz olarak g\u00f6nderilmektedir. Bu sayede ilk dolumu siz yaparak \u00e7akma\u011f\u0131n\u0131z\u0131 tamamen size \u00f6zel hale getirebilirsiniz. Bu k\u00fc\u00e7\u00fck ama anlaml\u0131 dokunu\u015f, onu s\u0131radan bir nesne olmaktan \u00e7\u0131kar\u0131p, size \u00f6zel bir par\u00e7aya d\u00f6n\u00fc\u015ft\u00fcr\u00fcr.G\u00fcnl\u00fck kullan\u0131ma uygun, ayn\u0131 zamanda \u00f6zel g\u00fcnler i\u00e7in de zarif bir hediye alternatifi olan bu \u00e7akmak, her k\u0131v\u0131lc\u0131m\u0131nda karakterinizi ve stilinizi yans\u0131tan bir detay olacak.&nbsp;&nbsp;<\/p>\n","protected":false},"excerpt":{"rendered":"<p>Zarif ve sade \u00e7izgileriyle \u00f6ne \u00e7\u0131kan bu \u00e7akmak, g\u00fcnl\u00fck ya\u015fam\u0131n vazge\u00e7ilmez bir par\u00e7as\u0131 olman\u0131n \u00f6tesinde, tarz\u0131n\u0131z\u0131 yans\u0131tan \u015f\u0131k bir detay olarak \u00f6ne \u00e7\u0131kar. Mat metal g\u00f6vdesi, parmak izine kar\u015f\u0131 dayan\u0131kl\u0131 y\u00fczeyi ve minimalist tasar\u0131m\u0131yla hem estetik hem de kullan\u0131\u015fl\u0131 bir deneyim sunar. \u0130nce i\u015f\u00e7ili\u011fi sayesinde elde rahat\u00e7a kavran\u0131r ve kolay ate\u015fleme \u00f6zelli\u011fiyle pratik kullan\u0131m sa\u011flar.Kompakt&#8230;<\/p>\n","protected":false},"featured_media":129824,"comment_status":"open","ping_status":"closed","template":"","meta":{"_kad_post_transparent":"","_kad_post_title":"","_kad_post_layout":"","_kad_post_sidebar_id":"","_kad_post_content_style":"","_kad_post_vertical_padding":"","_kad_post_feature":"","_kad_post_feature_position":"","_kad_post_header":false,"_kad_post_footer":false,"_kad_post_classname":""},"product_brand":[],"product_cat":[15042],"product_tag":[],"class_list":{"0":"post-129825","1":"product","2":"type-product","3":"status-publish","4":"has-post-thumbnail","6":"product_cat-benzinli-cakmak-benzinli-cakmak","8":"first","9":"instock","10":"purchasable","11":"product-type-simple","12":"entry","13":"content-bg","14":"loop-entry"},"_links":{"self":[{"href":"https:\/\/www.hediyepazar.com\/index.php?rest_route=\/wp\/v2\/product\/129825","targetHints":{"allow":["GET"]}}],"collection":[{"href":"https:\/\/www.hediyepazar.com\/index.php?rest_route=\/wp\/v2\/product"}],"about":[{"href":"https:\/\/www.hediyepazar.com\/index.php?rest_route=\/wp\/v2\/types\/product"}],"replies":[{"embeddable":true,"href":"https:\/\/www.hediyepazar.com\/index.php?rest_route=%2Fwp%2Fv2%2Fcomments&post=129825"}],"wp:featuredmedia":[{"embeddable":true,"href":"https:\/\/www.hediyepazar.com\/index.php?rest_route=\/wp\/v2\/media\/129824"}],"wp:attachment":[{"href":"https:\/\/www.hediyepazar.com\/index.php?rest_route=%2Fwp%2Fv2%2Fmedia&parent=129825"}],"wp:term":[{"taxonomy":"product_brand","embeddable":true,"href":"https:\/\/www.hediyepazar.com\/index.php?rest_route=%2Fwp%2Fv2%2Fproduct_brand&post=129825"},{"taxonomy":"product_cat","embeddable":true,"href":"https:\/\/www.hediyepazar.com\/index.php?rest_route=%2Fwp%2Fv2%2Fproduct_cat&post=129825"},{"taxonomy":"product_tag","embeddable":true,"href":"https:\/\/www.hediyepazar.com\/index.php?rest_route=%2Fwp%2Fv2%2Fproduct_tag&post=129825"}],"curies":[{"name":"wp","href":"https:\/\/api.w.org\/{rel}","templated":true}]}}