{"id":129835,"date":"2026-05-07T06:09:04","date_gmt":"2026-05-07T09:09:04","guid":{"rendered":"https:\/\/www.hediyepazar.com\/?product=modern-parlak-yesil-vazo-dekoratif-sik-tasarim-salon-ofis-kullanim"},"modified":"2026-05-07T06:09:04","modified_gmt":"2026-05-07T09:09:04","slug":"modern-parlak-yesil-vazo-dekoratif-sik-tasarim-salon-ofis-kullanim","status":"publish","type":"product","link":"https:\/\/www.hediyepazar.com\/?product=modern-parlak-yesil-vazo-dekoratif-sik-tasarim-salon-ofis-kullanim","title":{"rendered":"Modern Parlak Ye\u015fil Vazo Dekoratif \u015e\u0131k Tasar\u0131m Salon Ofis Kullan\u0131m"},"content":{"rendered":"<p>Canl\u0131 ve parlak ye\u015fil tonlar\u0131yla \u00f6ne \u00e7\u0131kan bu dekoratif vazo, modern ya\u015fam alanlar\u0131na estetik ve enerjik bir dokunu\u015f katmak isteyenler i\u00e7in ideal bir se\u00e7enektir. G\u00f6z al\u0131c\u0131 rengi sayesinde bulundu\u011fu ortamda dikkat \u00e7eker ve dekorasyonun tamamlay\u0131c\u0131 de\u011fil, do\u011frudan odak noktas\u0131 haline gelir.\u00dcr\u00fcn\u00fcn silindirik formu ve y\u00fczeyindeki \u00f6zel tasar\u0131m detaylar\u0131, klasik vazolardan farkl\u0131 ve modern bir duru\u015f sergiler. Dalgal\u0131 y\u00fczey yap\u0131s\u0131, \u0131\u015f\u0131kla birlikte farkl\u0131 yans\u0131malar olu\u015fturarak \u00fcr\u00fcne hareket kazand\u0131r\u0131r. Bu sayede bulundu\u011fu ortamda dinamik ve modern bir atmosfer olu\u015fturur.Geni\u015f kullan\u0131m alan\u0131 sunan bu \u00fcr\u00fcn; salon, yatak odas\u0131, ofis, \u00e7al\u0131\u015fma alan\u0131 ve giri\u015f b\u00f6l\u00fcmlerinde rahatl\u0131kla kullan\u0131labilir. Masa \u00fcst\u00fc, raf veya sehpa \u00fczerinde konumland\u0131r\u0131ld\u0131\u011f\u0131nda dekorasyonu tamamlayan \u015f\u0131k bir par\u00e7a haline gelir. \u0130\u00e7ine yerle\u015ftirilecek \u00e7i\u00e7eklerle daha do\u011fal ve canl\u0131 bir g\u00f6r\u00fcn\u00fcm elde edilebilir.Dayan\u0131kl\u0131 yap\u0131s\u0131 sayesinde uzun s\u00fcreli kullan\u0131m imkan\u0131 sunar. Hafif olmas\u0131 sayesinde kolay ta\u015f\u0131n\u0131r ve farkl\u0131 alanlarda pratik \u015fekilde kullan\u0131labilir. Kolay temizlenebilir y\u00fczeyi ile kullan\u0131m sonras\u0131 bak\u0131m gerektirmez.Modern tasar\u0131m\u0131 ve dikkat \u00e7ekici rengi ile \u00f6ne \u00e7\u0131kan bu dekoratif vazo, hem g\u00fcnl\u00fck kullan\u0131m hem de hediye alternatifi olarak tercih edilebilir. Bulundu\u011fu ortama canl\u0131l\u0131k ve estetik kazand\u0131r\u0131r.<\/p>\n","protected":false},"excerpt":{"rendered":"<p>Canl\u0131 ve parlak ye\u015fil tonlar\u0131yla \u00f6ne \u00e7\u0131kan bu dekoratif vazo, modern ya\u015fam alanlar\u0131na estetik ve enerjik bir dokunu\u015f katmak isteyenler i\u00e7in ideal bir se\u00e7enektir. G\u00f6z al\u0131c\u0131 rengi sayesinde bulundu\u011fu ortamda dikkat \u00e7eker ve dekorasyonun tamamlay\u0131c\u0131 de\u011fil, do\u011frudan odak noktas\u0131 haline gelir.\u00dcr\u00fcn\u00fcn silindirik formu ve y\u00fczeyindeki \u00f6zel tasar\u0131m detaylar\u0131, klasik vazolardan farkl\u0131 ve modern bir duru\u015f&#8230;<\/p>\n","protected":false},"featured_media":129834,"comment_status":"open","ping_status":"closed","template":"","meta":{"_kad_post_transparent":"","_kad_post_title":"","_kad_post_layout":"","_kad_post_sidebar_id":"","_kad_post_content_style":"","_kad_post_vertical_padding":"","_kad_post_feature":"","_kad_post_feature_position":"","_kad_post_header":false,"_kad_post_footer":false,"_kad_post_classname":""},"product_brand":[],"product_cat":[14940],"product_tag":[],"class_list":{"0":"post-129835","1":"product","2":"type-product","3":"status-publish","4":"has-post-thumbnail","6":"product_cat-dekoratif-obje-biblo-dekoratif-obje-biblo","8":"first","9":"instock","10":"purchasable","11":"product-type-simple","12":"entry","13":"content-bg","14":"loop-entry"},"_links":{"self":[{"href":"https:\/\/www.hediyepazar.com\/index.php?rest_route=\/wp\/v2\/product\/129835","targetHints":{"allow":["GET"]}}],"collection":[{"href":"https:\/\/www.hediyepazar.com\/index.php?rest_route=\/wp\/v2\/product"}],"about":[{"href":"https:\/\/www.hediyepazar.com\/index.php?rest_route=\/wp\/v2\/types\/product"}],"replies":[{"embeddable":true,"href":"https:\/\/www.hediyepazar.com\/index.php?rest_route=%2Fwp%2Fv2%2Fcomments&post=129835"}],"wp:featuredmedia":[{"embeddable":true,"href":"https:\/\/www.hediyepazar.com\/index.php?rest_route=\/wp\/v2\/media\/129834"}],"wp:attachment":[{"href":"https:\/\/www.hediyepazar.com\/index.php?rest_route=%2Fwp%2Fv2%2Fmedia&parent=129835"}],"wp:term":[{"taxonomy":"product_brand","embeddable":true,"href":"https:\/\/www.hediyepazar.com\/index.php?rest_route=%2Fwp%2Fv2%2Fproduct_brand&post=129835"},{"taxonomy":"product_cat","embeddable":true,"href":"https:\/\/www.hediyepazar.com\/index.php?rest_route=%2Fwp%2Fv2%2Fproduct_cat&post=129835"},{"taxonomy":"product_tag","embeddable":true,"href":"https:\/\/www.hediyepazar.com\/index.php?rest_route=%2Fwp%2Fv2%2Fproduct_tag&post=129835"}],"curies":[{"name":"wp","href":"https:\/\/api.w.org\/{rel}","templated":true}]}}