{"id":129847,"date":"2026-05-07T06:12:03","date_gmt":"2026-05-07T09:12:03","guid":{"rendered":"https:\/\/www.hediyepazar.com\/?product=3d-urun-spiral-vazo"},"modified":"2026-05-07T06:12:03","modified_gmt":"2026-05-07T09:12:03","slug":"3d-urun-spiral-vazo","status":"publish","type":"product","link":"https:\/\/www.hediyepazar.com\/?product=3d-urun-spiral-vazo","title":{"rendered":"3D \u00dcR\u00dcN SP\u0130RAL VAZO"},"content":{"rendered":"<p>Ya\u015fam alanlar\u0131n\u0131za modern bir dokunu\u015f katmak istiyorsan\u0131z, ye\u015fil spiral 3D vazo tam arad\u0131\u011f\u0131n\u0131z par\u00e7a. \u00d6zg\u00fcn tasar\u0131m\u0131 ve dikkat \u00e7ekici spiral formu sayesinde bulundu\u011fu ortamda fark yarat\u0131r. Canl\u0131 ye\u015fil rengi do\u011fadan ilham alarak mek\u00e2na enerji ve ferahl\u0131k katar.Estetik g\u00f6r\u00fcn\u00fcm\u00fcn\u00fcn yan\u0131 s\u0131ra kullan\u0131\u015fl\u0131 yap\u0131s\u0131 ile de \u00f6ne \u00e7\u0131kar. Hafif ve sa\u011flam yap\u0131s\u0131 sayesinde farkl\u0131 alanlarda rahatl\u0131kla kullan\u0131labilir. Salon sehpas\u0131, TV \u00fcnitesi, raf veya masa \u00fczerinde dekoratif obje olarak konumland\u0131r\u0131labilir.Modern, minimal ve \u00e7a\u011fda\u015f dekorasyon tarzlar\u0131yla uyum sa\u011flayan bu vazo, hem g\u00fcnl\u00fck kullan\u0131m hem de \u00f6zel dekorasyon d\u00fczenlemeleri i\u00e7in idealdir. \u015e\u0131k ve zarif tasar\u0131m\u0131 ile evinize de\u011fer katar.<\/p>\n","protected":false},"excerpt":{"rendered":"<p>Ya\u015fam alanlar\u0131n\u0131za modern bir dokunu\u015f katmak istiyorsan\u0131z, ye\u015fil spiral 3D vazo tam arad\u0131\u011f\u0131n\u0131z par\u00e7a. \u00d6zg\u00fcn tasar\u0131m\u0131 ve dikkat \u00e7ekici spiral formu sayesinde bulundu\u011fu ortamda fark yarat\u0131r. Canl\u0131 ye\u015fil rengi do\u011fadan ilham alarak mek\u00e2na enerji ve ferahl\u0131k katar.Estetik g\u00f6r\u00fcn\u00fcm\u00fcn\u00fcn yan\u0131 s\u0131ra kullan\u0131\u015fl\u0131 yap\u0131s\u0131 ile de \u00f6ne \u00e7\u0131kar. Hafif ve sa\u011flam yap\u0131s\u0131 sayesinde farkl\u0131 alanlarda rahatl\u0131kla kullan\u0131labilir&#8230;.<\/p>\n","protected":false},"featured_media":129846,"comment_status":"open","ping_status":"closed","template":"","meta":{"_kad_post_transparent":"","_kad_post_title":"","_kad_post_layout":"","_kad_post_sidebar_id":"","_kad_post_content_style":"","_kad_post_vertical_padding":"","_kad_post_feature":"","_kad_post_feature_position":"","_kad_post_header":false,"_kad_post_footer":false,"_kad_post_classname":""},"product_brand":[],"product_cat":[14940],"product_tag":[],"class_list":{"0":"post-129847","1":"product","2":"type-product","3":"status-publish","4":"has-post-thumbnail","6":"product_cat-dekoratif-obje-biblo-dekoratif-obje-biblo","8":"first","9":"instock","10":"purchasable","11":"product-type-simple","12":"entry","13":"content-bg","14":"loop-entry"},"_links":{"self":[{"href":"https:\/\/www.hediyepazar.com\/index.php?rest_route=\/wp\/v2\/product\/129847","targetHints":{"allow":["GET"]}}],"collection":[{"href":"https:\/\/www.hediyepazar.com\/index.php?rest_route=\/wp\/v2\/product"}],"about":[{"href":"https:\/\/www.hediyepazar.com\/index.php?rest_route=\/wp\/v2\/types\/product"}],"replies":[{"embeddable":true,"href":"https:\/\/www.hediyepazar.com\/index.php?rest_route=%2Fwp%2Fv2%2Fcomments&post=129847"}],"wp:featuredmedia":[{"embeddable":true,"href":"https:\/\/www.hediyepazar.com\/index.php?rest_route=\/wp\/v2\/media\/129846"}],"wp:attachment":[{"href":"https:\/\/www.hediyepazar.com\/index.php?rest_route=%2Fwp%2Fv2%2Fmedia&parent=129847"}],"wp:term":[{"taxonomy":"product_brand","embeddable":true,"href":"https:\/\/www.hediyepazar.com\/index.php?rest_route=%2Fwp%2Fv2%2Fproduct_brand&post=129847"},{"taxonomy":"product_cat","embeddable":true,"href":"https:\/\/www.hediyepazar.com\/index.php?rest_route=%2Fwp%2Fv2%2Fproduct_cat&post=129847"},{"taxonomy":"product_tag","embeddable":true,"href":"https:\/\/www.hediyepazar.com\/index.php?rest_route=%2Fwp%2Fv2%2Fproduct_tag&post=129847"}],"curies":[{"name":"wp","href":"https:\/\/api.w.org\/{rel}","templated":true}]}}