{"id":129849,"date":"2026-05-07T06:12:11","date_gmt":"2026-05-07T09:12:11","guid":{"rendered":"https:\/\/www.hediyepazar.com\/?product=yesil-spiral-3d-baski-vazo-estetik-modern-ev-ofis-dekoru"},"modified":"2026-05-07T06:12:11","modified_gmt":"2026-05-07T09:12:11","slug":"yesil-spiral-3d-baski-vazo-estetik-modern-ev-ofis-dekoru","status":"publish","type":"product","link":"https:\/\/www.hediyepazar.com\/?product=yesil-spiral-3d-baski-vazo-estetik-modern-ev-ofis-dekoru","title":{"rendered":"Ye\u015fil Spiral 3D Bask\u0131 Vazo Estetik Modern Ev Ofis Dekoru"},"content":{"rendered":"<p>\u015e\u0131kl\u0131\u011f\u0131 ve modern tasar\u0131m\u0131 bir araya getiren 3D spiral ye\u015fil vazo, dekorasyonunda fark yaratmak isteyenler i\u00e7in \u00f6zel olarak \u00fcretilmi\u015ftir. K\u0131vr\u0131ml\u0131 ve hareketli y\u00fczeyi sayesinde \u0131\u015f\u0131\u011f\u0131 farkl\u0131 a\u00e7\u0131lardan yans\u0131tarak bulundu\u011fu ortama derinlik ve canl\u0131l\u0131k katar. Ye\u015filin do\u011fal tonlar\u0131, mek\u00e2na sakinlik ve do\u011fall\u0131k hissi kazand\u0131r\u0131r.Fonksiyonel kullan\u0131m sunan bu vazo, hem \u00e7i\u00e7eklerle hem de tek ba\u015f\u0131na dekoratif obje olarak kullan\u0131labilir. Kurutulmu\u015f \u00e7i\u00e7ekler, pampas veya yapay \u00e7i\u00e7eklerle kombinlendi\u011finde \u00e7ok daha etkileyici bir g\u00f6r\u00fcn\u00fcm olu\u015fturur. Modern ev dekorasyonu, ofis tasar\u0131m\u0131 ve minimalist ya\u015fam alanlar\u0131 i\u00e7in m\u00fckemmel bir tamamlay\u0131c\u0131d\u0131r.Dayan\u0131kl\u0131 yap\u0131s\u0131 sayesinde uzun \u00f6m\u00fcrl\u00fc kullan\u0131m sa\u011flar. \u015e\u0131k g\u00f6r\u00fcn\u00fcm\u00fc ile ayn\u0131 zamanda sevdiklerinize hediye edebilece\u011finiz zarif ve kullan\u0131\u015fl\u0131 bir alternatiftir.<\/p>\n","protected":false},"excerpt":{"rendered":"<p>\u015e\u0131kl\u0131\u011f\u0131 ve modern tasar\u0131m\u0131 bir araya getiren 3D spiral ye\u015fil vazo, dekorasyonunda fark yaratmak isteyenler i\u00e7in \u00f6zel olarak \u00fcretilmi\u015ftir. K\u0131vr\u0131ml\u0131 ve hareketli y\u00fczeyi sayesinde \u0131\u015f\u0131\u011f\u0131 farkl\u0131 a\u00e7\u0131lardan yans\u0131tarak bulundu\u011fu ortama derinlik ve canl\u0131l\u0131k katar. Ye\u015filin do\u011fal tonlar\u0131, mek\u00e2na sakinlik ve do\u011fall\u0131k hissi kazand\u0131r\u0131r.Fonksiyonel kullan\u0131m sunan bu vazo, hem \u00e7i\u00e7eklerle hem de tek ba\u015f\u0131na dekoratif obje&#8230;<\/p>\n","protected":false},"featured_media":129848,"comment_status":"open","ping_status":"closed","template":"","meta":{"_kad_post_transparent":"","_kad_post_title":"","_kad_post_layout":"","_kad_post_sidebar_id":"","_kad_post_content_style":"","_kad_post_vertical_padding":"","_kad_post_feature":"","_kad_post_feature_position":"","_kad_post_header":false,"_kad_post_footer":false,"_kad_post_classname":""},"product_brand":[],"product_cat":[14940],"product_tag":[],"class_list":{"0":"post-129849","1":"product","2":"type-product","3":"status-publish","4":"has-post-thumbnail","6":"product_cat-dekoratif-obje-biblo-dekoratif-obje-biblo","8":"first","9":"instock","10":"purchasable","11":"product-type-simple","12":"entry","13":"content-bg","14":"loop-entry"},"_links":{"self":[{"href":"https:\/\/www.hediyepazar.com\/index.php?rest_route=\/wp\/v2\/product\/129849","targetHints":{"allow":["GET"]}}],"collection":[{"href":"https:\/\/www.hediyepazar.com\/index.php?rest_route=\/wp\/v2\/product"}],"about":[{"href":"https:\/\/www.hediyepazar.com\/index.php?rest_route=\/wp\/v2\/types\/product"}],"replies":[{"embeddable":true,"href":"https:\/\/www.hediyepazar.com\/index.php?rest_route=%2Fwp%2Fv2%2Fcomments&post=129849"}],"wp:featuredmedia":[{"embeddable":true,"href":"https:\/\/www.hediyepazar.com\/index.php?rest_route=\/wp\/v2\/media\/129848"}],"wp:attachment":[{"href":"https:\/\/www.hediyepazar.com\/index.php?rest_route=%2Fwp%2Fv2%2Fmedia&parent=129849"}],"wp:term":[{"taxonomy":"product_brand","embeddable":true,"href":"https:\/\/www.hediyepazar.com\/index.php?rest_route=%2Fwp%2Fv2%2Fproduct_brand&post=129849"},{"taxonomy":"product_cat","embeddable":true,"href":"https:\/\/www.hediyepazar.com\/index.php?rest_route=%2Fwp%2Fv2%2Fproduct_cat&post=129849"},{"taxonomy":"product_tag","embeddable":true,"href":"https:\/\/www.hediyepazar.com\/index.php?rest_route=%2Fwp%2Fv2%2Fproduct_tag&post=129849"}],"curies":[{"name":"wp","href":"https:\/\/api.w.org\/{rel}","templated":true}]}}