{"id":129851,"date":"2026-05-07T06:12:17","date_gmt":"2026-05-07T09:12:17","guid":{"rendered":"https:\/\/www.hediyepazar.com\/?product=3d-spiral-yesil-vazo-modern-tasarim-dekoratif-ev-aksesuari"},"modified":"2026-05-07T06:12:17","modified_gmt":"2026-05-07T09:12:17","slug":"3d-spiral-yesil-vazo-modern-tasarim-dekoratif-ev-aksesuari","status":"publish","type":"product","link":"https:\/\/www.hediyepazar.com\/?product=3d-spiral-yesil-vazo-modern-tasarim-dekoratif-ev-aksesuari","title":{"rendered":"3D Spiral Ye\u015fil Vazo Modern Tasar\u0131m Dekoratif Ev Aksesuar\u0131"},"content":{"rendered":"<p>Modern dekorasyon anlay\u0131\u015f\u0131n\u0131 yans\u0131tan 3D spiral ye\u015fil vazo, ya\u015fam alanlar\u0131n\u0131za estetik ve dinamik bir hava katmak i\u00e7in \u00f6zel olarak tasarlanm\u0131\u015ft\u0131r. Ak\u0131\u015fkan spiral formu sayesinde klasik vazolardan ayr\u0131l\u0131r ve bulundu\u011fu ortamda dikkat \u00e7ekici bir odak noktas\u0131 olu\u015fturur. Canl\u0131 ye\u015fil tonlar\u0131 do\u011fay\u0131 \u00e7a\u011fr\u0131\u015ft\u0131rarak ortama ferah ve huzurlu bir atmosfer kazand\u0131r\u0131r.Y\u00fcksek kaliteli malzeme ile \u00fcretilmi\u015f olan bu dekoratif vazo, dayan\u0131kl\u0131 yap\u0131s\u0131 sayesinde uzun s\u00fcre g\u00fcvenle kullan\u0131labilir. Hafif ve kullan\u0131\u015fl\u0131 yap\u0131s\u0131 sayesinde farkl\u0131 alanlarda kolayca konumland\u0131r\u0131labilir. Salon, yatak odas\u0131, \u00e7al\u0131\u015fma alan\u0131 ve ofis dekorasyonunda rahatl\u0131kla tercih edilebilir.Sadece \u00e7i\u00e7ek yerle\u015ftirmek i\u00e7in de\u011fil, tek ba\u015f\u0131na dekoratif obje olarak da olduk\u00e7a \u015f\u0131k bir g\u00f6r\u00fcn\u00fcm sunar. Minimal, modern ve bohem dekorasyon stilleriyle uyum sa\u011flar. Sosyal medya payla\u015f\u0131mlar\u0131 ve estetik dekor foto\u011fraflar\u0131 i\u00e7in de ideal bir \u00fcr\u00fcnd\u00fcr.<\/p>\n","protected":false},"excerpt":{"rendered":"<p>Modern dekorasyon anlay\u0131\u015f\u0131n\u0131 yans\u0131tan 3D spiral ye\u015fil vazo, ya\u015fam alanlar\u0131n\u0131za estetik ve dinamik bir hava katmak i\u00e7in \u00f6zel olarak tasarlanm\u0131\u015ft\u0131r. Ak\u0131\u015fkan spiral formu sayesinde klasik vazolardan ayr\u0131l\u0131r ve bulundu\u011fu ortamda dikkat \u00e7ekici bir odak noktas\u0131 olu\u015fturur. Canl\u0131 ye\u015fil tonlar\u0131 do\u011fay\u0131 \u00e7a\u011fr\u0131\u015ft\u0131rarak ortama ferah ve huzurlu bir atmosfer kazand\u0131r\u0131r.Y\u00fcksek kaliteli malzeme ile \u00fcretilmi\u015f olan bu dekoratif&#8230;<\/p>\n","protected":false},"featured_media":129850,"comment_status":"open","ping_status":"closed","template":"","meta":{"_kad_post_transparent":"","_kad_post_title":"","_kad_post_layout":"","_kad_post_sidebar_id":"","_kad_post_content_style":"","_kad_post_vertical_padding":"","_kad_post_feature":"","_kad_post_feature_position":"","_kad_post_header":false,"_kad_post_footer":false,"_kad_post_classname":""},"product_brand":[],"product_cat":[14940],"product_tag":[],"class_list":{"0":"post-129851","1":"product","2":"type-product","3":"status-publish","4":"has-post-thumbnail","6":"product_cat-dekoratif-obje-biblo-dekoratif-obje-biblo","8":"first","9":"instock","10":"purchasable","11":"product-type-simple","12":"entry","13":"content-bg","14":"loop-entry"},"_links":{"self":[{"href":"https:\/\/www.hediyepazar.com\/index.php?rest_route=\/wp\/v2\/product\/129851","targetHints":{"allow":["GET"]}}],"collection":[{"href":"https:\/\/www.hediyepazar.com\/index.php?rest_route=\/wp\/v2\/product"}],"about":[{"href":"https:\/\/www.hediyepazar.com\/index.php?rest_route=\/wp\/v2\/types\/product"}],"replies":[{"embeddable":true,"href":"https:\/\/www.hediyepazar.com\/index.php?rest_route=%2Fwp%2Fv2%2Fcomments&post=129851"}],"wp:featuredmedia":[{"embeddable":true,"href":"https:\/\/www.hediyepazar.com\/index.php?rest_route=\/wp\/v2\/media\/129850"}],"wp:attachment":[{"href":"https:\/\/www.hediyepazar.com\/index.php?rest_route=%2Fwp%2Fv2%2Fmedia&parent=129851"}],"wp:term":[{"taxonomy":"product_brand","embeddable":true,"href":"https:\/\/www.hediyepazar.com\/index.php?rest_route=%2Fwp%2Fv2%2Fproduct_brand&post=129851"},{"taxonomy":"product_cat","embeddable":true,"href":"https:\/\/www.hediyepazar.com\/index.php?rest_route=%2Fwp%2Fv2%2Fproduct_cat&post=129851"},{"taxonomy":"product_tag","embeddable":true,"href":"https:\/\/www.hediyepazar.com\/index.php?rest_route=%2Fwp%2Fv2%2Fproduct_tag&post=129851"}],"curies":[{"name":"wp","href":"https:\/\/api.w.org\/{rel}","templated":true}]}}