{"id":129865,"date":"2026-05-07T06:16:57","date_gmt":"2026-05-07T09:16:57","guid":{"rendered":"https:\/\/www.hediyepazar.com\/?product=3d-kivrimli-pembe-lila-vazo-modern-dekoratif-sik-ev-aksesuari"},"modified":"2026-05-07T06:16:57","modified_gmt":"2026-05-07T09:16:57","slug":"3d-kivrimli-pembe-lila-vazo-modern-dekoratif-sik-ev-aksesuari","status":"publish","type":"product","link":"https:\/\/www.hediyepazar.com\/?product=3d-kivrimli-pembe-lila-vazo-modern-dekoratif-sik-ev-aksesuari","title":{"rendered":"3D K\u0131vr\u0131ml\u0131 Pembe Lila Vazo Modern Dekoratif \u015e\u0131k Ev Aksesuar\u0131"},"content":{"rendered":"<p>Modern ve estetik ya\u015fam alanlar\u0131 olu\u015fturmak isteyenler i\u00e7in tasarlanan 3D k\u0131vr\u0131ml\u0131 pembe lila vazo, zarif tasar\u0131m\u0131 ve dikkat \u00e7ekici renk ge\u00e7i\u015fi ile dekorasyonunuza farkl\u0131 bir boyut kazand\u0131r\u0131r. Pembe ve lila tonlar\u0131n\u0131n yumu\u015fak ge\u00e7i\u015fi, \u00fcr\u00fcne hem romantik hem de modern bir g\u00f6r\u00fcn\u00fcm kazand\u0131r\u0131rken, bulundu\u011fu ortama ferah ve \u015f\u0131k bir atmosfer sunar. \u00d6zellikle pastel tonlar\u0131 sevenler i\u00e7in olduk\u00e7a ideal bir dekoratif \u00fcr\u00fcnd\u00fcr.\u00dcr\u00fcn\u00fcn k\u0131vr\u0131ml\u0131 ve dalgal\u0131 y\u00fczey yap\u0131s\u0131, \u0131\u015f\u0131\u011f\u0131 farkl\u0131 a\u00e7\u0131lardan yans\u0131tarak derinlik ve hareket hissi olu\u015fturur. Bu sayede g\u00fcn \u0131\u015f\u0131\u011f\u0131nda daha canl\u0131 ve enerjik bir g\u00f6r\u00fcn\u00fcm sunarken, lo\u015f \u0131\u015f\u0131kta daha yumu\u015fak ve romantik bir ambiyans yarat\u0131r. Modern, minimal ve feminen dekorasyon tarzlar\u0131 ile m\u00fckemmel uyum sa\u011flar.Kompakt boyutu sayesinde k\u00fc\u00e7\u00fck alanlarda bile rahatl\u0131kla kullan\u0131labilir. \u00c7al\u0131\u015fma masas\u0131, makyaj masas\u0131, komodin, raf veya TV \u00fcnitesi \u00fczerinde dekoratif obje olarak konumland\u0131r\u0131labilir. Hafif yap\u0131s\u0131 sayesinde kolay ta\u015f\u0131nabilir ve farkl\u0131 alanlara uyum sa\u011flayabilir.Bu vazo yaln\u0131zca \u00e7i\u00e7ek yerle\u015ftirmek i\u00e7in de\u011fil, ayn\u0131 zamanda tek ba\u015f\u0131na dekoratif obje olarak da g\u00fc\u00e7l\u00fc bir etki yarat\u0131r. \u00d6zellikle kurutulmu\u015f \u00e7i\u00e7ekler veya yapay bitkiler ile birlikte kullan\u0131ld\u0131\u011f\u0131nda estetik g\u00f6r\u00fcn\u00fcm\u00fc daha da \u00f6n plana \u00e7\u0131kar. Sosyal medya i\u00e7erikleri ve dekorasyon foto\u011fraflar\u0131 i\u00e7in de olduk\u00e7a \u015f\u0131k bir \u00fcr\u00fcnd\u00fcr.<\/p>\n","protected":false},"excerpt":{"rendered":"<p>Modern ve estetik ya\u015fam alanlar\u0131 olu\u015fturmak isteyenler i\u00e7in tasarlanan 3D k\u0131vr\u0131ml\u0131 pembe lila vazo, zarif tasar\u0131m\u0131 ve dikkat \u00e7ekici renk ge\u00e7i\u015fi ile dekorasyonunuza farkl\u0131 bir boyut kazand\u0131r\u0131r. Pembe ve lila tonlar\u0131n\u0131n yumu\u015fak ge\u00e7i\u015fi, \u00fcr\u00fcne hem romantik hem de modern bir g\u00f6r\u00fcn\u00fcm kazand\u0131r\u0131rken, bulundu\u011fu ortama ferah ve \u015f\u0131k bir atmosfer sunar. \u00d6zellikle pastel tonlar\u0131 sevenler i\u00e7in&#8230;<\/p>\n","protected":false},"featured_media":129864,"comment_status":"open","ping_status":"closed","template":"","meta":{"_kad_post_transparent":"","_kad_post_title":"","_kad_post_layout":"","_kad_post_sidebar_id":"","_kad_post_content_style":"","_kad_post_vertical_padding":"","_kad_post_feature":"","_kad_post_feature_position":"","_kad_post_header":false,"_kad_post_footer":false,"_kad_post_classname":""},"product_brand":[],"product_cat":[14940],"product_tag":[],"class_list":{"0":"post-129865","1":"product","2":"type-product","3":"status-publish","4":"has-post-thumbnail","6":"product_cat-dekoratif-obje-biblo-dekoratif-obje-biblo","8":"first","9":"instock","10":"purchasable","11":"product-type-simple","12":"entry","13":"content-bg","14":"loop-entry"},"_links":{"self":[{"href":"https:\/\/www.hediyepazar.com\/index.php?rest_route=\/wp\/v2\/product\/129865","targetHints":{"allow":["GET"]}}],"collection":[{"href":"https:\/\/www.hediyepazar.com\/index.php?rest_route=\/wp\/v2\/product"}],"about":[{"href":"https:\/\/www.hediyepazar.com\/index.php?rest_route=\/wp\/v2\/types\/product"}],"replies":[{"embeddable":true,"href":"https:\/\/www.hediyepazar.com\/index.php?rest_route=%2Fwp%2Fv2%2Fcomments&post=129865"}],"wp:featuredmedia":[{"embeddable":true,"href":"https:\/\/www.hediyepazar.com\/index.php?rest_route=\/wp\/v2\/media\/129864"}],"wp:attachment":[{"href":"https:\/\/www.hediyepazar.com\/index.php?rest_route=%2Fwp%2Fv2%2Fmedia&parent=129865"}],"wp:term":[{"taxonomy":"product_brand","embeddable":true,"href":"https:\/\/www.hediyepazar.com\/index.php?rest_route=%2Fwp%2Fv2%2Fproduct_brand&post=129865"},{"taxonomy":"product_cat","embeddable":true,"href":"https:\/\/www.hediyepazar.com\/index.php?rest_route=%2Fwp%2Fv2%2Fproduct_cat&post=129865"},{"taxonomy":"product_tag","embeddable":true,"href":"https:\/\/www.hediyepazar.com\/index.php?rest_route=%2Fwp%2Fv2%2Fproduct_tag&post=129865"}],"curies":[{"name":"wp","href":"https:\/\/api.w.org\/{rel}","templated":true}]}}