{"id":129871,"date":"2026-05-07T06:17:15","date_gmt":"2026-05-07T09:17:15","guid":{"rendered":"https:\/\/www.hediyepazar.com\/?product=3d-lila-melek-insan-biblo-estetik-dekoratif-obje"},"modified":"2026-05-07T06:17:15","modified_gmt":"2026-05-07T09:17:15","slug":"3d-lila-melek-insan-biblo-estetik-dekoratif-obje","status":"publish","type":"product","link":"https:\/\/www.hediyepazar.com\/?product=3d-lila-melek-insan-biblo-estetik-dekoratif-obje","title":{"rendered":"3D Lila Melek \u0130nsan Biblo Estetik Dekoratif Obje"},"content":{"rendered":"<p>Dekorasyonda k\u00fc\u00e7\u00fck ama etkili dokunu\u015flar yaratmak isteyenler i\u00e7in tasarlanan lila melek insan biblo, estetik g\u00f6r\u00fcn\u00fcm\u00fc ve modern \u00e7izgileriyle \u00f6n plana \u00e7\u0131kar. Kanatlar\u0131n\u0131 a\u00e7m\u0131\u015f zarif melek fig\u00fcr\u00fc, bulundu\u011fu ortama hem anlam hem de huzur katar. Lila rengin pastel ve yumu\u015fak tonlar\u0131, mek\u00e2na ferah ve sakin bir hava kazand\u0131rarak dekorasyonunuzu tamamlar.Mini boyutlu yap\u0131s\u0131 sayesinde \u00f6zellikle dar alanlarda kullan\u0131m i\u00e7in olduk\u00e7a uygundur. B\u00fcy\u00fck dekoratif objelere ihtiya\u00e7 duymadan \u015f\u0131k bir g\u00f6r\u00fcn\u00fcm elde etmek isteyenler i\u00e7in ideal bir \u00fcr\u00fcnd\u00fcr. \u00c7al\u0131\u015fma masas\u0131, kitapl\u0131k, makyaj masas\u0131 ya da raf \u00fczerinde rahatl\u0131kla kullan\u0131labilir. Hafif yap\u0131s\u0131 sayesinde kolay ta\u015f\u0131nabilir ve dekorasyona g\u00f6re farkl\u0131 alanlara uyarlanabilir.\u00dcr\u00fcn\u00fcn detayl\u0131 tasar\u0131m\u0131, onu s\u0131radan biblolardan ay\u0131r\u0131r. Kanat detaylar\u0131ndaki ince i\u015f\u00e7ilik ve fig\u00fcr\u00fcn zarif duru\u015fu, \u00fcr\u00fcne sanatsal bir karakter kazand\u0131r\u0131r. Y\u00fczeyinin \u0131\u015f\u0131\u011f\u0131 yans\u0131tma \u00f6zelli\u011fi, bulundu\u011fu ortama dinamizm ve canl\u0131l\u0131k katar. G\u00fcn \u0131\u015f\u0131\u011f\u0131nda daha enerjik bir g\u00f6r\u00fcn\u00fcm sunarken, ak\u015fam \u0131\u015f\u0131\u011f\u0131nda daha romantik bir ambiyans olu\u015fturur.Modern, minimal ve bohem dekorasyon tarzlar\u0131yla uyum sa\u011flayabilen bu \u00fcr\u00fcn, farkl\u0131 ya\u015fam alanlar\u0131nda rahatl\u0131kla kullan\u0131labilir. Ayn\u0131 zamanda sosyal medya i\u00e7erikleri ve dekoratif foto\u011fraf \u00e7ekimleri i\u00e7in estetik bir obje olarak tercih edilebilir.<\/p>\n","protected":false},"excerpt":{"rendered":"<p>Dekorasyonda k\u00fc\u00e7\u00fck ama etkili dokunu\u015flar yaratmak isteyenler i\u00e7in tasarlanan lila melek insan biblo, estetik g\u00f6r\u00fcn\u00fcm\u00fc ve modern \u00e7izgileriyle \u00f6n plana \u00e7\u0131kar. Kanatlar\u0131n\u0131 a\u00e7m\u0131\u015f zarif melek fig\u00fcr\u00fc, bulundu\u011fu ortama hem anlam hem de huzur katar. Lila rengin pastel ve yumu\u015fak tonlar\u0131, mek\u00e2na ferah ve sakin bir hava kazand\u0131rarak dekorasyonunuzu tamamlar.Mini boyutlu yap\u0131s\u0131 sayesinde \u00f6zellikle dar alanlarda&#8230;<\/p>\n","protected":false},"featured_media":129870,"comment_status":"open","ping_status":"closed","template":"","meta":{"_kad_post_transparent":"","_kad_post_title":"","_kad_post_layout":"","_kad_post_sidebar_id":"","_kad_post_content_style":"","_kad_post_vertical_padding":"","_kad_post_feature":"","_kad_post_feature_position":"","_kad_post_header":false,"_kad_post_footer":false,"_kad_post_classname":""},"product_brand":[],"product_cat":[14940],"product_tag":[],"class_list":{"0":"post-129871","1":"product","2":"type-product","3":"status-publish","4":"has-post-thumbnail","6":"product_cat-dekoratif-obje-biblo-dekoratif-obje-biblo","8":"first","9":"instock","10":"purchasable","11":"product-type-simple","12":"entry","13":"content-bg","14":"loop-entry"},"_links":{"self":[{"href":"https:\/\/www.hediyepazar.com\/index.php?rest_route=\/wp\/v2\/product\/129871","targetHints":{"allow":["GET"]}}],"collection":[{"href":"https:\/\/www.hediyepazar.com\/index.php?rest_route=\/wp\/v2\/product"}],"about":[{"href":"https:\/\/www.hediyepazar.com\/index.php?rest_route=\/wp\/v2\/types\/product"}],"replies":[{"embeddable":true,"href":"https:\/\/www.hediyepazar.com\/index.php?rest_route=%2Fwp%2Fv2%2Fcomments&post=129871"}],"wp:featuredmedia":[{"embeddable":true,"href":"https:\/\/www.hediyepazar.com\/index.php?rest_route=\/wp\/v2\/media\/129870"}],"wp:attachment":[{"href":"https:\/\/www.hediyepazar.com\/index.php?rest_route=%2Fwp%2Fv2%2Fmedia&parent=129871"}],"wp:term":[{"taxonomy":"product_brand","embeddable":true,"href":"https:\/\/www.hediyepazar.com\/index.php?rest_route=%2Fwp%2Fv2%2Fproduct_brand&post=129871"},{"taxonomy":"product_cat","embeddable":true,"href":"https:\/\/www.hediyepazar.com\/index.php?rest_route=%2Fwp%2Fv2%2Fproduct_cat&post=129871"},{"taxonomy":"product_tag","embeddable":true,"href":"https:\/\/www.hediyepazar.com\/index.php?rest_route=%2Fwp%2Fv2%2Fproduct_tag&post=129871"}],"curies":[{"name":"wp","href":"https:\/\/api.w.org\/{rel}","templated":true}]}}