{"id":129875,"date":"2026-05-07T06:19:12","date_gmt":"2026-05-07T09:19:12","guid":{"rendered":"https:\/\/www.hediyepazar.com\/?product=3d-turkuaz-melek-insan-biblo-estetik-dekoratif-obje"},"modified":"2026-05-07T06:19:12","modified_gmt":"2026-05-07T09:19:12","slug":"3d-turkuaz-melek-insan-biblo-estetik-dekoratif-obje","status":"publish","type":"product","link":"https:\/\/www.hediyepazar.com\/?product=3d-turkuaz-melek-insan-biblo-estetik-dekoratif-obje","title":{"rendered":"3D Turkuaz Melek \u0130nsan Biblo Estetik Dekoratif Obje"},"content":{"rendered":"<p>Dekorasyonda k\u00fc\u00e7\u00fck dokunu\u015flarla b\u00fcy\u00fck fark yaratmak isteyenler i\u00e7in tasarlanan turkuaz melek insan biblo, estetik g\u00f6r\u00fcn\u00fcm\u00fc ve modern tasar\u0131m\u0131yla dikkat \u00e7eker. Kanatlar\u0131n\u0131 a\u00e7m\u0131\u015f zarif melek fig\u00fcr\u00fc, bulundu\u011fu ortama hem huzur hem de anlam katar. Turkuaz rengin ferahlat\u0131c\u0131 ve enerjik yap\u0131s\u0131 sayesinde ya\u015fam alanlar\u0131n\u0131zda pozitif bir atmosfer olu\u015fturur.Mini boyutlu yap\u0131s\u0131 sayesinde \u00f6zellikle dar alanlarda kullan\u0131m i\u00e7in olduk\u00e7a uygundur. B\u00fcy\u00fck dekoratif objelere yer olmayan alanlarda bile rahatl\u0131kla kullan\u0131labilir. Masa \u00fcst\u00fc, raf, kitapl\u0131k, makyaj masas\u0131 ya da \u00e7al\u0131\u015fma alanlar\u0131nda \u015f\u0131k bir tamamlay\u0131c\u0131 olarak konumland\u0131r\u0131labilir. Hafif yap\u0131s\u0131 sayesinde kolay ta\u015f\u0131nabilir ve farkl\u0131 alanlara rahatl\u0131kla uyarlanabilir.\u00dcr\u00fcn\u00fcn detayl\u0131 tasar\u0131m\u0131, onu s\u0131radan biblolardan ay\u0131r\u0131r. Kanat yap\u0131s\u0131ndaki ince detaylar ve fig\u00fcr\u00fcn zarif duru\u015fu, \u00fcr\u00fcne sanatsal bir karakter kazand\u0131r\u0131r. Y\u00fczeyinin \u0131\u015f\u0131\u011f\u0131 yans\u0131tma \u00f6zelli\u011fi, bulundu\u011fu ortama dinamizm katar. G\u00fcn \u0131\u015f\u0131\u011f\u0131nda canl\u0131 bir g\u00f6r\u00fcn\u00fcm sunarken, yapay \u0131\u015f\u0131kta daha yumu\u015fak ve romantik bir atmosfer olu\u015fturur.Modern, minimal ve bohem dekorasyon tarzlar\u0131yla uyum sa\u011flayabilen bu \u00fcr\u00fcn, farkl\u0131 konseptlerde kullan\u0131labilir. Ayn\u0131 zamanda foto\u011fraf \u00e7ekimleri ve sosyal medya i\u00e7erikleri i\u00e7in estetik bir obje olarak tercih edilebilir.<\/p>\n","protected":false},"excerpt":{"rendered":"<p>Dekorasyonda k\u00fc\u00e7\u00fck dokunu\u015flarla b\u00fcy\u00fck fark yaratmak isteyenler i\u00e7in tasarlanan turkuaz melek insan biblo, estetik g\u00f6r\u00fcn\u00fcm\u00fc ve modern tasar\u0131m\u0131yla dikkat \u00e7eker. Kanatlar\u0131n\u0131 a\u00e7m\u0131\u015f zarif melek fig\u00fcr\u00fc, bulundu\u011fu ortama hem huzur hem de anlam katar. Turkuaz rengin ferahlat\u0131c\u0131 ve enerjik yap\u0131s\u0131 sayesinde ya\u015fam alanlar\u0131n\u0131zda pozitif bir atmosfer olu\u015fturur.Mini boyutlu yap\u0131s\u0131 sayesinde \u00f6zellikle dar alanlarda kullan\u0131m i\u00e7in olduk\u00e7a&#8230;<\/p>\n","protected":false},"featured_media":129874,"comment_status":"open","ping_status":"closed","template":"","meta":{"_kad_post_transparent":"","_kad_post_title":"","_kad_post_layout":"","_kad_post_sidebar_id":"","_kad_post_content_style":"","_kad_post_vertical_padding":"","_kad_post_feature":"","_kad_post_feature_position":"","_kad_post_header":false,"_kad_post_footer":false,"_kad_post_classname":""},"product_brand":[],"product_cat":[14940],"product_tag":[],"class_list":{"0":"post-129875","1":"product","2":"type-product","3":"status-publish","4":"has-post-thumbnail","6":"product_cat-dekoratif-obje-biblo-dekoratif-obje-biblo","8":"first","9":"instock","10":"purchasable","11":"product-type-simple","12":"entry","13":"content-bg","14":"loop-entry"},"_links":{"self":[{"href":"https:\/\/www.hediyepazar.com\/index.php?rest_route=\/wp\/v2\/product\/129875","targetHints":{"allow":["GET"]}}],"collection":[{"href":"https:\/\/www.hediyepazar.com\/index.php?rest_route=\/wp\/v2\/product"}],"about":[{"href":"https:\/\/www.hediyepazar.com\/index.php?rest_route=\/wp\/v2\/types\/product"}],"replies":[{"embeddable":true,"href":"https:\/\/www.hediyepazar.com\/index.php?rest_route=%2Fwp%2Fv2%2Fcomments&post=129875"}],"wp:featuredmedia":[{"embeddable":true,"href":"https:\/\/www.hediyepazar.com\/index.php?rest_route=\/wp\/v2\/media\/129874"}],"wp:attachment":[{"href":"https:\/\/www.hediyepazar.com\/index.php?rest_route=%2Fwp%2Fv2%2Fmedia&parent=129875"}],"wp:term":[{"taxonomy":"product_brand","embeddable":true,"href":"https:\/\/www.hediyepazar.com\/index.php?rest_route=%2Fwp%2Fv2%2Fproduct_brand&post=129875"},{"taxonomy":"product_cat","embeddable":true,"href":"https:\/\/www.hediyepazar.com\/index.php?rest_route=%2Fwp%2Fv2%2Fproduct_cat&post=129875"},{"taxonomy":"product_tag","embeddable":true,"href":"https:\/\/www.hediyepazar.com\/index.php?rest_route=%2Fwp%2Fv2%2Fproduct_tag&post=129875"}],"curies":[{"name":"wp","href":"https:\/\/api.w.org\/{rel}","templated":true}]}}