{"id":129917,"date":"2026-05-07T06:32:07","date_gmt":"2026-05-07T09:32:07","guid":{"rendered":"https:\/\/www.hediyepazar.com\/?product=10000mah-kapasiteli-manyetik-usb-c-ve-kablosuz-powerbank-w09"},"modified":"2026-05-07T06:32:07","modified_gmt":"2026-05-07T09:32:07","slug":"10000mah-kapasiteli-manyetik-usb-c-ve-kablosuz-powerbank-w09","status":"publish","type":"product","link":"https:\/\/www.hediyepazar.com\/?product=10000mah-kapasiteli-manyetik-usb-c-ve-kablosuz-powerbank-w09","title":{"rendered":"10000mAh Kapasiteli Manyetik USB-C ve Kablosuz Powerbank W09"},"content":{"rendered":"<p>Bu manyetik g\u00fc\u00e7 bankas\u0131, modern kullan\u0131c\u0131lar\u0131n ihtiya\u00e7lar\u0131n\u0131 kar\u015f\u0131lamak \u00fczere geli\u015ftirilmi\u015ftir.  10000mAh kapasite uzun s\u00fcreli enerji deste\u011fi sa\u011flar. Kablosuz \u015farj i\u00e7in y\u00fcksek performansl\u0131 15W \u00e7\u0131k\u0131\u015f g\u00fcc\u00fc, kablolu \u015farjda ise 20W PD deste\u011fi sunar. B\u00f6ylece, telefonunuzun bataryas\u0131n\u0131 h\u0131zla doldururken hareket \u00f6zg\u00fcrl\u00fc\u011f\u00fcn\u00fcz\u00fc k\u0131s\u0131tlamaz. Qi kablosuz \u015farj protokol\u00fcn\u00fc destekleyen t\u00fcm cihazlarla uyumlu olmas\u0131n\u0131n yan\u0131 s\u0131ra, manyetik emi\u015f \u00f6zelli\u011fi sayesinde iPhone 12 ve sonras\u0131 modellerle g\u00fc\u00e7l\u00fc bir ba\u011f kurar. Manyetik olmayan telefonlarda ise manyetik halka tak\u0131larak cihaz ile uyumlu hale getirilebilir. Al\u00fcminyum ala\u015f\u0131ml\u0131 d\u0131\u015f kabuk, \u00fcr\u00fcn\u00fcn hem hafif hem dayan\u0131kl\u0131 olmas\u0131n\u0131 sa\u011flar. Bu ta\u015f\u0131nabilir g\u00fc\u00e7 kayna\u011f\u0131, g\u00fcnl\u00fck kullan\u0131mda, seyahatlerde ve acil durumlarda yan\u0131n\u0131zda olmas\u0131 gereken bir teknolojik yard\u0131mc\u0131d\u0131r.<\/p>\n","protected":false},"excerpt":{"rendered":"<p>Bu manyetik g\u00fc\u00e7 bankas\u0131, modern kullan\u0131c\u0131lar\u0131n ihtiya\u00e7lar\u0131n\u0131 kar\u015f\u0131lamak \u00fczere geli\u015ftirilmi\u015ftir. 10000mAh kapasite uzun s\u00fcreli enerji deste\u011fi sa\u011flar. Kablosuz \u015farj i\u00e7in y\u00fcksek performansl\u0131 15W \u00e7\u0131k\u0131\u015f g\u00fcc\u00fc, kablolu \u015farjda ise 20W PD deste\u011fi sunar. B\u00f6ylece, telefonunuzun bataryas\u0131n\u0131 h\u0131zla doldururken hareket \u00f6zg\u00fcrl\u00fc\u011f\u00fcn\u00fcz\u00fc k\u0131s\u0131tlamaz. Qi kablosuz \u015farj protokol\u00fcn\u00fc destekleyen t\u00fcm cihazlarla uyumlu olmas\u0131n\u0131n yan\u0131 s\u0131ra, manyetik emi\u015f \u00f6zelli\u011fi sayesinde&#8230;<\/p>\n","protected":false},"featured_media":129916,"comment_status":"open","ping_status":"closed","template":"","meta":{"_kad_post_transparent":"","_kad_post_title":"","_kad_post_layout":"","_kad_post_sidebar_id":"","_kad_post_content_style":"","_kad_post_vertical_padding":"","_kad_post_feature":"","_kad_post_feature_position":"","_kad_post_header":false,"_kad_post_footer":false,"_kad_post_classname":""},"product_brand":[],"product_cat":[14937],"product_tag":[],"class_list":{"0":"post-129917","1":"product","2":"type-product","3":"status-publish","4":"has-post-thumbnail","6":"product_cat-powerbank-powerbank-2","8":"first","9":"instock","10":"purchasable","11":"product-type-simple","12":"entry","13":"content-bg","14":"loop-entry"},"_links":{"self":[{"href":"https:\/\/www.hediyepazar.com\/index.php?rest_route=\/wp\/v2\/product\/129917","targetHints":{"allow":["GET"]}}],"collection":[{"href":"https:\/\/www.hediyepazar.com\/index.php?rest_route=\/wp\/v2\/product"}],"about":[{"href":"https:\/\/www.hediyepazar.com\/index.php?rest_route=\/wp\/v2\/types\/product"}],"replies":[{"embeddable":true,"href":"https:\/\/www.hediyepazar.com\/index.php?rest_route=%2Fwp%2Fv2%2Fcomments&post=129917"}],"wp:featuredmedia":[{"embeddable":true,"href":"https:\/\/www.hediyepazar.com\/index.php?rest_route=\/wp\/v2\/media\/129916"}],"wp:attachment":[{"href":"https:\/\/www.hediyepazar.com\/index.php?rest_route=%2Fwp%2Fv2%2Fmedia&parent=129917"}],"wp:term":[{"taxonomy":"product_brand","embeddable":true,"href":"https:\/\/www.hediyepazar.com\/index.php?rest_route=%2Fwp%2Fv2%2Fproduct_brand&post=129917"},{"taxonomy":"product_cat","embeddable":true,"href":"https:\/\/www.hediyepazar.com\/index.php?rest_route=%2Fwp%2Fv2%2Fproduct_cat&post=129917"},{"taxonomy":"product_tag","embeddable":true,"href":"https:\/\/www.hediyepazar.com\/index.php?rest_route=%2Fwp%2Fv2%2Fproduct_tag&post=129917"}],"curies":[{"name":"wp","href":"https:\/\/api.w.org\/{rel}","templated":true}]}}