{"id":129967,"date":"2026-05-07T06:46:20","date_gmt":"2026-05-07T09:46:20","guid":{"rendered":"https:\/\/www.hediyepazar.com\/?product=mini-sarjli-supurge-cok-fonksiyonlu-ve-ergonomik-kullanim"},"modified":"2026-05-07T06:46:20","modified_gmt":"2026-05-07T09:46:20","slug":"mini-sarjli-supurge-cok-fonksiyonlu-ve-ergonomik-kullanim","status":"publish","type":"product","link":"https:\/\/www.hediyepazar.com\/?product=mini-sarjli-supurge-cok-fonksiyonlu-ve-ergonomik-kullanim","title":{"rendered":"Mini \u015earjl\u0131 S\u00fcp\u00fcrge \u00c7ok Fonksiyonlu ve Ergonomik Kullan\u0131m"},"content":{"rendered":"<p>Mini \u015farjl\u0131 s\u00fcp\u00fcrge, hem ev hem de ara\u00e7 temizli\u011fi i\u00e7in geli\u015ftirilmi\u015f \u00e7ok fonksiyonlu bir temizlik cihaz\u0131d\u0131r. K\u00fc\u00e7\u00fck boyutuna ra\u011fmen g\u00fc\u00e7l\u00fc performans sunar ve g\u00fcnl\u00fck temizlik i\u015flerini kolayla\u015ft\u0131r\u0131r. Ergonomik tasar\u0131m\u0131 sayesinde rahat bir tutu\u015f sa\u011flar ve uzun s\u00fcre kullan\u0131mda konfor sunar.Kablosuz kullan\u0131m \u00f6zelli\u011fi ile her yerde rahatl\u0131kla kullan\u0131labilir. Hafif yap\u0131s\u0131 sayesinde ta\u015f\u0131mas\u0131 kolayd\u0131r ve pratik kullan\u0131m sunar.Sessiz \u00e7al\u0131\u015fma \u00f6zelli\u011fi sayesinde temizlik s\u0131ras\u0131nda rahats\u0131zl\u0131k vermez. Bu da \u00fcr\u00fcn\u00fc ev ve ofis kullan\u0131m\u0131 i\u00e7in ideal hale getirir.Farkl\u0131 ba\u015fl\u0131k se\u00e7enekleri sayesinde dar alanlar ve y\u00fczey temizli\u011fi kolayca yap\u0131labilir. Islak ve kuru kullan\u0131m deste\u011fi ile \u00e7ok y\u00f6nl\u00fc bir temizlik deneyimi sunar.G\u00fc\u00e7l\u00fc emi\u015f g\u00fcc\u00fc sayesinde toz, k\u0131r\u0131nt\u0131 ve k\u00fc\u00e7\u00fck par\u00e7ac\u0131klar\u0131 etkili \u015fekilde temizler. G\u00fcnl\u00fck temizlik ihtiya\u00e7lar\u0131 i\u00e7in pratik ve g\u00fc\u00e7l\u00fc bir \u00e7\u00f6z\u00fcmd\u00fcr.<\/p>\n","protected":false},"excerpt":{"rendered":"<p>Mini \u015farjl\u0131 s\u00fcp\u00fcrge, hem ev hem de ara\u00e7 temizli\u011fi i\u00e7in geli\u015ftirilmi\u015f \u00e7ok fonksiyonlu bir temizlik cihaz\u0131d\u0131r. K\u00fc\u00e7\u00fck boyutuna ra\u011fmen g\u00fc\u00e7l\u00fc performans sunar ve g\u00fcnl\u00fck temizlik i\u015flerini kolayla\u015ft\u0131r\u0131r. Ergonomik tasar\u0131m\u0131 sayesinde rahat bir tutu\u015f sa\u011flar ve uzun s\u00fcre kullan\u0131mda konfor sunar.Kablosuz kullan\u0131m \u00f6zelli\u011fi ile her yerde rahatl\u0131kla kullan\u0131labilir. Hafif yap\u0131s\u0131 sayesinde ta\u015f\u0131mas\u0131 kolayd\u0131r ve pratik kullan\u0131m&#8230;<\/p>\n","protected":false},"featured_media":129966,"comment_status":"open","ping_status":"closed","template":"","meta":{"_kad_post_transparent":"","_kad_post_title":"","_kad_post_layout":"","_kad_post_sidebar_id":"","_kad_post_content_style":"","_kad_post_vertical_padding":"","_kad_post_feature":"","_kad_post_feature_position":"","_kad_post_header":false,"_kad_post_footer":false,"_kad_post_classname":""},"product_brand":[],"product_cat":[14998],"product_tag":[],"class_list":{"0":"post-129967","1":"product","2":"type-product","3":"status-publish","4":"has-post-thumbnail","6":"product_cat-arac-ici-supurge-arac-ici-supurge","8":"first","9":"instock","10":"purchasable","11":"product-type-simple","12":"entry","13":"content-bg","14":"loop-entry"},"_links":{"self":[{"href":"https:\/\/www.hediyepazar.com\/index.php?rest_route=\/wp\/v2\/product\/129967","targetHints":{"allow":["GET"]}}],"collection":[{"href":"https:\/\/www.hediyepazar.com\/index.php?rest_route=\/wp\/v2\/product"}],"about":[{"href":"https:\/\/www.hediyepazar.com\/index.php?rest_route=\/wp\/v2\/types\/product"}],"replies":[{"embeddable":true,"href":"https:\/\/www.hediyepazar.com\/index.php?rest_route=%2Fwp%2Fv2%2Fcomments&post=129967"}],"wp:featuredmedia":[{"embeddable":true,"href":"https:\/\/www.hediyepazar.com\/index.php?rest_route=\/wp\/v2\/media\/129966"}],"wp:attachment":[{"href":"https:\/\/www.hediyepazar.com\/index.php?rest_route=%2Fwp%2Fv2%2Fmedia&parent=129967"}],"wp:term":[{"taxonomy":"product_brand","embeddable":true,"href":"https:\/\/www.hediyepazar.com\/index.php?rest_route=%2Fwp%2Fv2%2Fproduct_brand&post=129967"},{"taxonomy":"product_cat","embeddable":true,"href":"https:\/\/www.hediyepazar.com\/index.php?rest_route=%2Fwp%2Fv2%2Fproduct_cat&post=129967"},{"taxonomy":"product_tag","embeddable":true,"href":"https:\/\/www.hediyepazar.com\/index.php?rest_route=%2Fwp%2Fv2%2Fproduct_tag&post=129967"}],"curies":[{"name":"wp","href":"https:\/\/api.w.org\/{rel}","templated":true}]}}