{"id":129969,"date":"2026-05-07T06:48:02","date_gmt":"2026-05-07T09:48:02","guid":{"rendered":"https:\/\/www.hediyepazar.com\/?product=tasinabilir-kablosuz-supurge-kompakt-tasarim-guclu-motor"},"modified":"2026-05-07T06:48:02","modified_gmt":"2026-05-07T09:48:02","slug":"tasinabilir-kablosuz-supurge-kompakt-tasarim-guclu-motor","status":"publish","type":"product","link":"https:\/\/www.hediyepazar.com\/?product=tasinabilir-kablosuz-supurge-kompakt-tasarim-guclu-motor","title":{"rendered":"Ta\u015f\u0131nabilir Kablosuz S\u00fcp\u00fcrge Kompakt Tasar\u0131m G\u00fc\u00e7l\u00fc Motor"},"content":{"rendered":"<p>Ta\u015f\u0131nabilir kablosuz s\u00fcp\u00fcrge, modern ya\u015fam\u0131n h\u0131zl\u0131 temposuna uyum sa\u011flayan pratik bir temizlik \u00e7\u00f6z\u00fcm\u00fcd\u00fcr. Kompakt tasar\u0131m\u0131 sayesinde dar alanlarda bile rahatl\u0131kla kullan\u0131labilir ve kolayca saklanabilir. G\u00fc\u00e7l\u00fc motoru sayesinde y\u00fcksek emi\u015f g\u00fcc\u00fc sunarak farkl\u0131 y\u00fczeylerde etkili temizlik sa\u011flar.Kablosuz yap\u0131s\u0131 sayesinde kullan\u0131m \u00f6zg\u00fcrl\u00fc\u011f\u00fc sunar. Ev, ara\u00e7, ofis veya seyahat s\u0131ras\u0131nda rahatl\u0131kla kullan\u0131labilir. Hafif yap\u0131s\u0131 sayesinde ta\u015f\u0131nmas\u0131 kolayd\u0131r ve uzun s\u00fcreli kullan\u0131mda konfor sa\u011flar.D\u00fc\u015f\u00fck ses seviyesi ile \u00e7al\u0131\u015fan bu cihaz, temizlik s\u0131ras\u0131nda rahats\u0131zl\u0131k vermez. Sessiz \u00e7al\u0131\u015fma \u00f6zelli\u011fi sayesinde g\u00fcn\u00fcn her saatinde kullan\u0131labilir.\u00c7ok y\u00f6nl\u00fc kullan\u0131m imkan\u0131 sunan bu \u00fcr\u00fcn, masa, koltuk, ara\u00e7 i\u00e7i, elektronik cihazlar ve dar alanlar i\u00e7in uygundur. Farkl\u0131 ba\u015fl\u0131klar\u0131 ile her y\u00fczeye uygun temizlik yap\u0131labilir.Islak ve kuru temizlik deste\u011fi sayesinde s\u0131v\u0131 d\u00f6k\u00fclmelerinde de etkili sonu\u00e7 verir. G\u00fc\u00e7l\u00fc emi\u015f kapasitesi ile toz, kir ve k\u0131r\u0131nt\u0131lar\u0131 kolayca temizler. G\u00fcnl\u00fck temizlik ihtiya\u00e7lar\u0131n\u0131z\u0131 h\u0131zl\u0131 ve pratik \u015fekilde kar\u015f\u0131lamak i\u00e7in ideal bir \u00fcr\u00fcnd\u00fcr.<\/p>\n","protected":false},"excerpt":{"rendered":"<p>Ta\u015f\u0131nabilir kablosuz s\u00fcp\u00fcrge, modern ya\u015fam\u0131n h\u0131zl\u0131 temposuna uyum sa\u011flayan pratik bir temizlik \u00e7\u00f6z\u00fcm\u00fcd\u00fcr. Kompakt tasar\u0131m\u0131 sayesinde dar alanlarda bile rahatl\u0131kla kullan\u0131labilir ve kolayca saklanabilir. G\u00fc\u00e7l\u00fc motoru sayesinde y\u00fcksek emi\u015f g\u00fcc\u00fc sunarak farkl\u0131 y\u00fczeylerde etkili temizlik sa\u011flar.Kablosuz yap\u0131s\u0131 sayesinde kullan\u0131m \u00f6zg\u00fcrl\u00fc\u011f\u00fc sunar. Ev, ara\u00e7, ofis veya seyahat s\u0131ras\u0131nda rahatl\u0131kla kullan\u0131labilir. Hafif yap\u0131s\u0131 sayesinde ta\u015f\u0131nmas\u0131 kolayd\u0131r ve&#8230;<\/p>\n","protected":false},"featured_media":129968,"comment_status":"open","ping_status":"closed","template":"","meta":{"_kad_post_transparent":"","_kad_post_title":"","_kad_post_layout":"","_kad_post_sidebar_id":"","_kad_post_content_style":"","_kad_post_vertical_padding":"","_kad_post_feature":"","_kad_post_feature_position":"","_kad_post_header":false,"_kad_post_footer":false,"_kad_post_classname":""},"product_brand":[],"product_cat":[14998],"product_tag":[],"class_list":{"0":"post-129969","1":"product","2":"type-product","3":"status-publish","4":"has-post-thumbnail","6":"product_cat-arac-ici-supurge-arac-ici-supurge","8":"first","9":"instock","10":"purchasable","11":"product-type-simple","12":"entry","13":"content-bg","14":"loop-entry"},"_links":{"self":[{"href":"https:\/\/www.hediyepazar.com\/index.php?rest_route=\/wp\/v2\/product\/129969","targetHints":{"allow":["GET"]}}],"collection":[{"href":"https:\/\/www.hediyepazar.com\/index.php?rest_route=\/wp\/v2\/product"}],"about":[{"href":"https:\/\/www.hediyepazar.com\/index.php?rest_route=\/wp\/v2\/types\/product"}],"replies":[{"embeddable":true,"href":"https:\/\/www.hediyepazar.com\/index.php?rest_route=%2Fwp%2Fv2%2Fcomments&post=129969"}],"wp:featuredmedia":[{"embeddable":true,"href":"https:\/\/www.hediyepazar.com\/index.php?rest_route=\/wp\/v2\/media\/129968"}],"wp:attachment":[{"href":"https:\/\/www.hediyepazar.com\/index.php?rest_route=%2Fwp%2Fv2%2Fmedia&parent=129969"}],"wp:term":[{"taxonomy":"product_brand","embeddable":true,"href":"https:\/\/www.hediyepazar.com\/index.php?rest_route=%2Fwp%2Fv2%2Fproduct_brand&post=129969"},{"taxonomy":"product_cat","embeddable":true,"href":"https:\/\/www.hediyepazar.com\/index.php?rest_route=%2Fwp%2Fv2%2Fproduct_cat&post=129969"},{"taxonomy":"product_tag","embeddable":true,"href":"https:\/\/www.hediyepazar.com\/index.php?rest_route=%2Fwp%2Fv2%2Fproduct_tag&post=129969"}],"curies":[{"name":"wp","href":"https:\/\/api.w.org\/{rel}","templated":true}]}}