{"id":129989,"date":"2026-05-07T06:52:04","date_gmt":"2026-05-07T09:52:04","guid":{"rendered":"https:\/\/www.hediyepazar.com\/?product=el-insan-figur-mor"},"modified":"2026-05-07T06:52:04","modified_gmt":"2026-05-07T09:52:04","slug":"el-insan-figur-mor","status":"publish","type":"product","link":"https:\/\/www.hediyepazar.com\/?product=el-insan-figur-mor","title":{"rendered":"EL \u0130NSAN F\u0130G\u00dcR MOR"},"content":{"rendered":"<p>Dekorasyonuna farkl\u0131l\u0131k katmak isteyenler i\u00e7in \u00f6zel olarak tasarlanan bu 3D insan fig\u00fcr\u00fc, sanatsal g\u00f6r\u00fcn\u00fcm\u00fc ve modern \u00e7izgileri ile dikkat \u00e7eker. Mor renk tonlar\u0131n\u0131n estetik kullan\u0131m\u0131 sayesinde bulundu\u011fu ortamda \u015f\u0131k bir ambiyans olu\u015fturur.\u00dcr\u00fcn\u00fcn \u00fc\u00e7 boyutlu tasar\u0131m\u0131, ona dinamik ve etkileyici bir g\u00f6r\u00fcn\u00fcm kazand\u0131r\u0131r. \u0130nsan fig\u00fcr\u00fc formu, sanatsal bir ifade sunarken ayn\u0131 zamanda modern dekorasyon anlay\u0131\u015f\u0131na uyum sa\u011flar.Kompakt yap\u0131s\u0131 sayesinde dar alanlarda bile rahatl\u0131kla kullan\u0131labilir. Masa \u00fcst\u00fc dekorasyonu, raf d\u00fczenlemeleri veya duvar s\u00fcs\u00fc olarak tercih edilebilir.Dayan\u0131kl\u0131 ve hafif yap\u0131s\u0131 sayesinde kullan\u0131m kolayl\u0131\u011f\u0131 sa\u011flar. Uzun s\u00fcreli kullan\u0131m i\u00e7in uygundur ve estetik g\u00f6r\u00fcn\u00fcm\u00fcn\u00fc korur.Hem kendiniz hem de sevdikleriniz i\u00e7in \u015f\u0131k ve farkl\u0131 bir dekoratif \u00fcr\u00fcn ar\u0131yorsan\u0131z, bu \u00fcr\u00fcn ideal bir se\u00e7im olacakt\u0131r. Modern ve sanatsal tarz\u0131 bir araya getiren tasar\u0131m\u0131 ile bulundu\u011fu ortama de\u011fer katar.<\/p>\n","protected":false},"excerpt":{"rendered":"<p>Dekorasyonuna farkl\u0131l\u0131k katmak isteyenler i\u00e7in \u00f6zel olarak tasarlanan bu 3D insan fig\u00fcr\u00fc, sanatsal g\u00f6r\u00fcn\u00fcm\u00fc ve modern \u00e7izgileri ile dikkat \u00e7eker. Mor renk tonlar\u0131n\u0131n estetik kullan\u0131m\u0131 sayesinde bulundu\u011fu ortamda \u015f\u0131k bir ambiyans olu\u015fturur.\u00dcr\u00fcn\u00fcn \u00fc\u00e7 boyutlu tasar\u0131m\u0131, ona dinamik ve etkileyici bir g\u00f6r\u00fcn\u00fcm kazand\u0131r\u0131r. \u0130nsan fig\u00fcr\u00fc formu, sanatsal bir ifade sunarken ayn\u0131 zamanda modern dekorasyon anlay\u0131\u015f\u0131na uyum&#8230;<\/p>\n","protected":false},"featured_media":129988,"comment_status":"open","ping_status":"closed","template":"","meta":{"_kad_post_transparent":"","_kad_post_title":"","_kad_post_layout":"","_kad_post_sidebar_id":"","_kad_post_content_style":"","_kad_post_vertical_padding":"","_kad_post_feature":"","_kad_post_feature_position":"","_kad_post_header":false,"_kad_post_footer":false,"_kad_post_classname":""},"product_brand":[],"product_cat":[14940],"product_tag":[],"class_list":{"0":"post-129989","1":"product","2":"type-product","3":"status-publish","4":"has-post-thumbnail","6":"product_cat-dekoratif-obje-biblo-dekoratif-obje-biblo","8":"first","9":"instock","10":"purchasable","11":"product-type-simple","12":"entry","13":"content-bg","14":"loop-entry"},"_links":{"self":[{"href":"https:\/\/www.hediyepazar.com\/index.php?rest_route=\/wp\/v2\/product\/129989","targetHints":{"allow":["GET"]}}],"collection":[{"href":"https:\/\/www.hediyepazar.com\/index.php?rest_route=\/wp\/v2\/product"}],"about":[{"href":"https:\/\/www.hediyepazar.com\/index.php?rest_route=\/wp\/v2\/types\/product"}],"replies":[{"embeddable":true,"href":"https:\/\/www.hediyepazar.com\/index.php?rest_route=%2Fwp%2Fv2%2Fcomments&post=129989"}],"wp:featuredmedia":[{"embeddable":true,"href":"https:\/\/www.hediyepazar.com\/index.php?rest_route=\/wp\/v2\/media\/129988"}],"wp:attachment":[{"href":"https:\/\/www.hediyepazar.com\/index.php?rest_route=%2Fwp%2Fv2%2Fmedia&parent=129989"}],"wp:term":[{"taxonomy":"product_brand","embeddable":true,"href":"https:\/\/www.hediyepazar.com\/index.php?rest_route=%2Fwp%2Fv2%2Fproduct_brand&post=129989"},{"taxonomy":"product_cat","embeddable":true,"href":"https:\/\/www.hediyepazar.com\/index.php?rest_route=%2Fwp%2Fv2%2Fproduct_cat&post=129989"},{"taxonomy":"product_tag","embeddable":true,"href":"https:\/\/www.hediyepazar.com\/index.php?rest_route=%2Fwp%2Fv2%2Fproduct_tag&post=129989"}],"curies":[{"name":"wp","href":"https:\/\/api.w.org\/{rel}","templated":true}]}}