{"id":130025,"date":"2026-05-07T06:57:13","date_gmt":"2026-05-07T09:57:13","guid":{"rendered":"https:\/\/www.hediyepazar.com\/?product=sessiz-uv-sinek-oldurucu-lamba-10w-genis-alan-etkili"},"modified":"2026-05-07T06:57:13","modified_gmt":"2026-05-07T09:57:13","slug":"sessiz-uv-sinek-oldurucu-lamba-10w-genis-alan-etkili","status":"publish","type":"product","link":"https:\/\/www.hediyepazar.com\/?product=sessiz-uv-sinek-oldurucu-lamba-10w-genis-alan-etkili","title":{"rendered":"Sessiz UV Sinek \u00d6ld\u00fcr\u00fcc\u00fc Lamba 10W Geni\u015f Alan Etkili"},"content":{"rendered":"<p>Sessiz UV sinek \u00f6ld\u00fcr\u00fcc\u00fc lamba, 10W g\u00fcc\u00fc ile geni\u015f alanlarda etkili bir performans sunar. UV \u0131\u015f\u0131k sistemi sayesinde sivrisinekleri kendine \u00e7eker ve elektrikli \u0131zgara ile yok eder. Kimyasal i\u00e7ermeyen yap\u0131s\u0131 ile sa\u011fl\u0131kl\u0131 bir kullan\u0131m sunar.Sessiz \u00e7al\u0131\u015fma \u00f6zelli\u011fi sayesinde gece boyunca rahats\u0131zl\u0131k vermez. Koku yaymaz ve ortam havas\u0131n\u0131 bozmaz. G\u00fcvenli d\u0131\u015f koruma yap\u0131s\u0131 ile \u00e7ocuklar i\u00e7in uygundur.Ask\u0131l\u0131 ve masa\u00fcst\u00fc kullan\u0131m se\u00e7enekleri ile esnek kullan\u0131m sunar. Balkon, bah\u00e7e ve i\u00e7 mekanlarda rahatl\u0131kla kullan\u0131labilir.360 derece koruma sa\u011flayarak sinekleri etkili \u015fekilde yok eder. Yaz aylar\u0131nda konfor sa\u011flar.<\/p>\n","protected":false},"excerpt":{"rendered":"<p>Sessiz UV sinek \u00f6ld\u00fcr\u00fcc\u00fc lamba, 10W g\u00fcc\u00fc ile geni\u015f alanlarda etkili bir performans sunar. UV \u0131\u015f\u0131k sistemi sayesinde sivrisinekleri kendine \u00e7eker ve elektrikli \u0131zgara ile yok eder. Kimyasal i\u00e7ermeyen yap\u0131s\u0131 ile sa\u011fl\u0131kl\u0131 bir kullan\u0131m sunar.Sessiz \u00e7al\u0131\u015fma \u00f6zelli\u011fi sayesinde gece boyunca rahats\u0131zl\u0131k vermez. Koku yaymaz ve ortam havas\u0131n\u0131 bozmaz. G\u00fcvenli d\u0131\u015f koruma yap\u0131s\u0131 ile \u00e7ocuklar i\u00e7in&#8230;<\/p>\n","protected":false},"featured_media":130024,"comment_status":"open","ping_status":"closed","template":"","meta":{"_kad_post_transparent":"","_kad_post_title":"","_kad_post_layout":"","_kad_post_sidebar_id":"","_kad_post_content_style":"","_kad_post_vertical_padding":"","_kad_post_feature":"","_kad_post_feature_position":"","_kad_post_header":false,"_kad_post_footer":false,"_kad_post_classname":""},"product_brand":[],"product_cat":[15078],"product_tag":[],"class_list":{"0":"post-130025","1":"product","2":"type-product","3":"status-publish","4":"has-post-thumbnail","6":"product_cat-hasere-kovucular-hasere-kovucular","8":"first","9":"instock","10":"purchasable","11":"product-type-simple","12":"entry","13":"content-bg","14":"loop-entry"},"_links":{"self":[{"href":"https:\/\/www.hediyepazar.com\/index.php?rest_route=\/wp\/v2\/product\/130025","targetHints":{"allow":["GET"]}}],"collection":[{"href":"https:\/\/www.hediyepazar.com\/index.php?rest_route=\/wp\/v2\/product"}],"about":[{"href":"https:\/\/www.hediyepazar.com\/index.php?rest_route=\/wp\/v2\/types\/product"}],"replies":[{"embeddable":true,"href":"https:\/\/www.hediyepazar.com\/index.php?rest_route=%2Fwp%2Fv2%2Fcomments&post=130025"}],"wp:featuredmedia":[{"embeddable":true,"href":"https:\/\/www.hediyepazar.com\/index.php?rest_route=\/wp\/v2\/media\/130024"}],"wp:attachment":[{"href":"https:\/\/www.hediyepazar.com\/index.php?rest_route=%2Fwp%2Fv2%2Fmedia&parent=130025"}],"wp:term":[{"taxonomy":"product_brand","embeddable":true,"href":"https:\/\/www.hediyepazar.com\/index.php?rest_route=%2Fwp%2Fv2%2Fproduct_brand&post=130025"},{"taxonomy":"product_cat","embeddable":true,"href":"https:\/\/www.hediyepazar.com\/index.php?rest_route=%2Fwp%2Fv2%2Fproduct_cat&post=130025"},{"taxonomy":"product_tag","embeddable":true,"href":"https:\/\/www.hediyepazar.com\/index.php?rest_route=%2Fwp%2Fv2%2Fproduct_tag&post=130025"}],"curies":[{"name":"wp","href":"https:\/\/api.w.org\/{rel}","templated":true}]}}