{"id":130027,"date":"2026-05-07T06:57:17","date_gmt":"2026-05-07T09:57:17","guid":{"rendered":"https:\/\/www.hediyepazar.com\/?product=10w-guclu-sivrisinek-lambasi-balkon-ve-bahce-icin-uygun"},"modified":"2026-05-07T06:57:17","modified_gmt":"2026-05-07T09:57:17","slug":"10w-guclu-sivrisinek-lambasi-balkon-ve-bahce-icin-uygun","status":"publish","type":"product","link":"https:\/\/www.hediyepazar.com\/?product=10w-guclu-sivrisinek-lambasi-balkon-ve-bahce-icin-uygun","title":{"rendered":"10W G\u00fc\u00e7l\u00fc Sivrisinek Lambas\u0131 Balkon ve Bah\u00e7e \u0130\u00e7in Uygun"},"content":{"rendered":"<p>10W g\u00fc\u00e7l\u00fc sivrisinek lambas\u0131, \u00f6zellikle balkon ve bah\u00e7e kullan\u0131m\u0131 i\u00e7in ideal bir \u00fcr\u00fcnd\u00fcr. UV \u0131\u015f\u0131k teknolojisi ile b\u00f6cekleri kendine \u00e7eker ve elektrikli sistem ile etkisiz hale getirir. Kimyasal i\u00e7ermedi\u011fi i\u00e7in sa\u011fl\u0131kl\u0131 ve g\u00fcvenli bir kullan\u0131m sunar.Sessiz \u00e7al\u0131\u015fma \u00f6zelli\u011fi ile gece kullan\u0131m\u0131 i\u00e7in uygundur. G\u00fcr\u00fclt\u00fc olu\u015fturmaz ve konforlu bir ortam sa\u011flar. Koku yaymayan yap\u0131s\u0131 ile ferah bir kullan\u0131m sunar. G\u00fcvenli tasar\u0131m\u0131 sayesinde \u00e7ocuklar ve evcil hayvanlar i\u00e7in uygundur.Ask\u0131 aparat\u0131 sayesinde kolayca as\u0131labilir veya masa\u00fcst\u00fc olarak kullan\u0131labilir. Balkon, bah\u00e7e ve teras gibi alanlarda etkili performans sunar.360 derece kapsama alan\u0131 ile sivrisinekleri tamamen ortadan kald\u0131r\u0131r. Yaz ak\u015famlar\u0131n\u0131 daha keyifli hale getirir.<\/p>\n","protected":false},"excerpt":{"rendered":"<p>10W g\u00fc\u00e7l\u00fc sivrisinek lambas\u0131, \u00f6zellikle balkon ve bah\u00e7e kullan\u0131m\u0131 i\u00e7in ideal bir \u00fcr\u00fcnd\u00fcr. UV \u0131\u015f\u0131k teknolojisi ile b\u00f6cekleri kendine \u00e7eker ve elektrikli sistem ile etkisiz hale getirir. Kimyasal i\u00e7ermedi\u011fi i\u00e7in sa\u011fl\u0131kl\u0131 ve g\u00fcvenli bir kullan\u0131m sunar.Sessiz \u00e7al\u0131\u015fma \u00f6zelli\u011fi ile gece kullan\u0131m\u0131 i\u00e7in uygundur. G\u00fcr\u00fclt\u00fc olu\u015fturmaz ve konforlu bir ortam sa\u011flar. Koku yaymayan yap\u0131s\u0131 ile ferah&#8230;<\/p>\n","protected":false},"featured_media":130026,"comment_status":"open","ping_status":"closed","template":"","meta":{"_kad_post_transparent":"","_kad_post_title":"","_kad_post_layout":"","_kad_post_sidebar_id":"","_kad_post_content_style":"","_kad_post_vertical_padding":"","_kad_post_feature":"","_kad_post_feature_position":"","_kad_post_header":false,"_kad_post_footer":false,"_kad_post_classname":""},"product_brand":[],"product_cat":[15078],"product_tag":[],"class_list":{"0":"post-130027","1":"product","2":"type-product","3":"status-publish","4":"has-post-thumbnail","6":"product_cat-hasere-kovucular-hasere-kovucular","8":"first","9":"instock","10":"purchasable","11":"product-type-simple","12":"entry","13":"content-bg","14":"loop-entry"},"_links":{"self":[{"href":"https:\/\/www.hediyepazar.com\/index.php?rest_route=\/wp\/v2\/product\/130027","targetHints":{"allow":["GET"]}}],"collection":[{"href":"https:\/\/www.hediyepazar.com\/index.php?rest_route=\/wp\/v2\/product"}],"about":[{"href":"https:\/\/www.hediyepazar.com\/index.php?rest_route=\/wp\/v2\/types\/product"}],"replies":[{"embeddable":true,"href":"https:\/\/www.hediyepazar.com\/index.php?rest_route=%2Fwp%2Fv2%2Fcomments&post=130027"}],"wp:featuredmedia":[{"embeddable":true,"href":"https:\/\/www.hediyepazar.com\/index.php?rest_route=\/wp\/v2\/media\/130026"}],"wp:attachment":[{"href":"https:\/\/www.hediyepazar.com\/index.php?rest_route=%2Fwp%2Fv2%2Fmedia&parent=130027"}],"wp:term":[{"taxonomy":"product_brand","embeddable":true,"href":"https:\/\/www.hediyepazar.com\/index.php?rest_route=%2Fwp%2Fv2%2Fproduct_brand&post=130027"},{"taxonomy":"product_cat","embeddable":true,"href":"https:\/\/www.hediyepazar.com\/index.php?rest_route=%2Fwp%2Fv2%2Fproduct_cat&post=130027"},{"taxonomy":"product_tag","embeddable":true,"href":"https:\/\/www.hediyepazar.com\/index.php?rest_route=%2Fwp%2Fv2%2Fproduct_tag&post=130027"}],"curies":[{"name":"wp","href":"https:\/\/api.w.org\/{rel}","templated":true}]}}