{"id":130029,"date":"2026-05-07T06:57:22","date_gmt":"2026-05-07T09:57:22","guid":{"rendered":"https:\/\/www.hediyepazar.com\/?product=uv-bocek-oldurucu-lamba-10w-askili-ve-tasinabilir-tasarim"},"modified":"2026-05-07T06:57:22","modified_gmt":"2026-05-07T09:57:22","slug":"uv-bocek-oldurucu-lamba-10w-askili-ve-tasinabilir-tasarim","status":"publish","type":"product","link":"https:\/\/www.hediyepazar.com\/?product=uv-bocek-oldurucu-lamba-10w-askili-ve-tasinabilir-tasarim","title":{"rendered":"UV B\u00f6cek \u00d6ld\u00fcr\u00fcc\u00fc Lamba 10W Ask\u0131l\u0131 ve Ta\u015f\u0131nabilir Tasar\u0131m"},"content":{"rendered":"<p>UV b\u00f6cek \u00f6ld\u00fcr\u00fcc\u00fc lamba, 10W g\u00fc\u00e7 kapasitesi ile g\u00fc\u00e7l\u00fc bir performans sunarak sivrisinek ve sinek sorununa etkili bir \u00e7\u00f6z\u00fcm getirir. UV \u0131\u015f\u0131k teknolojisi sayesinde b\u00f6cekleri kendine \u00e7eker ve elektrikli sistem ile h\u0131zl\u0131 bir \u015fekilde yok eder. Kimyasal i\u00e7ermeyen yap\u0131s\u0131 ile sa\u011fl\u0131kl\u0131 bir kullan\u0131m sunar.Sessiz \u00e7al\u0131\u015fma \u00f6zelli\u011fi sayesinde gece boyunca rahats\u0131zl\u0131k vermez. Koku yaymaz ve ortam\u0131n do\u011fal havas\u0131n\u0131 korur. G\u00fcvenli tasar\u0131m\u0131 sayesinde temas riskini ortadan kald\u0131r\u0131r.Ask\u0131l\u0131 ve masa\u00fcst\u00fc kullan\u0131m se\u00e7enekleri ile esnek kullan\u0131m sunar. Balkon, bah\u00e7e, kamp ve piknik gibi alanlarda rahatl\u0131kla kullan\u0131labilir. Ta\u015f\u0131nabilir yap\u0131s\u0131 sayesinde her yerde kullan\u0131m imkan\u0131 sa\u011flar.360 derece koruma sa\u011flayarak geni\u015f bir alan\u0131 kapsar. 10W g\u00fcc\u00fc sayesinde y\u00fcksek performans sunar ve sinek problemini ortadan kald\u0131r\u0131r.<\/p>\n","protected":false},"excerpt":{"rendered":"<p>UV b\u00f6cek \u00f6ld\u00fcr\u00fcc\u00fc lamba, 10W g\u00fc\u00e7 kapasitesi ile g\u00fc\u00e7l\u00fc bir performans sunarak sivrisinek ve sinek sorununa etkili bir \u00e7\u00f6z\u00fcm getirir. UV \u0131\u015f\u0131k teknolojisi sayesinde b\u00f6cekleri kendine \u00e7eker ve elektrikli sistem ile h\u0131zl\u0131 bir \u015fekilde yok eder. Kimyasal i\u00e7ermeyen yap\u0131s\u0131 ile sa\u011fl\u0131kl\u0131 bir kullan\u0131m sunar.Sessiz \u00e7al\u0131\u015fma \u00f6zelli\u011fi sayesinde gece boyunca rahats\u0131zl\u0131k vermez. Koku yaymaz ve ortam\u0131n&#8230;<\/p>\n","protected":false},"featured_media":130028,"comment_status":"open","ping_status":"closed","template":"","meta":{"_kad_post_transparent":"","_kad_post_title":"","_kad_post_layout":"","_kad_post_sidebar_id":"","_kad_post_content_style":"","_kad_post_vertical_padding":"","_kad_post_feature":"","_kad_post_feature_position":"","_kad_post_header":false,"_kad_post_footer":false,"_kad_post_classname":""},"product_brand":[],"product_cat":[15078],"product_tag":[],"class_list":{"0":"post-130029","1":"product","2":"type-product","3":"status-publish","4":"has-post-thumbnail","6":"product_cat-hasere-kovucular-hasere-kovucular","8":"first","9":"instock","10":"purchasable","11":"product-type-simple","12":"entry","13":"content-bg","14":"loop-entry"},"_links":{"self":[{"href":"https:\/\/www.hediyepazar.com\/index.php?rest_route=\/wp\/v2\/product\/130029","targetHints":{"allow":["GET"]}}],"collection":[{"href":"https:\/\/www.hediyepazar.com\/index.php?rest_route=\/wp\/v2\/product"}],"about":[{"href":"https:\/\/www.hediyepazar.com\/index.php?rest_route=\/wp\/v2\/types\/product"}],"replies":[{"embeddable":true,"href":"https:\/\/www.hediyepazar.com\/index.php?rest_route=%2Fwp%2Fv2%2Fcomments&post=130029"}],"wp:featuredmedia":[{"embeddable":true,"href":"https:\/\/www.hediyepazar.com\/index.php?rest_route=\/wp\/v2\/media\/130028"}],"wp:attachment":[{"href":"https:\/\/www.hediyepazar.com\/index.php?rest_route=%2Fwp%2Fv2%2Fmedia&parent=130029"}],"wp:term":[{"taxonomy":"product_brand","embeddable":true,"href":"https:\/\/www.hediyepazar.com\/index.php?rest_route=%2Fwp%2Fv2%2Fproduct_brand&post=130029"},{"taxonomy":"product_cat","embeddable":true,"href":"https:\/\/www.hediyepazar.com\/index.php?rest_route=%2Fwp%2Fv2%2Fproduct_cat&post=130029"},{"taxonomy":"product_tag","embeddable":true,"href":"https:\/\/www.hediyepazar.com\/index.php?rest_route=%2Fwp%2Fv2%2Fproduct_tag&post=130029"}],"curies":[{"name":"wp","href":"https:\/\/api.w.org\/{rel}","templated":true}]}}