{"id":130033,"date":"2026-05-07T06:59:06","date_gmt":"2026-05-07T09:59:06","guid":{"rendered":"https:\/\/www.hediyepazar.com\/?product=10w-guclu-uv-sivrisinek-oldurucu-lamba-askili-ve-masaustu-kullanim"},"modified":"2026-05-07T06:59:06","modified_gmt":"2026-05-07T09:59:06","slug":"10w-guclu-uv-sivrisinek-oldurucu-lamba-askili-ve-masaustu-kullanim","status":"publish","type":"product","link":"https:\/\/www.hediyepazar.com\/?product=10w-guclu-uv-sivrisinek-oldurucu-lamba-askili-ve-masaustu-kullanim","title":{"rendered":"10W G\u00fc\u00e7l\u00fc UV Sivrisinek \u00d6ld\u00fcr\u00fcc\u00fc Lamba Ask\u0131l\u0131 ve Masa\u00fcst\u00fc Kullan\u0131m"},"content":{"rendered":"<p>10W g\u00fc\u00e7 kapasitesine sahip UV sivrisinek \u00f6ld\u00fcr\u00fcc\u00fc lamba, ev ve d\u0131\u015f mekan kullan\u0131m\u0131nda etkili bir sinek kontrol\u00fc sa\u011flayarak ya\u015fam alanlar\u0131n\u0131z\u0131 daha konforlu hale getirir. Geli\u015fmi\u015f UV \u0131\u015f\u0131k teknolojisi sayesinde sivrisinekleri, sinekleri ve di\u011fer u\u00e7an ha\u015fereleri kendine \u00e7ekerek g\u00fc\u00e7l\u00fc elektrikli \u0131zgara sistemi ile h\u0131zl\u0131 bir \u015fekilde etkisiz hale getirir. Kimyasal i\u00e7ermeyen yap\u0131s\u0131 sayesinde sa\u011fl\u0131\u011f\u0131n\u0131z\u0131 riske atmadan do\u011fal ve g\u00fcvenli bir \u00e7\u00f6z\u00fcm sunar.\u00dcr\u00fcn, as\u0131labilir ve masa\u00fcst\u00fc kullan\u0131m se\u00e7enekleri ile olduk\u00e7a esnek bir kullan\u0131m imkan\u0131 sa\u011flar. \u00dcst k\u0131sm\u0131nda bulunan ask\u0131 aparat\u0131 sayesinde balkon, bah\u00e7e, teras gibi alanlarda kolayca as\u0131labilir. Ayn\u0131 zamanda masa, sehpa veya d\u00fcz zeminlerde de rahatl\u0131kla kullan\u0131labilir. Bu sayede kullan\u0131m alan\u0131na g\u00f6re farkl\u0131 konumland\u0131rma se\u00e7enekleri sunar.Sessiz \u00e7al\u0131\u015fma \u00f6zelli\u011fi ile gece kullan\u0131m\u0131 i\u00e7in idealdir. G\u00fcr\u00fclt\u00fc olu\u015fturmayan yap\u0131s\u0131 sayesinde uyku s\u0131ras\u0131nda rahats\u0131zl\u0131k vermez ve kesintisiz bir uyku deneyimi sunar. Koku yaymayan \u00e7al\u0131\u015fma prensibi ile ortam havas\u0131n\u0131 bozmaz. G\u00fcvenli tasar\u0131m\u0131 sayesinde d\u0131\u015f koruma kafesi ile elektrikli b\u00f6l\u00fcme temas engellenir, bu da \u00e7ocuklar ve evcil hayvanlar i\u00e7in g\u00fcvenli kullan\u0131m sa\u011flar.10W g\u00fc\u00e7l\u00fc yap\u0131s\u0131 sayesinde geni\u015f bir alanda etkili performans g\u00f6sterir. 360 derece koruma sa\u011flayarak bulundu\u011fu ortam\u0131 tamamen kapsar. Hem i\u00e7 hem d\u0131\u015f mekan kullan\u0131m\u0131 i\u00e7in uygun olan bu \u00fcr\u00fcn, yaz aylar\u0131nda sinek problemini ortadan kald\u0131rmak isteyenler i\u00e7in ideal bir \u00e7\u00f6z\u00fcmd\u00fcr.<\/p>\n","protected":false},"excerpt":{"rendered":"<p>10W g\u00fc\u00e7 kapasitesine sahip UV sivrisinek \u00f6ld\u00fcr\u00fcc\u00fc lamba, ev ve d\u0131\u015f mekan kullan\u0131m\u0131nda etkili bir sinek kontrol\u00fc sa\u011flayarak ya\u015fam alanlar\u0131n\u0131z\u0131 daha konforlu hale getirir. Geli\u015fmi\u015f UV \u0131\u015f\u0131k teknolojisi sayesinde sivrisinekleri, sinekleri ve di\u011fer u\u00e7an ha\u015fereleri kendine \u00e7ekerek g\u00fc\u00e7l\u00fc elektrikli \u0131zgara sistemi ile h\u0131zl\u0131 bir \u015fekilde etkisiz hale getirir. Kimyasal i\u00e7ermeyen yap\u0131s\u0131 sayesinde sa\u011fl\u0131\u011f\u0131n\u0131z\u0131 riske atmadan&#8230;<\/p>\n","protected":false},"featured_media":130032,"comment_status":"open","ping_status":"closed","template":"","meta":{"_kad_post_transparent":"","_kad_post_title":"","_kad_post_layout":"","_kad_post_sidebar_id":"","_kad_post_content_style":"","_kad_post_vertical_padding":"","_kad_post_feature":"","_kad_post_feature_position":"","_kad_post_header":false,"_kad_post_footer":false,"_kad_post_classname":""},"product_brand":[],"product_cat":[15078],"product_tag":[],"class_list":{"0":"post-130033","1":"product","2":"type-product","3":"status-publish","4":"has-post-thumbnail","6":"product_cat-hasere-kovucular-hasere-kovucular","8":"first","9":"instock","10":"purchasable","11":"product-type-simple","12":"entry","13":"content-bg","14":"loop-entry"},"_links":{"self":[{"href":"https:\/\/www.hediyepazar.com\/index.php?rest_route=\/wp\/v2\/product\/130033","targetHints":{"allow":["GET"]}}],"collection":[{"href":"https:\/\/www.hediyepazar.com\/index.php?rest_route=\/wp\/v2\/product"}],"about":[{"href":"https:\/\/www.hediyepazar.com\/index.php?rest_route=\/wp\/v2\/types\/product"}],"replies":[{"embeddable":true,"href":"https:\/\/www.hediyepazar.com\/index.php?rest_route=%2Fwp%2Fv2%2Fcomments&post=130033"}],"wp:featuredmedia":[{"embeddable":true,"href":"https:\/\/www.hediyepazar.com\/index.php?rest_route=\/wp\/v2\/media\/130032"}],"wp:attachment":[{"href":"https:\/\/www.hediyepazar.com\/index.php?rest_route=%2Fwp%2Fv2%2Fmedia&parent=130033"}],"wp:term":[{"taxonomy":"product_brand","embeddable":true,"href":"https:\/\/www.hediyepazar.com\/index.php?rest_route=%2Fwp%2Fv2%2Fproduct_brand&post=130033"},{"taxonomy":"product_cat","embeddable":true,"href":"https:\/\/www.hediyepazar.com\/index.php?rest_route=%2Fwp%2Fv2%2Fproduct_cat&post=130033"},{"taxonomy":"product_tag","embeddable":true,"href":"https:\/\/www.hediyepazar.com\/index.php?rest_route=%2Fwp%2Fv2%2Fproduct_tag&post=130033"}],"curies":[{"name":"wp","href":"https:\/\/api.w.org\/{rel}","templated":true}]}}