{"id":130035,"date":"2026-05-07T06:59:12","date_gmt":"2026-05-07T09:59:12","guid":{"rendered":"https:\/\/www.hediyepazar.com\/?product=sessiz-sivrisinek-lambasi-sarjli-ve-guvenli-kullanim"},"modified":"2026-05-07T06:59:12","modified_gmt":"2026-05-07T09:59:12","slug":"sessiz-sivrisinek-lambasi-sarjli-ve-guvenli-kullanim","status":"publish","type":"product","link":"https:\/\/www.hediyepazar.com\/?product=sessiz-sivrisinek-lambasi-sarjli-ve-guvenli-kullanim","title":{"rendered":"Sessiz Sivrisinek Lambas\u0131 \u015earjl\u0131 ve G\u00fcvenli Kullan\u0131m"},"content":{"rendered":"<p>Sessiz sivrisinek lambas\u0131, UV \u0131\u015f\u0131k teknolojisi ile b\u00f6cekleri \u00e7ekerek elektrikli \u0131zgara ile etkisiz hale getirir. Kimyasal i\u00e7ermeyen yap\u0131s\u0131 sayesinde sa\u011fl\u0131kl\u0131 bir kullan\u0131m sunar.Sessiz \u00e7al\u0131\u015fmas\u0131 sayesinde \u00f6zellikle gece kullan\u0131m\u0131nda b\u00fcy\u00fck avantaj sa\u011flar. Koku yaymaz ve ortam\u0131n havas\u0131n\u0131 bozmaz. G\u00fcvenli yap\u0131s\u0131 sayesinde \u00e7ocuklar i\u00e7in uygundur. kolayca \u015farj edilir. Uzun s\u00fcre kullan\u0131m sa\u011flar. Balkon ve bah\u00e7ede rahatl\u0131kla kullan\u0131labilir.360 derece koruma sunarak sivrisinekleri etkili \u015fekilde yok eder. Yaz aylar\u0131nda konfor sa\u011flar.<\/p>\n","protected":false},"excerpt":{"rendered":"<p>Sessiz sivrisinek lambas\u0131, UV \u0131\u015f\u0131k teknolojisi ile b\u00f6cekleri \u00e7ekerek elektrikli \u0131zgara ile etkisiz hale getirir. Kimyasal i\u00e7ermeyen yap\u0131s\u0131 sayesinde sa\u011fl\u0131kl\u0131 bir kullan\u0131m sunar.Sessiz \u00e7al\u0131\u015fmas\u0131 sayesinde \u00f6zellikle gece kullan\u0131m\u0131nda b\u00fcy\u00fck avantaj sa\u011flar. Koku yaymaz ve ortam\u0131n havas\u0131n\u0131 bozmaz. G\u00fcvenli yap\u0131s\u0131 sayesinde \u00e7ocuklar i\u00e7in uygundur. kolayca \u015farj edilir. Uzun s\u00fcre kullan\u0131m sa\u011flar. Balkon ve bah\u00e7ede rahatl\u0131kla kullan\u0131labilir.360&#8230;<\/p>\n","protected":false},"featured_media":130034,"comment_status":"open","ping_status":"closed","template":"","meta":{"_kad_post_transparent":"","_kad_post_title":"","_kad_post_layout":"","_kad_post_sidebar_id":"","_kad_post_content_style":"","_kad_post_vertical_padding":"","_kad_post_feature":"","_kad_post_feature_position":"","_kad_post_header":false,"_kad_post_footer":false,"_kad_post_classname":""},"product_brand":[],"product_cat":[15078],"product_tag":[],"class_list":{"0":"post-130035","1":"product","2":"type-product","3":"status-publish","4":"has-post-thumbnail","6":"product_cat-hasere-kovucular-hasere-kovucular","8":"first","9":"instock","10":"purchasable","11":"product-type-simple","12":"entry","13":"content-bg","14":"loop-entry"},"_links":{"self":[{"href":"https:\/\/www.hediyepazar.com\/index.php?rest_route=\/wp\/v2\/product\/130035","targetHints":{"allow":["GET"]}}],"collection":[{"href":"https:\/\/www.hediyepazar.com\/index.php?rest_route=\/wp\/v2\/product"}],"about":[{"href":"https:\/\/www.hediyepazar.com\/index.php?rest_route=\/wp\/v2\/types\/product"}],"replies":[{"embeddable":true,"href":"https:\/\/www.hediyepazar.com\/index.php?rest_route=%2Fwp%2Fv2%2Fcomments&post=130035"}],"wp:featuredmedia":[{"embeddable":true,"href":"https:\/\/www.hediyepazar.com\/index.php?rest_route=\/wp\/v2\/media\/130034"}],"wp:attachment":[{"href":"https:\/\/www.hediyepazar.com\/index.php?rest_route=%2Fwp%2Fv2%2Fmedia&parent=130035"}],"wp:term":[{"taxonomy":"product_brand","embeddable":true,"href":"https:\/\/www.hediyepazar.com\/index.php?rest_route=%2Fwp%2Fv2%2Fproduct_brand&post=130035"},{"taxonomy":"product_cat","embeddable":true,"href":"https:\/\/www.hediyepazar.com\/index.php?rest_route=%2Fwp%2Fv2%2Fproduct_cat&post=130035"},{"taxonomy":"product_tag","embeddable":true,"href":"https:\/\/www.hediyepazar.com\/index.php?rest_route=%2Fwp%2Fv2%2Fproduct_tag&post=130035"}],"curies":[{"name":"wp","href":"https:\/\/api.w.org\/{rel}","templated":true}]}}