{"id":130037,"date":"2026-05-07T06:59:16","date_gmt":"2026-05-07T09:59:16","guid":{"rendered":"https:\/\/www.hediyepazar.com\/?product=sarjli-uv-bocek-oldurucu-lamba-balkon-ve-bahce-icin-uygun"},"modified":"2026-05-07T06:59:16","modified_gmt":"2026-05-07T09:59:16","slug":"sarjli-uv-bocek-oldurucu-lamba-balkon-ve-bahce-icin-uygun","status":"publish","type":"product","link":"https:\/\/www.hediyepazar.com\/?product=sarjli-uv-bocek-oldurucu-lamba-balkon-ve-bahce-icin-uygun","title":{"rendered":"\u015earjl\u0131 UV B\u00f6cek \u00d6ld\u00fcr\u00fcc\u00fc Lamba Balkon ve Bah\u00e7e \u0130\u00e7in Uygun"},"content":{"rendered":"<p>\u015earjl\u0131 UV b\u00f6cek \u00f6ld\u00fcr\u00fcc\u00fc lamba, \u00f6zellikle balkon ve bah\u00e7e kullan\u0131m\u0131 i\u00e7in geli\u015ftirilmi\u015f etkili bir \u00fcr\u00fcnd\u00fcr. UV \u0131\u015f\u0131k teknolojisi ile b\u00f6cekleri kendine \u00e7eker ve elektrikli sistem ile an\u0131nda yok eder. Kimyasal i\u00e7ermedi\u011fi i\u00e7in sa\u011fl\u0131kl\u0131 ve \u00e7evre dostu bir kullan\u0131m sunar.Sessiz \u00e7al\u0131\u015fma \u00f6zelli\u011fi sayesinde gece boyunca rahats\u0131zl\u0131k vermez. Koku yaymaz ve ortam havas\u0131n\u0131 bozmaz. G\u00fcvenli kullan\u0131m sunan d\u0131\u015f koruma yap\u0131s\u0131 sayesinde \u00e7ocuklar ve evcil hayvanlar i\u00e7in uygundur. \u015farj edilebilir olmas\u0131 sayesinde pratik kullan\u0131m sa\u011flar. Uzun pil \u00f6mr\u00fc ile tek \u015farjda uzun s\u00fcre \u00e7al\u0131\u015f\u0131r. Duvara as\u0131labilir veya masa \u00fczerinde kullan\u0131labilir. Balkon, bah\u00e7e ve teras gibi alanlarda etkili sonu\u00e7 verir.360 derece kapsama alan\u0131 ile sivrisinekleri tamamen ortadan kald\u0131r\u0131r. Yaz ak\u015famlar\u0131nda rahat bir ortam sunar.<\/p>\n","protected":false},"excerpt":{"rendered":"<p>\u015earjl\u0131 UV b\u00f6cek \u00f6ld\u00fcr\u00fcc\u00fc lamba, \u00f6zellikle balkon ve bah\u00e7e kullan\u0131m\u0131 i\u00e7in geli\u015ftirilmi\u015f etkili bir \u00fcr\u00fcnd\u00fcr. UV \u0131\u015f\u0131k teknolojisi ile b\u00f6cekleri kendine \u00e7eker ve elektrikli sistem ile an\u0131nda yok eder. Kimyasal i\u00e7ermedi\u011fi i\u00e7in sa\u011fl\u0131kl\u0131 ve \u00e7evre dostu bir kullan\u0131m sunar.Sessiz \u00e7al\u0131\u015fma \u00f6zelli\u011fi sayesinde gece boyunca rahats\u0131zl\u0131k vermez. Koku yaymaz ve ortam havas\u0131n\u0131 bozmaz. G\u00fcvenli kullan\u0131m sunan&#8230;<\/p>\n","protected":false},"featured_media":130036,"comment_status":"open","ping_status":"closed","template":"","meta":{"_kad_post_transparent":"","_kad_post_title":"","_kad_post_layout":"","_kad_post_sidebar_id":"","_kad_post_content_style":"","_kad_post_vertical_padding":"","_kad_post_feature":"","_kad_post_feature_position":"","_kad_post_header":false,"_kad_post_footer":false,"_kad_post_classname":""},"product_brand":[],"product_cat":[15078],"product_tag":[],"class_list":{"0":"post-130037","1":"product","2":"type-product","3":"status-publish","4":"has-post-thumbnail","6":"product_cat-hasere-kovucular-hasere-kovucular","8":"first","9":"instock","10":"purchasable","11":"product-type-simple","12":"entry","13":"content-bg","14":"loop-entry"},"_links":{"self":[{"href":"https:\/\/www.hediyepazar.com\/index.php?rest_route=\/wp\/v2\/product\/130037","targetHints":{"allow":["GET"]}}],"collection":[{"href":"https:\/\/www.hediyepazar.com\/index.php?rest_route=\/wp\/v2\/product"}],"about":[{"href":"https:\/\/www.hediyepazar.com\/index.php?rest_route=\/wp\/v2\/types\/product"}],"replies":[{"embeddable":true,"href":"https:\/\/www.hediyepazar.com\/index.php?rest_route=%2Fwp%2Fv2%2Fcomments&post=130037"}],"wp:featuredmedia":[{"embeddable":true,"href":"https:\/\/www.hediyepazar.com\/index.php?rest_route=\/wp\/v2\/media\/130036"}],"wp:attachment":[{"href":"https:\/\/www.hediyepazar.com\/index.php?rest_route=%2Fwp%2Fv2%2Fmedia&parent=130037"}],"wp:term":[{"taxonomy":"product_brand","embeddable":true,"href":"https:\/\/www.hediyepazar.com\/index.php?rest_route=%2Fwp%2Fv2%2Fproduct_brand&post=130037"},{"taxonomy":"product_cat","embeddable":true,"href":"https:\/\/www.hediyepazar.com\/index.php?rest_route=%2Fwp%2Fv2%2Fproduct_cat&post=130037"},{"taxonomy":"product_tag","embeddable":true,"href":"https:\/\/www.hediyepazar.com\/index.php?rest_route=%2Fwp%2Fv2%2Fproduct_tag&post=130037"}],"curies":[{"name":"wp","href":"https:\/\/api.w.org\/{rel}","templated":true}]}}