{"id":130039,"date":"2026-05-07T06:59:20","date_gmt":"2026-05-07T09:59:20","guid":{"rendered":"https:\/\/www.hediyepazar.com\/?product=elektrikli-sivrisinek-oldurucu-uv-lamba-sessiz-ve-tasinabilir"},"modified":"2026-05-07T06:59:20","modified_gmt":"2026-05-07T09:59:20","slug":"elektrikli-sivrisinek-oldurucu-uv-lamba-sessiz-ve-tasinabilir","status":"publish","type":"product","link":"https:\/\/www.hediyepazar.com\/?product=elektrikli-sivrisinek-oldurucu-uv-lamba-sessiz-ve-tasinabilir","title":{"rendered":"Elektrikli Sivrisinek \u00d6ld\u00fcr\u00fcc\u00fc UV Lamba Sessiz ve Ta\u015f\u0131nabilir"},"content":{"rendered":"<p>Elektrikli sivrisinek \u00f6ld\u00fcr\u00fcc\u00fc UV lamba, modern teknolojisi sayesinde sivrisineklerle m\u00fccadelede etkili bir \u00e7\u00f6z\u00fcm sunar. UV \u0131\u015f\u0131k sistemi ile b\u00f6cekleri kendine \u00e7eker ve g\u00fc\u00e7l\u00fc elektrikli \u0131zgara ile saniyeler i\u00e7inde yok eder. Kimyasal i\u00e7ermeyen yap\u0131s\u0131 sayesinde sa\u011fl\u0131\u011f\u0131n\u0131z\u0131 korur ve do\u011fal bir kullan\u0131m sa\u011flar.Sessiz \u00e7al\u0131\u015fma \u00f6zelli\u011fi ile \u00f6zellikle gece kullan\u0131m\u0131 i\u00e7in uygundur. Uyku s\u0131ras\u0131nda rahats\u0131zl\u0131k vermez ve huzurlu bir ortam olu\u015fturur. Koku yaymayan yap\u0131s\u0131 sayesinde ortam\u0131n havas\u0131n\u0131 bozmaz. G\u00fcvenlik a\u00e7\u0131s\u0131ndan \u00f6zel olarak tasarlanm\u0131\u015f d\u0131\u015f koruma kafesi, temas riskini ortadan kald\u0131r\u0131r. \u015farj edilebilir olmas\u0131 sayesinde olduk\u00e7a pratiktir. Powerbank veya adapt\u00f6r ile kolayca \u015farj edilebilir. Ta\u015f\u0131nabilir yap\u0131s\u0131 sayesinde istedi\u011finiz her yere g\u00f6t\u00fcrebilirsiniz. Balkon, bah\u00e7e, kamp ve piknik gibi d\u0131\u015f mekanlarda rahatl\u0131kla kullan\u0131labilir.360 derece koruma sa\u011flayan yap\u0131s\u0131 sayesinde bulundu\u011fu alan\u0131 tamamen korur. Hem i\u00e7 hem d\u0131\u015f mekan kullan\u0131m\u0131na uygun olan bu \u00fcr\u00fcn, yaz aylar\u0131nda vazge\u00e7ilmez bir yard\u0131mc\u0131d\u0131r.<\/p>\n","protected":false},"excerpt":{"rendered":"<p>Elektrikli sivrisinek \u00f6ld\u00fcr\u00fcc\u00fc UV lamba, modern teknolojisi sayesinde sivrisineklerle m\u00fccadelede etkili bir \u00e7\u00f6z\u00fcm sunar. UV \u0131\u015f\u0131k sistemi ile b\u00f6cekleri kendine \u00e7eker ve g\u00fc\u00e7l\u00fc elektrikli \u0131zgara ile saniyeler i\u00e7inde yok eder. Kimyasal i\u00e7ermeyen yap\u0131s\u0131 sayesinde sa\u011fl\u0131\u011f\u0131n\u0131z\u0131 korur ve do\u011fal bir kullan\u0131m sa\u011flar.Sessiz \u00e7al\u0131\u015fma \u00f6zelli\u011fi ile \u00f6zellikle gece kullan\u0131m\u0131 i\u00e7in uygundur. Uyku s\u0131ras\u0131nda rahats\u0131zl\u0131k vermez ve huzurlu&#8230;<\/p>\n","protected":false},"featured_media":130038,"comment_status":"open","ping_status":"closed","template":"","meta":{"_kad_post_transparent":"","_kad_post_title":"","_kad_post_layout":"","_kad_post_sidebar_id":"","_kad_post_content_style":"","_kad_post_vertical_padding":"","_kad_post_feature":"","_kad_post_feature_position":"","_kad_post_header":false,"_kad_post_footer":false,"_kad_post_classname":""},"product_brand":[],"product_cat":[15078],"product_tag":[],"class_list":{"0":"post-130039","1":"product","2":"type-product","3":"status-publish","4":"has-post-thumbnail","6":"product_cat-hasere-kovucular-hasere-kovucular","8":"first","9":"instock","10":"purchasable","11":"product-type-simple","12":"entry","13":"content-bg","14":"loop-entry"},"_links":{"self":[{"href":"https:\/\/www.hediyepazar.com\/index.php?rest_route=\/wp\/v2\/product\/130039","targetHints":{"allow":["GET"]}}],"collection":[{"href":"https:\/\/www.hediyepazar.com\/index.php?rest_route=\/wp\/v2\/product"}],"about":[{"href":"https:\/\/www.hediyepazar.com\/index.php?rest_route=\/wp\/v2\/types\/product"}],"replies":[{"embeddable":true,"href":"https:\/\/www.hediyepazar.com\/index.php?rest_route=%2Fwp%2Fv2%2Fcomments&post=130039"}],"wp:featuredmedia":[{"embeddable":true,"href":"https:\/\/www.hediyepazar.com\/index.php?rest_route=\/wp\/v2\/media\/130038"}],"wp:attachment":[{"href":"https:\/\/www.hediyepazar.com\/index.php?rest_route=%2Fwp%2Fv2%2Fmedia&parent=130039"}],"wp:term":[{"taxonomy":"product_brand","embeddable":true,"href":"https:\/\/www.hediyepazar.com\/index.php?rest_route=%2Fwp%2Fv2%2Fproduct_brand&post=130039"},{"taxonomy":"product_cat","embeddable":true,"href":"https:\/\/www.hediyepazar.com\/index.php?rest_route=%2Fwp%2Fv2%2Fproduct_cat&post=130039"},{"taxonomy":"product_tag","embeddable":true,"href":"https:\/\/www.hediyepazar.com\/index.php?rest_route=%2Fwp%2Fv2%2Fproduct_tag&post=130039"}],"curies":[{"name":"wp","href":"https:\/\/api.w.org\/{rel}","templated":true}]}}