{"id":130043,"date":"2026-05-07T07:00:09","date_gmt":"2026-05-07T10:00:09","guid":{"rendered":"https:\/\/www.hediyepazar.com\/?product=sarjli-uv-sivrisinek-oldurucu-lamba-sessiz-ve"},"modified":"2026-05-07T07:00:09","modified_gmt":"2026-05-07T10:00:09","slug":"sarjli-uv-sivrisinek-oldurucu-lamba-sessiz-ve","status":"publish","type":"product","link":"https:\/\/www.hediyepazar.com\/?product=sarjli-uv-sivrisinek-oldurucu-lamba-sessiz-ve","title":{"rendered":"\u015earjl\u0131 UV Sivrisinek \u00d6ld\u00fcr\u00fcc\u00fc Lamba Sessiz ve"},"content":{"rendered":"<p>UV sivrisinek \u00f6ld\u00fcr\u00fcc\u00fc lamba, yaz aylar\u0131nda ya\u015fanan sivrisinek ve u\u00e7an ha\u015fere problemlerine kar\u015f\u0131 etkili ve modern bir \u00e7\u00f6z\u00fcm sunar. \u00d6zel UV \u0131\u015f\u0131k teknolojisi sayesinde sivrisinekleri ve di\u011fer u\u00e7an b\u00f6cekleri kendine \u00e7eker ve g\u00fc\u00e7l\u00fc elektrikli \u0131zgara sistemi ile h\u0131zl\u0131 bir \u015fekilde etkisiz hale getirir. Kimyasal i\u00e7ermeyen yap\u0131s\u0131 sayesinde sa\u011fl\u0131\u011f\u0131n\u0131z\u0131 riske atmadan do\u011fal bir koruma sa\u011flar. Sprey, tablet veya kimyasal \u00fcr\u00fcn kullanmak istemeyen kullan\u0131c\u0131lar i\u00e7in ideal bir alternatiftir.Cihaz, sessiz \u00e7al\u0131\u015fma teknolojisi ile \u00f6ne \u00e7\u0131kar. Gece boyunca \u00e7al\u0131\u015f\u0131rken rahats\u0131z edici bir ses \u00e7\u0131karmaz, bu sayede \u00f6zellikle yatak odas\u0131nda kullan\u0131m i\u00e7in son derece uygundur. G\u00fcr\u00fclt\u00fcs\u00fcz yap\u0131s\u0131 sayesinde kesintisiz ve kaliteli bir uyku deneyimi sunar. Ayn\u0131 zamanda koku yaymayan sistemi ile ortam havas\u0131n\u0131 bozmaz ve ferah bir kullan\u0131m sa\u011flar.G\u00fcvenlik a\u00e7\u0131s\u0131ndan da olduk\u00e7a avantajl\u0131d\u0131r. D\u0131\u015f koruma \u0131zgaras\u0131 sayesinde elektrikli b\u00f6l\u00fcme temas engellenir. Bu \u00f6zellik, \u00e7ocuklu ve evcil hayvanl\u0131 evlerde g\u00fcvenle kullan\u0131m imkan\u0131 sunar. USB-C \u015farj \u00f6zelli\u011fi sayesinde cihaz\u0131 kolayca \u015farj edebilir, powerbank, laptop veya adapt\u00f6r ile pratik bir \u015fekilde kullanabilirsiniz.Duvara as\u0131labilir veya masa \u00fczerinde kullan\u0131labilir tasar\u0131m\u0131 sayesinde olduk\u00e7a esnektir. Balkon, bah\u00e7e, teras, salon veya ofis gibi farkl\u0131 alanlarda rahatl\u0131kla kullan\u0131labilir. 360 derece koruma sa\u011flayan yap\u0131s\u0131 sayesinde bulundu\u011fu ortam\u0131n tamam\u0131n\u0131 etkili bir \u015fekilde korur. Hem i\u00e7 hem d\u0131\u015f mekan kullan\u0131m\u0131na uygun olan bu \u00fcr\u00fcn, yaz ak\u015famlar\u0131n\u0131z\u0131 daha konforlu hale getirir.<\/p>\n","protected":false},"excerpt":{"rendered":"<p>UV sivrisinek \u00f6ld\u00fcr\u00fcc\u00fc lamba, yaz aylar\u0131nda ya\u015fanan sivrisinek ve u\u00e7an ha\u015fere problemlerine kar\u015f\u0131 etkili ve modern bir \u00e7\u00f6z\u00fcm sunar. \u00d6zel UV \u0131\u015f\u0131k teknolojisi sayesinde sivrisinekleri ve di\u011fer u\u00e7an b\u00f6cekleri kendine \u00e7eker ve g\u00fc\u00e7l\u00fc elektrikli \u0131zgara sistemi ile h\u0131zl\u0131 bir \u015fekilde etkisiz hale getirir. Kimyasal i\u00e7ermeyen yap\u0131s\u0131 sayesinde sa\u011fl\u0131\u011f\u0131n\u0131z\u0131 riske atmadan do\u011fal bir koruma sa\u011flar. Sprey,&#8230;<\/p>\n","protected":false},"featured_media":130042,"comment_status":"open","ping_status":"closed","template":"","meta":{"_kad_post_transparent":"","_kad_post_title":"","_kad_post_layout":"","_kad_post_sidebar_id":"","_kad_post_content_style":"","_kad_post_vertical_padding":"","_kad_post_feature":"","_kad_post_feature_position":"","_kad_post_header":false,"_kad_post_footer":false,"_kad_post_classname":""},"product_brand":[],"product_cat":[15078],"product_tag":[],"class_list":{"0":"post-130043","1":"product","2":"type-product","3":"status-publish","4":"has-post-thumbnail","6":"product_cat-hasere-kovucular-hasere-kovucular","8":"first","9":"instock","10":"purchasable","11":"product-type-simple","12":"entry","13":"content-bg","14":"loop-entry"},"_links":{"self":[{"href":"https:\/\/www.hediyepazar.com\/index.php?rest_route=\/wp\/v2\/product\/130043","targetHints":{"allow":["GET"]}}],"collection":[{"href":"https:\/\/www.hediyepazar.com\/index.php?rest_route=\/wp\/v2\/product"}],"about":[{"href":"https:\/\/www.hediyepazar.com\/index.php?rest_route=\/wp\/v2\/types\/product"}],"replies":[{"embeddable":true,"href":"https:\/\/www.hediyepazar.com\/index.php?rest_route=%2Fwp%2Fv2%2Fcomments&post=130043"}],"wp:featuredmedia":[{"embeddable":true,"href":"https:\/\/www.hediyepazar.com\/index.php?rest_route=\/wp\/v2\/media\/130042"}],"wp:attachment":[{"href":"https:\/\/www.hediyepazar.com\/index.php?rest_route=%2Fwp%2Fv2%2Fmedia&parent=130043"}],"wp:term":[{"taxonomy":"product_brand","embeddable":true,"href":"https:\/\/www.hediyepazar.com\/index.php?rest_route=%2Fwp%2Fv2%2Fproduct_brand&post=130043"},{"taxonomy":"product_cat","embeddable":true,"href":"https:\/\/www.hediyepazar.com\/index.php?rest_route=%2Fwp%2Fv2%2Fproduct_cat&post=130043"},{"taxonomy":"product_tag","embeddable":true,"href":"https:\/\/www.hediyepazar.com\/index.php?rest_route=%2Fwp%2Fv2%2Fproduct_tag&post=130043"}],"curies":[{"name":"wp","href":"https:\/\/api.w.org\/{rel}","templated":true}]}}