{"id":130045,"date":"2026-05-07T07:00:34","date_gmt":"2026-05-07T10:00:34","guid":{"rendered":"https:\/\/www.hediyepazar.com\/?product=zarif-tasarim-siyah-tul-gecelik-babydoll"},"modified":"2026-05-07T07:00:34","modified_gmt":"2026-05-07T10:00:34","slug":"zarif-tasarim-siyah-tul-gecelik-babydoll","status":"publish","type":"product","link":"https:\/\/www.hediyepazar.com\/?product=zarif-tasarim-siyah-tul-gecelik-babydoll","title":{"rendered":"Zarif Tasar\u0131m Siyah T\u00fcl Gecelik &#8211; Babydoll"},"content":{"rendered":"<p><p>Zarif dantel detaylar\u0131 ve ince t\u00fcl\u00fcn birle\u015fimiyle tasarlanan bu babydoll gecelik, transparan yap\u0131s\u0131yla \u015f\u0131kl\u0131\u011f\u0131 ve konforu bir araya getiriyor. Rahat bir kullan\u0131m deneyimi sunmas\u0131 amac\u0131yla \u00f6zel olarak sabit omuz ask\u0131l\u0131 \u015fekilde dizayn edilmi\u015ftir.<\/p>\n<ul>\n<li><b>Paket \u0130\u00e7eri\u011fi:<\/b> 1 Adet Gecelik, 1 Adet Slip Alt.<\/li>\n<li><b>Kuma\u015f Bilgisi:<\/b> %100 Polyester (\u0130nce t\u00fcl ve dantel kar\u0131\u015f\u0131m\u0131).<\/li>\n<li><b>Tasar\u0131m:<\/b> Transparan (\u015eeffaf) yap\u0131, sabit omuz ask\u0131s\u0131.<\/li>\n<li><b>Beden Se\u00e7enekleri:<\/b> S\/M \u2013 L\/XL \u2013 2XL\/3XL.<\/li>\n<\/ul>\n","protected":false},"excerpt":{"rendered":"<p>Zarif dantel detaylar\u0131 ve ince t\u00fcl\u00fcn birle\u015fimiyle tasarlanan bu babydoll gecelik, transparan yap\u0131s\u0131yla \u015f\u0131kl\u0131\u011f\u0131 ve konforu bir araya getiriyor. Rahat bir kullan\u0131m deneyimi sunmas\u0131 amac\u0131yla \u00f6zel olarak sabit omuz ask\u0131l\u0131 \u015fekilde dizayn edilmi\u015ftir. Paket \u0130\u00e7eri\u011fi: 1 Adet Gecelik, 1 Adet Slip Alt. Kuma\u015f Bilgisi: %100 Polyester (\u0130nce t\u00fcl ve dantel kar\u0131\u015f\u0131m\u0131). Tasar\u0131m: Transparan (\u015eeffaf) yap\u0131,&#8230;<\/p>\n","protected":false},"featured_media":130044,"comment_status":"open","ping_status":"closed","template":"","meta":{"_kad_post_transparent":"","_kad_post_title":"","_kad_post_layout":"","_kad_post_sidebar_id":"","_kad_post_content_style":"","_kad_post_vertical_padding":"","_kad_post_feature":"","_kad_post_feature_position":"","_kad_post_header":false,"_kad_post_footer":false,"_kad_post_classname":""},"product_brand":[],"product_cat":[15167],"product_tag":[],"class_list":{"0":"post-130045","1":"product","2":"type-product","3":"status-publish","4":"has-post-thumbnail","6":"product_cat-fantezi-gecelik-fantezi-gecelik","8":"first","9":"instock","10":"purchasable","11":"product-type-simple","12":"entry","13":"content-bg","14":"loop-entry"},"_links":{"self":[{"href":"https:\/\/www.hediyepazar.com\/index.php?rest_route=\/wp\/v2\/product\/130045","targetHints":{"allow":["GET"]}}],"collection":[{"href":"https:\/\/www.hediyepazar.com\/index.php?rest_route=\/wp\/v2\/product"}],"about":[{"href":"https:\/\/www.hediyepazar.com\/index.php?rest_route=\/wp\/v2\/types\/product"}],"replies":[{"embeddable":true,"href":"https:\/\/www.hediyepazar.com\/index.php?rest_route=%2Fwp%2Fv2%2Fcomments&post=130045"}],"wp:featuredmedia":[{"embeddable":true,"href":"https:\/\/www.hediyepazar.com\/index.php?rest_route=\/wp\/v2\/media\/130044"}],"wp:attachment":[{"href":"https:\/\/www.hediyepazar.com\/index.php?rest_route=%2Fwp%2Fv2%2Fmedia&parent=130045"}],"wp:term":[{"taxonomy":"product_brand","embeddable":true,"href":"https:\/\/www.hediyepazar.com\/index.php?rest_route=%2Fwp%2Fv2%2Fproduct_brand&post=130045"},{"taxonomy":"product_cat","embeddable":true,"href":"https:\/\/www.hediyepazar.com\/index.php?rest_route=%2Fwp%2Fv2%2Fproduct_cat&post=130045"},{"taxonomy":"product_tag","embeddable":true,"href":"https:\/\/www.hediyepazar.com\/index.php?rest_route=%2Fwp%2Fv2%2Fproduct_tag&post=130045"}],"curies":[{"name":"wp","href":"https:\/\/api.w.org\/{rel}","templated":true}]}}