{"id":130055,"date":"2026-05-07T07:02:25","date_gmt":"2026-05-07T10:02:25","guid":{"rendered":"https:\/\/www.hediyepazar.com\/?product=cicek-desenli-transparan-gecelik-siyah"},"modified":"2026-05-07T07:02:25","modified_gmt":"2026-05-07T10:02:25","slug":"cicek-desenli-transparan-gecelik-siyah","status":"publish","type":"product","link":"https:\/\/www.hediyepazar.com\/?product=cicek-desenli-transparan-gecelik-siyah","title":{"rendered":"\u00c7i\u00e7ek Desenli Transparan Gecelik Siyah"},"content":{"rendered":"<p><\/p>\n<p>Kuma\u015f \u00d6zelli\u011fi:<br \/>\nLikral\u0131 mikro kuma\u015ftan \u00fcretilmi\u015ftir. Esnek ve hafif yap\u0131s\u0131 sayesinde v\u00fccuda uyum sa\u011flar ve konforlu bir kullan\u0131m sunar.<\/p>\n<p>Materyal:<br \/>\n%90 Polyester, %10 Elastan<\/p>\n<p>Y\u0131kama Talimat\u0131:<br \/>\n\u00dcr\u00fcn\u00fcn formunu korumak i\u00e7in maksimum 30\u00b0C\u2019de elde y\u0131kay\u0131n\u0131z. Asarak kurutunuz.<\/p>\n<p>G\u00f6nderim Bilgisi:<br \/>\nSipari\u015fleriniz gizli paketleme y\u00f6ntemiyle \u00f6zenle haz\u0131rlan\u0131r. Kargo \u00fczerinde \u00fcr\u00fcn ad\u0131 veya i\u00e7eri\u011fine dair herhangi bir bilgi yer almaz.<\/p>\n","protected":false},"excerpt":{"rendered":"<p>Kuma\u015f \u00d6zelli\u011fi: Likral\u0131 mikro kuma\u015ftan \u00fcretilmi\u015ftir. Esnek ve hafif yap\u0131s\u0131 sayesinde v\u00fccuda uyum sa\u011flar ve konforlu bir kullan\u0131m sunar. Materyal: %90 Polyester, %10 Elastan Y\u0131kama Talimat\u0131: \u00dcr\u00fcn\u00fcn formunu korumak i\u00e7in maksimum 30\u00b0C\u2019de elde y\u0131kay\u0131n\u0131z. Asarak kurutunuz. G\u00f6nderim Bilgisi: Sipari\u015fleriniz gizli paketleme y\u00f6ntemiyle \u00f6zenle haz\u0131rlan\u0131r. Kargo \u00fczerinde \u00fcr\u00fcn ad\u0131 veya i\u00e7eri\u011fine dair herhangi bir bilgi yer&#8230;<\/p>\n","protected":false},"featured_media":130054,"comment_status":"open","ping_status":"closed","template":"","meta":{"_kad_post_transparent":"","_kad_post_title":"","_kad_post_layout":"","_kad_post_sidebar_id":"","_kad_post_content_style":"","_kad_post_vertical_padding":"","_kad_post_feature":"","_kad_post_feature_position":"","_kad_post_header":false,"_kad_post_footer":false,"_kad_post_classname":""},"product_brand":[],"product_cat":[15131],"product_tag":[],"class_list":{"0":"post-130055","1":"product","2":"type-product","3":"status-publish","4":"has-post-thumbnail","6":"product_cat-gecelik-ev-giyim-gecelik-ev-giyim","8":"first","9":"instock","10":"purchasable","11":"product-type-simple","12":"entry","13":"content-bg","14":"loop-entry"},"_links":{"self":[{"href":"https:\/\/www.hediyepazar.com\/index.php?rest_route=\/wp\/v2\/product\/130055","targetHints":{"allow":["GET"]}}],"collection":[{"href":"https:\/\/www.hediyepazar.com\/index.php?rest_route=\/wp\/v2\/product"}],"about":[{"href":"https:\/\/www.hediyepazar.com\/index.php?rest_route=\/wp\/v2\/types\/product"}],"replies":[{"embeddable":true,"href":"https:\/\/www.hediyepazar.com\/index.php?rest_route=%2Fwp%2Fv2%2Fcomments&post=130055"}],"wp:featuredmedia":[{"embeddable":true,"href":"https:\/\/www.hediyepazar.com\/index.php?rest_route=\/wp\/v2\/media\/130054"}],"wp:attachment":[{"href":"https:\/\/www.hediyepazar.com\/index.php?rest_route=%2Fwp%2Fv2%2Fmedia&parent=130055"}],"wp:term":[{"taxonomy":"product_brand","embeddable":true,"href":"https:\/\/www.hediyepazar.com\/index.php?rest_route=%2Fwp%2Fv2%2Fproduct_brand&post=130055"},{"taxonomy":"product_cat","embeddable":true,"href":"https:\/\/www.hediyepazar.com\/index.php?rest_route=%2Fwp%2Fv2%2Fproduct_cat&post=130055"},{"taxonomy":"product_tag","embeddable":true,"href":"https:\/\/www.hediyepazar.com\/index.php?rest_route=%2Fwp%2Fv2%2Fproduct_tag&post=130055"}],"curies":[{"name":"wp","href":"https:\/\/api.w.org\/{rel}","templated":true}]}}