{"id":130091,"date":"2026-05-07T07:10:08","date_gmt":"2026-05-07T10:10:08","guid":{"rendered":"https:\/\/www.hediyepazar.com\/?product=dantelli-kirmizi-fantazi-babydoll-sik-ve-cazibeli"},"modified":"2026-05-07T07:10:08","modified_gmt":"2026-05-07T10:10:08","slug":"dantelli-kirmizi-fantazi-babydoll-sik-ve-cazibeli","status":"publish","type":"product","link":"https:\/\/www.hediyepazar.com\/?product=dantelli-kirmizi-fantazi-babydoll-sik-ve-cazibeli","title":{"rendered":"Dantelli K\u0131rm\u0131z\u0131 Fantazi Babydoll \u2013 \u015e\u0131k ve Cazibeli"},"content":{"rendered":"<p>Dantelli K\u0131rm\u0131z\u0131 Fantazi Babydoll \u2013 \u015e\u0131k ve Cazibeli ile \u00f6zel g\u00fcnlerinizi ve romantik anlar\u0131n\u0131z\u0131 daha da unutulmaz k\u0131l\u0131n! Bu zarif ve g\u00f6z al\u0131c\u0131 babydoll, kad\u0131n\u0131z\u0131n \u00f6zg\u00fcvenini ve \u00e7ekicili\u011fini \u00f6n plana \u00e7\u0131kar\u0131rken, e\u015fsiz bir konfor sunar. \u00d6zel tasar\u0131m\u0131 ve kaliteli malzemesi ile her an\u0131n\u0131zda kendinizi \u00f6zel hissetmenizi sa\u011flar.<br \/>\n\u00dcr\u00fcn \u00d6zellikleri:Kuma\u015f: %90 Polyester %10 Elastan. Yumu\u015fak ve esnek yap\u0131s\u0131 ile v\u00fccudunuza m\u00fckemmel bir uyum sa\u011flar.<br \/>\nBak\u0131m: \u00dcr\u00fcnleri maksimum 30 derece suda ve elde y\u0131kay\u0131n\u0131z. Asarak kurutunuz. Bu \u015fekilde, babydoll&#8217;unuzun \u00f6mr\u00fcn\u00fc uzat\u0131r ve renklerinin canl\u0131l\u0131\u011f\u0131n\u0131 korursunuz.<br \/>\nGizli Paketleme: \u00dcr\u00fcnlerimizi gizli paketleme ile haz\u0131rl\u0131yoruz. Kargo \u00fczerinde \u00fcr\u00fcn ad\u0131 ve i\u00e7eri\u011fi kesinlikle yazmaz. B\u00f6ylece, al\u0131\u015fveri\u015finizin gizlili\u011fi tamam\u0131yla korunur.<br \/>\n<br \/>Neden Bu Babydoll&#8217;u Se\u00e7melisiniz?\u015e\u0131k ve Romantik Tasar\u0131m: Dantel detaylar\u0131 ile \u015f\u0131kl\u0131\u011f\u0131 ve romantizmi bir araya getirir. \u00d6zel g\u00fcnleriniz i\u00e7in m\u00fckemmel bir tercihtir.<br \/>\nY\u00fcksek Kalite: Kaliteli malzemelerden \u00fcretilmi\u015ftir ve uzunca s\u00fcre kullan\u0131m imkan\u0131 sunar.<br \/>\nM\u00fckemmel Konfor: Yumu\u015fak kuma\u015f\u0131 ve esnek yap\u0131s\u0131 ile t\u00fcm g\u00fcn boyunca rahatl\u0131k sa\u011flar.<br \/>\nHemen Sipari\u015f Verin!<br \/>\n    Bu b\u00fcy\u00fcleyici Dantelli K\u0131rm\u0131z\u0131 Fantazi Babydoll&#8217;\u00fc \u00f6zel anlar\u0131n\u0131z\u0131 daha da renklendirin! H\u0131zl\u0131 kargo ve gizli paketleme hizmetimiz ile \u00fcr\u00fcn\u00fcn\u00fcz k\u0131sa s\u00fcrede kap\u0131n\u0131zda olacak.<\/p>\n","protected":false},"excerpt":{"rendered":"<p>Dantelli K\u0131rm\u0131z\u0131 Fantazi Babydoll \u2013 \u015e\u0131k ve Cazibeli ile \u00f6zel g\u00fcnlerinizi ve romantik anlar\u0131n\u0131z\u0131 daha da unutulmaz k\u0131l\u0131n! Bu zarif ve g\u00f6z al\u0131c\u0131 babydoll, kad\u0131n\u0131z\u0131n \u00f6zg\u00fcvenini ve \u00e7ekicili\u011fini \u00f6n plana \u00e7\u0131kar\u0131rken, e\u015fsiz bir konfor sunar. \u00d6zel tasar\u0131m\u0131 ve kaliteli malzemesi ile her an\u0131n\u0131zda kendinizi \u00f6zel hissetmenizi sa\u011flar. \u00dcr\u00fcn \u00d6zellikleri:Kuma\u015f: %90 Polyester %10 Elastan. Yumu\u015fak ve&#8230;<\/p>\n","protected":false},"featured_media":130090,"comment_status":"open","ping_status":"closed","template":"","meta":{"_kad_post_transparent":"","_kad_post_title":"","_kad_post_layout":"","_kad_post_sidebar_id":"","_kad_post_content_style":"","_kad_post_vertical_padding":"","_kad_post_feature":"","_kad_post_feature_position":"","_kad_post_header":false,"_kad_post_footer":false,"_kad_post_classname":""},"product_brand":[],"product_cat":[15118],"product_tag":[],"class_list":{"0":"post-130091","1":"product","2":"type-product","3":"status-publish","4":"has-post-thumbnail","6":"product_cat-fantazi-babydoll-fantazi-ic-giyim-fantazi-babydoll","8":"first","9":"instock","10":"purchasable","11":"product-type-simple","12":"entry","13":"content-bg","14":"loop-entry"},"_links":{"self":[{"href":"https:\/\/www.hediyepazar.com\/index.php?rest_route=\/wp\/v2\/product\/130091","targetHints":{"allow":["GET"]}}],"collection":[{"href":"https:\/\/www.hediyepazar.com\/index.php?rest_route=\/wp\/v2\/product"}],"about":[{"href":"https:\/\/www.hediyepazar.com\/index.php?rest_route=\/wp\/v2\/types\/product"}],"replies":[{"embeddable":true,"href":"https:\/\/www.hediyepazar.com\/index.php?rest_route=%2Fwp%2Fv2%2Fcomments&post=130091"}],"wp:featuredmedia":[{"embeddable":true,"href":"https:\/\/www.hediyepazar.com\/index.php?rest_route=\/wp\/v2\/media\/130090"}],"wp:attachment":[{"href":"https:\/\/www.hediyepazar.com\/index.php?rest_route=%2Fwp%2Fv2%2Fmedia&parent=130091"}],"wp:term":[{"taxonomy":"product_brand","embeddable":true,"href":"https:\/\/www.hediyepazar.com\/index.php?rest_route=%2Fwp%2Fv2%2Fproduct_brand&post=130091"},{"taxonomy":"product_cat","embeddable":true,"href":"https:\/\/www.hediyepazar.com\/index.php?rest_route=%2Fwp%2Fv2%2Fproduct_cat&post=130091"},{"taxonomy":"product_tag","embeddable":true,"href":"https:\/\/www.hediyepazar.com\/index.php?rest_route=%2Fwp%2Fv2%2Fproduct_tag&post=130091"}],"curies":[{"name":"wp","href":"https:\/\/api.w.org\/{rel}","templated":true}]}}