{"id":130093,"date":"2026-05-07T07:10:19","date_gmt":"2026-05-07T10:10:19","guid":{"rendered":"https:\/\/www.hediyepazar.com\/?product=mavi-ruya-gecesi-cicekli-askili-mini-gecelik-micro-kumas"},"modified":"2026-05-07T07:10:19","modified_gmt":"2026-05-07T10:10:19","slug":"mavi-ruya-gecesi-cicekli-askili-mini-gecelik-micro-kumas","status":"publish","type":"product","link":"https:\/\/www.hediyepazar.com\/?product=mavi-ruya-gecesi-cicekli-askili-mini-gecelik-micro-kumas","title":{"rendered":"Mavi R\u00fcya Gecesi \u00c7i\u00e7ekli Ask\u0131l\u0131 Mini Gecelik \u2013 Micro Kuma\u015f"},"content":{"rendered":"<p>Mavi R\u00fcya Gecesi \u00c7i\u00e7ekli Ask\u0131l\u0131 Mini Gecelik, rahatl\u0131\u011f\u0131n\u0131za ve \u015f\u0131kl\u0131\u011f\u0131n\u0131za \u015f\u0131kl\u0131k katacak! Mikro kuma\u015f\u0131n yumu\u015fac\u0131k dokusu, cildinize nazik\u00e7e temas ederek konforlu bir gece uyku deneyimi sunar. \u00c7i\u00e7ekli deseni ve mavi rengi ile romantik bir hava yaratan bu gecelik, hem evde hem de \u00f6zel g\u00fcnlerinizde \u015f\u0131kl\u0131\u011f\u0131n\u0131z\u0131 \u00f6n plana \u00e7\u0131kar\u0131r.<br \/>\nBeden Se\u00e7enekleri: S, M, L, XL, 2XL, 3XL<br \/>\n\u00d6zellikler:Y\u00fcksek kaliteli mikro kuma\u015f ile \u00fcretilmi\u015ftir.Ask\u0131l\u0131 tasar\u0131m\u0131 ile rahatl\u0131k ve \u015f\u0131kl\u0131\u011f\u0131 bir arada sunar.Mavi rengi ve \u00e7i\u00e7ekli deseni ile romantik bir g\u00f6r\u00fcn\u00fcm kazand\u0131r\u0131r.Hijyen etiketi ge\u00e7erlidir.Y\u0131kama Talimat\u0131: Maksimum 30\u00b0C s\u0131cakl\u0131kta y\u0131kay\u0131n\u0131z.<\/p>\n<p>  Mavi R\u00fcya Gecesi \u00c7i\u00e7ekli Ask\u0131l\u0131 Mini Gecelik ile gecelerinizi daha \u00f6zel ve konforlu hale getirmenin zaman\u0131 geldi! Bu \u015f\u0131k geceli\u011fi koleksiyonunuza ekleyin.<\/p>\n","protected":false},"excerpt":{"rendered":"<p>Mavi R\u00fcya Gecesi \u00c7i\u00e7ekli Ask\u0131l\u0131 Mini Gecelik, rahatl\u0131\u011f\u0131n\u0131za ve \u015f\u0131kl\u0131\u011f\u0131n\u0131za \u015f\u0131kl\u0131k katacak! Mikro kuma\u015f\u0131n yumu\u015fac\u0131k dokusu, cildinize nazik\u00e7e temas ederek konforlu bir gece uyku deneyimi sunar. \u00c7i\u00e7ekli deseni ve mavi rengi ile romantik bir hava yaratan bu gecelik, hem evde hem de \u00f6zel g\u00fcnlerinizde \u015f\u0131kl\u0131\u011f\u0131n\u0131z\u0131 \u00f6n plana \u00e7\u0131kar\u0131r. Beden Se\u00e7enekleri: S, M, L, XL, 2XL,&#8230;<\/p>\n","protected":false},"featured_media":130092,"comment_status":"open","ping_status":"closed","template":"","meta":{"_kad_post_transparent":"","_kad_post_title":"","_kad_post_layout":"","_kad_post_sidebar_id":"","_kad_post_content_style":"","_kad_post_vertical_padding":"","_kad_post_feature":"","_kad_post_feature_position":"","_kad_post_header":false,"_kad_post_footer":false,"_kad_post_classname":""},"product_brand":[],"product_cat":[15167],"product_tag":[],"class_list":{"0":"post-130093","1":"product","2":"type-product","3":"status-publish","4":"has-post-thumbnail","6":"product_cat-fantezi-gecelik-fantezi-gecelik","8":"first","9":"instock","10":"purchasable","11":"product-type-simple","12":"entry","13":"content-bg","14":"loop-entry"},"_links":{"self":[{"href":"https:\/\/www.hediyepazar.com\/index.php?rest_route=\/wp\/v2\/product\/130093","targetHints":{"allow":["GET"]}}],"collection":[{"href":"https:\/\/www.hediyepazar.com\/index.php?rest_route=\/wp\/v2\/product"}],"about":[{"href":"https:\/\/www.hediyepazar.com\/index.php?rest_route=\/wp\/v2\/types\/product"}],"replies":[{"embeddable":true,"href":"https:\/\/www.hediyepazar.com\/index.php?rest_route=%2Fwp%2Fv2%2Fcomments&post=130093"}],"wp:featuredmedia":[{"embeddable":true,"href":"https:\/\/www.hediyepazar.com\/index.php?rest_route=\/wp\/v2\/media\/130092"}],"wp:attachment":[{"href":"https:\/\/www.hediyepazar.com\/index.php?rest_route=%2Fwp%2Fv2%2Fmedia&parent=130093"}],"wp:term":[{"taxonomy":"product_brand","embeddable":true,"href":"https:\/\/www.hediyepazar.com\/index.php?rest_route=%2Fwp%2Fv2%2Fproduct_brand&post=130093"},{"taxonomy":"product_cat","embeddable":true,"href":"https:\/\/www.hediyepazar.com\/index.php?rest_route=%2Fwp%2Fv2%2Fproduct_cat&post=130093"},{"taxonomy":"product_tag","embeddable":true,"href":"https:\/\/www.hediyepazar.com\/index.php?rest_route=%2Fwp%2Fv2%2Fproduct_tag&post=130093"}],"curies":[{"name":"wp","href":"https:\/\/api.w.org\/{rel}","templated":true}]}}