{"id":130105,"date":"2026-05-07T07:13:26","date_gmt":"2026-05-07T10:13:26","guid":{"rendered":"https:\/\/www.hediyepazar.com\/?product=sik-ekose-liseli-kostum-derin-dekolteli-babydoll-etek-seti"},"modified":"2026-05-07T07:15:59","modified_gmt":"2026-05-07T10:15:59","slug":"sik-ekose-liseli-kostum-derin-dekolteli-babydoll-etek-seti","status":"publish","type":"product","link":"https:\/\/www.hediyepazar.com\/?product=sik-ekose-liseli-kostum-derin-dekolteli-babydoll-etek-seti","title":{"rendered":"\u015e\u0131k Ekose Liseli Kost\u00fcm &#8211; Derin Dekolteli Babydoll &#038; Etek Seti"},"content":{"rendered":"<p>\u015e\u0131k Ekose Liseli Kost\u00fcm &#8211; Derin Dekolteli Babydoll &amp; Etek SetiBu sezonun g\u00f6zde tasar\u0131m\u0131yla dikkatleri \u00fczerine \u00e7ekmeye haz\u0131r m\u0131s\u0131n\u0131z? \u015e\u0131k Ekose Liseli Kost\u00fcm, geni\u015f ekose deseni ve derin dekolte g\u00f6\u011f\u00fcs detay\u0131yla hem \u015f\u0131kl\u0131\u011f\u0131 hem de gen\u00e7li\u011fi yans\u0131t\u0131yor. Bu set, iki par\u00e7adan olu\u015fuyor: derin dekolte g\u00f6\u011f\u00fcs tasar\u0131m\u0131na sahip Babydoll ve ekose desenli etek. Liseli kost\u00fcm\u00fcyle hem okul partilerinde hem de g\u00fcnl\u00fck kullan\u0131mda tarz\u0131n\u0131z\u0131 ortaya koyacaks\u0131n\u0131z.Bu kost\u00fcm seti, S\/M, L\/XL ve 2XL\/3XL beden se\u00e7enekleriyle geni\u015f bir kullan\u0131c\u0131 kitlesine hitap ediyor. %90 Polyester ve %10 Elastan kar\u0131\u015f\u0131m\u0131 malzeme, hem konforlu bir giyim deneyimi sunuyor hem de uzun s\u00fcreli kullan\u0131m\u0131 destekliyor. \u015e\u0131k ve gen\u00e7 tasar\u0131m\u0131yla bu kost\u00fcm seti, her g\u00fcn tarz\u0131n\u0131z\u0131 tamamlayacak!Farkl\u0131 renk se\u00e7enekleri ve kaliteli malzemesiyle Ekose Liseli Kost\u00fcm Seti, gard\u0131robunuzda yer almay\u0131 hak ediyor. \u015eimdi bu benzersiz tasar\u0131m\u0131 evinize getirin ve tarz\u0131n\u0131z\u0131 \u00f6ne \u00e7\u0131kar\u0131n!<\/p>\n","protected":false},"excerpt":{"rendered":"<p>\u015e\u0131k Ekose Liseli Kost\u00fcm &#8211; Derin Dekolteli Babydoll &amp; Etek SetiBu sezonun g\u00f6zde tasar\u0131m\u0131yla dikkatleri \u00fczerine \u00e7ekmeye haz\u0131r m\u0131s\u0131n\u0131z? \u015e\u0131k Ekose Liseli Kost\u00fcm, geni\u015f ekose deseni ve derin dekolte g\u00f6\u011f\u00fcs detay\u0131yla hem \u015f\u0131kl\u0131\u011f\u0131 hem de gen\u00e7li\u011fi yans\u0131t\u0131yor. Bu set, iki par\u00e7adan olu\u015fuyor: derin dekolte g\u00f6\u011f\u00fcs tasar\u0131m\u0131na sahip Babydoll ve ekose desenli etek. Liseli kost\u00fcm\u00fcyle hem&#8230;<\/p>\n","protected":false},"featured_media":130104,"comment_status":"open","ping_status":"closed","template":"","meta":{"_kad_post_transparent":"","_kad_post_title":"","_kad_post_layout":"","_kad_post_sidebar_id":"","_kad_post_content_style":"","_kad_post_vertical_padding":"","_kad_post_feature":"","_kad_post_feature_position":"","_kad_post_header":false,"_kad_post_footer":false,"_kad_post_classname":""},"product_brand":[],"product_cat":[15173],"product_tag":[],"class_list":{"0":"post-130105","1":"product","2":"type-product","3":"status-publish","4":"has-post-thumbnail","6":"product_cat-fantezi-kostum-fantezi-kostum","8":"first","9":"instock","10":"purchasable","11":"product-type-simple","12":"entry","13":"content-bg","14":"loop-entry"},"_links":{"self":[{"href":"https:\/\/www.hediyepazar.com\/index.php?rest_route=\/wp\/v2\/product\/130105","targetHints":{"allow":["GET"]}}],"collection":[{"href":"https:\/\/www.hediyepazar.com\/index.php?rest_route=\/wp\/v2\/product"}],"about":[{"href":"https:\/\/www.hediyepazar.com\/index.php?rest_route=\/wp\/v2\/types\/product"}],"replies":[{"embeddable":true,"href":"https:\/\/www.hediyepazar.com\/index.php?rest_route=%2Fwp%2Fv2%2Fcomments&post=130105"}],"wp:featuredmedia":[{"embeddable":true,"href":"https:\/\/www.hediyepazar.com\/index.php?rest_route=\/wp\/v2\/media\/130104"}],"wp:attachment":[{"href":"https:\/\/www.hediyepazar.com\/index.php?rest_route=%2Fwp%2Fv2%2Fmedia&parent=130105"}],"wp:term":[{"taxonomy":"product_brand","embeddable":true,"href":"https:\/\/www.hediyepazar.com\/index.php?rest_route=%2Fwp%2Fv2%2Fproduct_brand&post=130105"},{"taxonomy":"product_cat","embeddable":true,"href":"https:\/\/www.hediyepazar.com\/index.php?rest_route=%2Fwp%2Fv2%2Fproduct_cat&post=130105"},{"taxonomy":"product_tag","embeddable":true,"href":"https:\/\/www.hediyepazar.com\/index.php?rest_route=%2Fwp%2Fv2%2Fproduct_tag&post=130105"}],"curies":[{"name":"wp","href":"https:\/\/api.w.org\/{rel}","templated":true}]}}