{"id":130107,"date":"2026-05-07T07:13:37","date_gmt":"2026-05-07T10:13:37","guid":{"rendered":"https:\/\/www.hediyepazar.com\/?product=parlak-kirmizi-seksi-lame-fantazi-elbise"},"modified":"2026-05-07T07:16:05","modified_gmt":"2026-05-07T10:16:05","slug":"parlak-kirmizi-seksi-lame-fantazi-elbise","status":"publish","type":"product","link":"https:\/\/www.hediyepazar.com\/?product=parlak-kirmizi-seksi-lame-fantazi-elbise","title":{"rendered":"Parlak K\u0131rm\u0131z\u0131 Seksi Lame Fantazi Elbise"},"content":{"rendered":"<p>\n<p>Parlak K\u0131rm\u0131z\u0131 Seksi Lame Fantazi Elbise ile unutulmaz ve b\u00fcy\u00fcleyici bir g\u00f6r\u00fcn\u00fcm yakalay\u0131n! Bu \u00f6zel tasar\u0131m, \u00f6zel geceleriniz i\u00e7in m\u00fckemmel bir se\u00e7im. K\u0131rm\u0131z\u0131 renk, tutku ve \u00e7ekicilik vurgular\u0131n\u0131z\u0131 \u00f6ne \u00e7\u0131kar\u0131rken, lame kuma\u015f\u0131 ile par\u0131ldayan detaylar sizi odak noktas\u0131 yapacak.<\/p>\n<p>  Elbise, %90 Polyester ve %10 Elastan kar\u0131\u015f\u0131m\u0131ndan \u00fcretilmi\u015ftir. Bu malzeme kombinasyonu, hem rahatl\u0131k hem de esneklik sunar. \u00dcr\u00fcn\u00fcn\u00fcz\u00fcn uzun \u00f6m\u00fcrl\u00fc olmas\u0131n\u0131 sa\u011flamak i\u00e7in, maksimum 30 derece suda ve elde y\u0131kama \u00f6nerilir. Asarak kurutma y\u00f6ntemi ile kuma\u015f\u0131n \u015feklini ve parlakl\u0131\u011f\u0131n\u0131 koruyabilirsiniz.<br \/>\nTek par\u00e7adan olu\u015fan bu elbise, deri g\u00f6r\u00fcn\u00fcml\u00fc lame kuma\u015f\u0131 ile dikkat \u00e7ekici bir stil sunar. Her detay\u0131yla k\u0131\u015fk\u0131rt\u0131c\u0131 bir g\u00f6r\u00fcn\u00fcme sahip olan bu model, \u00f6zel davetlerinizde veya romantik ak\u015famlarda size benzersiz bir hava katacakt\u0131r.<\/p>\n<p>  Gizlili\u011finize \u00f6nem veriyoruz! \u00dcr\u00fcn, gizli paketleme ile haz\u0131rlanmaktad\u0131r. Kargo \u00fczerinde \u00fcr\u00fcn ad\u0131 ve i\u00e7eri\u011fi kesinlikle yazmaz, b\u00f6ylece al\u0131\u015fveri\u015finiz tamamen gizli kal\u0131r.<\/p>\n<p>  Parlak K\u0131rm\u0131z\u0131 Seksi Lame Fantazi Elbise ile kendinizi \u00f6zel hissedecek ve her bak\u0131\u015f\u0131n \u00fczerinizde olmas\u0131n\u0131 sa\u011flayacaks\u0131n\u0131z.&nbsp;<\/p><\/p>\n","protected":false},"excerpt":{"rendered":"<p>Parlak K\u0131rm\u0131z\u0131 Seksi Lame Fantazi Elbise ile unutulmaz ve b\u00fcy\u00fcleyici bir g\u00f6r\u00fcn\u00fcm yakalay\u0131n! Bu \u00f6zel tasar\u0131m, \u00f6zel geceleriniz i\u00e7in m\u00fckemmel bir se\u00e7im. K\u0131rm\u0131z\u0131 renk, tutku ve \u00e7ekicilik vurgular\u0131n\u0131z\u0131 \u00f6ne \u00e7\u0131kar\u0131rken, lame kuma\u015f\u0131 ile par\u0131ldayan detaylar sizi odak noktas\u0131 yapacak. Elbise, %90 Polyester ve %10 Elastan kar\u0131\u015f\u0131m\u0131ndan \u00fcretilmi\u015ftir. Bu malzeme kombinasyonu, hem rahatl\u0131k hem de esneklik&#8230;<\/p>\n","protected":false},"featured_media":130106,"comment_status":"open","ping_status":"closed","template":"","meta":{"_kad_post_transparent":"","_kad_post_title":"","_kad_post_layout":"","_kad_post_sidebar_id":"","_kad_post_content_style":"","_kad_post_vertical_padding":"","_kad_post_feature":"","_kad_post_feature_position":"","_kad_post_header":false,"_kad_post_footer":false,"_kad_post_classname":""},"product_brand":[],"product_cat":[15109],"product_tag":[],"class_list":{"0":"post-130107","1":"product","2":"type-product","3":"status-publish","4":"has-post-thumbnail","6":"product_cat-fantazi-elbise-fantazi-ic-giyim-fantazi-elbise","8":"first","9":"instock","10":"purchasable","11":"product-type-simple","12":"entry","13":"content-bg","14":"loop-entry"},"_links":{"self":[{"href":"https:\/\/www.hediyepazar.com\/index.php?rest_route=\/wp\/v2\/product\/130107","targetHints":{"allow":["GET"]}}],"collection":[{"href":"https:\/\/www.hediyepazar.com\/index.php?rest_route=\/wp\/v2\/product"}],"about":[{"href":"https:\/\/www.hediyepazar.com\/index.php?rest_route=\/wp\/v2\/types\/product"}],"replies":[{"embeddable":true,"href":"https:\/\/www.hediyepazar.com\/index.php?rest_route=%2Fwp%2Fv2%2Fcomments&post=130107"}],"wp:featuredmedia":[{"embeddable":true,"href":"https:\/\/www.hediyepazar.com\/index.php?rest_route=\/wp\/v2\/media\/130106"}],"wp:attachment":[{"href":"https:\/\/www.hediyepazar.com\/index.php?rest_route=%2Fwp%2Fv2%2Fmedia&parent=130107"}],"wp:term":[{"taxonomy":"product_brand","embeddable":true,"href":"https:\/\/www.hediyepazar.com\/index.php?rest_route=%2Fwp%2Fv2%2Fproduct_brand&post=130107"},{"taxonomy":"product_cat","embeddable":true,"href":"https:\/\/www.hediyepazar.com\/index.php?rest_route=%2Fwp%2Fv2%2Fproduct_cat&post=130107"},{"taxonomy":"product_tag","embeddable":true,"href":"https:\/\/www.hediyepazar.com\/index.php?rest_route=%2Fwp%2Fv2%2Fproduct_tag&post=130107"}],"curies":[{"name":"wp","href":"https:\/\/api.w.org\/{rel}","templated":true}]}}