{"id":130304,"date":"2026-05-07T07:42:05","date_gmt":"2026-05-07T10:42:05","guid":{"rendered":"https:\/\/www.hediyepazar.com\/?product=elektrikli-sinek-oldurucu-lamba-uv-led-teknolojili-sessiz-ve-etkili"},"modified":"2026-05-07T07:42:05","modified_gmt":"2026-05-07T10:42:05","slug":"elektrikli-sinek-oldurucu-lamba-uv-led-teknolojili-sessiz-ve-etkili","status":"publish","type":"product","link":"https:\/\/www.hediyepazar.com\/?product=elektrikli-sinek-oldurucu-lamba-uv-led-teknolojili-sessiz-ve-etkili","title":{"rendered":"Elektrikli Sinek \u00d6ld\u00fcr\u00fcc\u00fc Lamba UV LED Teknolojili Sessiz ve Etkili"},"content":{"rendered":"<p>Elektrikli sinek \u00f6ld\u00fcr\u00fcc\u00fc lamba, UV LED teknolojisi ile sinekleri kendine \u00e7ekerek etkili bir \u015fekilde yok eder. Kimyasal i\u00e7ermeyen yap\u0131s\u0131 sayesinde sa\u011fl\u0131kl\u0131 ve g\u00fcvenli bir kullan\u0131m sunar.G\u00fc\u00e7l\u00fc elektrikli \u0131zgara sistemi sayesinde sinekler an\u0131nda etkisiz hale getirilir. Bu sayede ortamda hijyen sa\u011flan\u0131r. \u00d6zellikle yaz aylar\u0131nda sinek problemini ortadan kald\u0131rmak i\u00e7in ideal bir \u00e7\u00f6z\u00fcmd\u00fcr.Sessiz \u00e7al\u0131\u015fma \u00f6zelli\u011fi ile gece boyunca rahats\u0131zl\u0131k vermez. Uyku kalitesini korur. LED \u0131\u015f\u0131\u011f\u0131n sa\u011flad\u0131\u011f\u0131 lo\u015f ayd\u0131nlatma ortamda ho\u015f bir atmosfer olu\u015fturur.G\u00fcvenlik a\u00e7\u0131s\u0131ndan koruyucu kafes ile tasarlanm\u0131\u015ft\u0131r. Elektrikli b\u00f6l\u00fcme temas engellenir. \u00c7\u0131kar\u0131labilir hazne temizlik i\u015flemini kolayla\u015ft\u0131r\u0131r.Enerji tasarruflu yap\u0131s\u0131 sayesinde ekonomik kullan\u0131m sa\u011flar. Sa\u011fl\u0131kl\u0131 ve etkili bir sinek \u00e7\u00f6z\u00fcm\u00fc sunar.<\/p>\n","protected":false},"excerpt":{"rendered":"<p>Elektrikli sinek \u00f6ld\u00fcr\u00fcc\u00fc lamba, UV LED teknolojisi ile sinekleri kendine \u00e7ekerek etkili bir \u015fekilde yok eder. Kimyasal i\u00e7ermeyen yap\u0131s\u0131 sayesinde sa\u011fl\u0131kl\u0131 ve g\u00fcvenli bir kullan\u0131m sunar.G\u00fc\u00e7l\u00fc elektrikli \u0131zgara sistemi sayesinde sinekler an\u0131nda etkisiz hale getirilir. Bu sayede ortamda hijyen sa\u011flan\u0131r. \u00d6zellikle yaz aylar\u0131nda sinek problemini ortadan kald\u0131rmak i\u00e7in ideal bir \u00e7\u00f6z\u00fcmd\u00fcr.Sessiz \u00e7al\u0131\u015fma \u00f6zelli\u011fi ile gece&#8230;<\/p>\n","protected":false},"featured_media":130303,"comment_status":"open","ping_status":"closed","template":"","meta":{"_kad_post_transparent":"","_kad_post_title":"","_kad_post_layout":"","_kad_post_sidebar_id":"","_kad_post_content_style":"","_kad_post_vertical_padding":"","_kad_post_feature":"","_kad_post_feature_position":"","_kad_post_header":false,"_kad_post_footer":false,"_kad_post_classname":""},"product_brand":[],"product_cat":[15078],"product_tag":[],"class_list":{"0":"post-130304","1":"product","2":"type-product","3":"status-publish","4":"has-post-thumbnail","6":"product_cat-hasere-kovucular-hasere-kovucular","8":"first","9":"instock","10":"purchasable","11":"product-type-simple","12":"entry","13":"content-bg","14":"loop-entry"},"_links":{"self":[{"href":"https:\/\/www.hediyepazar.com\/index.php?rest_route=\/wp\/v2\/product\/130304","targetHints":{"allow":["GET"]}}],"collection":[{"href":"https:\/\/www.hediyepazar.com\/index.php?rest_route=\/wp\/v2\/product"}],"about":[{"href":"https:\/\/www.hediyepazar.com\/index.php?rest_route=\/wp\/v2\/types\/product"}],"replies":[{"embeddable":true,"href":"https:\/\/www.hediyepazar.com\/index.php?rest_route=%2Fwp%2Fv2%2Fcomments&post=130304"}],"wp:featuredmedia":[{"embeddable":true,"href":"https:\/\/www.hediyepazar.com\/index.php?rest_route=\/wp\/v2\/media\/130303"}],"wp:attachment":[{"href":"https:\/\/www.hediyepazar.com\/index.php?rest_route=%2Fwp%2Fv2%2Fmedia&parent=130304"}],"wp:term":[{"taxonomy":"product_brand","embeddable":true,"href":"https:\/\/www.hediyepazar.com\/index.php?rest_route=%2Fwp%2Fv2%2Fproduct_brand&post=130304"},{"taxonomy":"product_cat","embeddable":true,"href":"https:\/\/www.hediyepazar.com\/index.php?rest_route=%2Fwp%2Fv2%2Fproduct_cat&post=130304"},{"taxonomy":"product_tag","embeddable":true,"href":"https:\/\/www.hediyepazar.com\/index.php?rest_route=%2Fwp%2Fv2%2Fproduct_tag&post=130304"}],"curies":[{"name":"wp","href":"https:\/\/api.w.org\/{rel}","templated":true}]}}