{"id":130324,"date":"2026-05-07T07:44:15","date_gmt":"2026-05-07T10:44:15","guid":{"rendered":"https:\/\/www.hediyepazar.com\/?product=siyah-dantelli-ozel-bolgesi-acik-fantazi-body"},"modified":"2026-05-07T07:44:15","modified_gmt":"2026-05-07T10:44:15","slug":"siyah-dantelli-ozel-bolgesi-acik-fantazi-body","status":"publish","type":"product","link":"https:\/\/www.hediyepazar.com\/?product=siyah-dantelli-ozel-bolgesi-acik-fantazi-body","title":{"rendered":"Siyah Dantelli \u00d6zel B\u00f6lgesi A\u00e7\u0131k Fantazi Body"},"content":{"rendered":"<p>Siyah Dantelli \u00d6zel B\u00f6lgesi A\u00e7\u0131k Fantazi Body ile giderek artan ra\u011fbeti yakalay\u0131n!&nbsp;Bir par\u00e7a body tasar\u0131m\u0131 ile konforu ve \u015f\u0131kl\u0131\u011f\u0131 m\u00fckemmel bir \u015fekilde birle\u015ftiren e\u015fsiz bir \u00fcr\u00fcnd\u00fcr.<\/p>\n<p>    Bu siyah dantelli body, \u00f6zel b\u00f6lgesi a\u00e7\u0131k fantazi tasar\u0131m\u0131 ile hem g\u00fcnl\u00fck hem de \u00f6zel g\u00fcnlerinizde size benzersiz bir stil kazand\u0131r\u0131r. Hassas dantel detaylar\u0131 ve \u015f\u0131k siyah rengi ile g\u00f6z al\u0131c\u0131 bir g\u00f6r\u00fcn\u00fcm sunarken, rahat kuma\u015f\u0131 ile uzun s\u00fcreli kullan\u0131m konforu sa\u011flar.<br \/>\nHijyenik etiketi ge\u00e7erlidir ve \u00fcr\u00fcn kalitesi garantilidir. Kendi \u00f6zel g\u00fcnlerinizde veya sevdiklerinize hediye etmek i\u00e7in m\u00fckemmel bir se\u00e7enektir. \u015eimdi sipari\u015f vermek i\u00e7in hemen t\u0131klay\u0131n ve bu e\u015fsiz body ile stillinizi tamamlay\u0131n!<br \/>\n\u00d6ne \u00c7\u0131kan \u00d6zellikler:\u015e\u0131k ve zarif siyah rengiDantel detaylar\u0131 ile g\u00f6z al\u0131c\u0131 tasar\u0131m\u00d6zel b\u00f6lgesi a\u00e7\u0131k fantazi modelBir par\u00e7a body konforuHijyenik etiket<\/p>\n","protected":false},"excerpt":{"rendered":"<p>Siyah Dantelli \u00d6zel B\u00f6lgesi A\u00e7\u0131k Fantazi Body ile giderek artan ra\u011fbeti yakalay\u0131n!&nbsp;Bir par\u00e7a body tasar\u0131m\u0131 ile konforu ve \u015f\u0131kl\u0131\u011f\u0131 m\u00fckemmel bir \u015fekilde birle\u015ftiren e\u015fsiz bir \u00fcr\u00fcnd\u00fcr. Bu siyah dantelli body, \u00f6zel b\u00f6lgesi a\u00e7\u0131k fantazi tasar\u0131m\u0131 ile hem g\u00fcnl\u00fck hem de \u00f6zel g\u00fcnlerinizde size benzersiz bir stil kazand\u0131r\u0131r. Hassas dantel detaylar\u0131 ve \u015f\u0131k siyah rengi ile&#8230;<\/p>\n","protected":false},"featured_media":130323,"comment_status":"open","ping_status":"closed","template":"","meta":{"_kad_post_transparent":"","_kad_post_title":"","_kad_post_layout":"","_kad_post_sidebar_id":"","_kad_post_content_style":"","_kad_post_vertical_padding":"","_kad_post_feature":"","_kad_post_feature_position":"","_kad_post_header":false,"_kad_post_footer":false,"_kad_post_classname":""},"product_brand":[],"product_cat":[15167],"product_tag":[],"class_list":{"0":"post-130324","1":"product","2":"type-product","3":"status-publish","4":"has-post-thumbnail","6":"product_cat-fantezi-gecelik-fantezi-gecelik","8":"first","9":"instock","10":"purchasable","11":"product-type-simple","12":"entry","13":"content-bg","14":"loop-entry"},"_links":{"self":[{"href":"https:\/\/www.hediyepazar.com\/index.php?rest_route=\/wp\/v2\/product\/130324","targetHints":{"allow":["GET"]}}],"collection":[{"href":"https:\/\/www.hediyepazar.com\/index.php?rest_route=\/wp\/v2\/product"}],"about":[{"href":"https:\/\/www.hediyepazar.com\/index.php?rest_route=\/wp\/v2\/types\/product"}],"replies":[{"embeddable":true,"href":"https:\/\/www.hediyepazar.com\/index.php?rest_route=%2Fwp%2Fv2%2Fcomments&post=130324"}],"wp:featuredmedia":[{"embeddable":true,"href":"https:\/\/www.hediyepazar.com\/index.php?rest_route=\/wp\/v2\/media\/130323"}],"wp:attachment":[{"href":"https:\/\/www.hediyepazar.com\/index.php?rest_route=%2Fwp%2Fv2%2Fmedia&parent=130324"}],"wp:term":[{"taxonomy":"product_brand","embeddable":true,"href":"https:\/\/www.hediyepazar.com\/index.php?rest_route=%2Fwp%2Fv2%2Fproduct_brand&post=130324"},{"taxonomy":"product_cat","embeddable":true,"href":"https:\/\/www.hediyepazar.com\/index.php?rest_route=%2Fwp%2Fv2%2Fproduct_cat&post=130324"},{"taxonomy":"product_tag","embeddable":true,"href":"https:\/\/www.hediyepazar.com\/index.php?rest_route=%2Fwp%2Fv2%2Fproduct_tag&post=130324"}],"curies":[{"name":"wp","href":"https:\/\/api.w.org\/{rel}","templated":true}]}}