{"id":130336,"date":"2026-05-07T07:46:16","date_gmt":"2026-05-07T10:46:16","guid":{"rendered":"https:\/\/www.hediyepazar.com\/?product=siyah-zebra-desenli-dantelli-gecelik-seti"},"modified":"2026-05-07T07:46:16","modified_gmt":"2026-05-07T10:46:16","slug":"siyah-zebra-desenli-dantelli-gecelik-seti","status":"publish","type":"product","link":"https:\/\/www.hediyepazar.com\/?product=siyah-zebra-desenli-dantelli-gecelik-seti","title":{"rendered":"Siyah Zebra Desenli Dantelli Gecelik Seti"},"content":{"rendered":"<p>\u015e\u0131kl\u0131\u011f\u0131 ve Konforu Bir Arada Sunan Siyah Zebra Desenli Dantelli Gecelik SetiZarafetin ve \u015f\u0131kl\u0131\u011f\u0131n bulu\u015ftu\u011fu bu \u00f6zel gecelik seti ile gecelerinizi daha \u00f6zel hale getirin. Siyah zemin \u00fczerine zebra desenleriyle bezenmi\u015f bu dantelli gecelik seti, hem g\u00f6z al\u0131c\u0131 hem de son derece konforlu.<br \/>\nPaket \u0130\u00e7eri\u011fi:1 adet dantelli gecelik1 adet slipBeden Se\u00e7enekleri: S\/M, L\/XL, 2XL\/3XL<br \/>\n\u00dcr\u00fcn \u00d6zellikleri:%100 polyester malzemeden \u00fcretilmi\u015ftir.Y\u00fcksek kaliteli dantel i\u015f\u00e7ili\u011fi ile \u00f6ne \u00e7\u0131kar.Zebra desenleriyle modern ve \u015f\u0131k bir g\u00f6r\u00fcn\u00fcm sunar.Sat\u0131n almadan \u00f6nce beden se\u00e7iminizi dikkatlice yap\u0131n\u0131z.<\/p>\n<p>    \u00d6zel geceleriniz i\u00e7in m\u00fckemmel bir se\u00e7enek olan Siyah Zebra Desenli Dantelli Gecelik Seti&#8217;ni ka\u00e7\u0131rmay\u0131n!&nbsp;<\/p>\n","protected":false},"excerpt":{"rendered":"<p>\u015e\u0131kl\u0131\u011f\u0131 ve Konforu Bir Arada Sunan Siyah Zebra Desenli Dantelli Gecelik SetiZarafetin ve \u015f\u0131kl\u0131\u011f\u0131n bulu\u015ftu\u011fu bu \u00f6zel gecelik seti ile gecelerinizi daha \u00f6zel hale getirin. Siyah zemin \u00fczerine zebra desenleriyle bezenmi\u015f bu dantelli gecelik seti, hem g\u00f6z al\u0131c\u0131 hem de son derece konforlu. Paket \u0130\u00e7eri\u011fi:1 adet dantelli gecelik1 adet slipBeden Se\u00e7enekleri: S\/M, L\/XL, 2XL\/3XL \u00dcr\u00fcn&#8230;<\/p>\n","protected":false},"featured_media":130335,"comment_status":"open","ping_status":"closed","template":"","meta":{"_kad_post_transparent":"","_kad_post_title":"","_kad_post_layout":"","_kad_post_sidebar_id":"","_kad_post_content_style":"","_kad_post_vertical_padding":"","_kad_post_feature":"","_kad_post_feature_position":"","_kad_post_header":false,"_kad_post_footer":false,"_kad_post_classname":""},"product_brand":[],"product_cat":[15167],"product_tag":[],"class_list":{"0":"post-130336","1":"product","2":"type-product","3":"status-publish","4":"has-post-thumbnail","6":"product_cat-fantezi-gecelik-fantezi-gecelik","8":"first","9":"instock","10":"purchasable","11":"product-type-simple","12":"entry","13":"content-bg","14":"loop-entry"},"_links":{"self":[{"href":"https:\/\/www.hediyepazar.com\/index.php?rest_route=\/wp\/v2\/product\/130336","targetHints":{"allow":["GET"]}}],"collection":[{"href":"https:\/\/www.hediyepazar.com\/index.php?rest_route=\/wp\/v2\/product"}],"about":[{"href":"https:\/\/www.hediyepazar.com\/index.php?rest_route=\/wp\/v2\/types\/product"}],"replies":[{"embeddable":true,"href":"https:\/\/www.hediyepazar.com\/index.php?rest_route=%2Fwp%2Fv2%2Fcomments&post=130336"}],"wp:featuredmedia":[{"embeddable":true,"href":"https:\/\/www.hediyepazar.com\/index.php?rest_route=\/wp\/v2\/media\/130335"}],"wp:attachment":[{"href":"https:\/\/www.hediyepazar.com\/index.php?rest_route=%2Fwp%2Fv2%2Fmedia&parent=130336"}],"wp:term":[{"taxonomy":"product_brand","embeddable":true,"href":"https:\/\/www.hediyepazar.com\/index.php?rest_route=%2Fwp%2Fv2%2Fproduct_brand&post=130336"},{"taxonomy":"product_cat","embeddable":true,"href":"https:\/\/www.hediyepazar.com\/index.php?rest_route=%2Fwp%2Fv2%2Fproduct_cat&post=130336"},{"taxonomy":"product_tag","embeddable":true,"href":"https:\/\/www.hediyepazar.com\/index.php?rest_route=%2Fwp%2Fv2%2Fproduct_tag&post=130336"}],"curies":[{"name":"wp","href":"https:\/\/api.w.org\/{rel}","templated":true}]}}